{"id":13202,"date":"2023-06-20T21:02:56","date_gmt":"2023-06-20T19:02:56","guid":{"rendered":"https:\/\/canrubi.predev.eu\/shop\/uncategorized\/alada-chardonnay-2022\/"},"modified":"2026-03-18T16:11:15","modified_gmt":"2026-03-18T15:11:15","slug":"alada-chardonnay-2022","status":"publish","type":"product","link":"https:\/\/bodegacanrubi.com\/en\/producto\/alada-chardonnay-2022\/","title":{"rendered":"ALADA WHITE CHARDONNAY 2024 75CL"},"content":{"rendered":"<h3>Alada Chardonnay:<\/h3>\n<p>&nbsp;<\/p>\n<p><strong>Variedad de Uva:<\/strong> Chardonnay. <strong>Graduaci\u00f3n:<\/strong> 12% vol. <strong>Elaboraci\u00f3n:<\/strong> Extracci\u00f3n suave del mosto mediante prensado neum\u00e1tico y posterior desfangado est\u00e1tico. Fermentaci\u00f3n en dep\u00f3sitos de acero inoxidable a temperatura controlada, despu\u00e9s de la fermentaci\u00f3n malol\u00e1ctica se deja reposar hasta su m\u00e1xima clarificaci\u00f3n natural.\u2028Se embotella en sus primeros meses para mantener los aromas que caracterizan este vino joven, afrutado y fresco. <strong>Nota de cata:<\/strong> Color amarillo p\u00e1lido con reflejos verdosos, n\u00edtidos y brillantes. Aromas intensamente afrutados que nos recuerdan a frutas blancas como manzana verde, pera y pi\u00f1a con matices finos de especias. En boca es afrutado pero seco y equilibrado con un paso intenso y goloso. Sensaci\u00f3n final persistente de frescura y juventud con notas de c\u00edtricos. <strong>Maridaje:<\/strong> Este vino es perfecto para acompa\u00f1ar pastas, ensaladas, carnes blancas, pescados, mariscos y quesos. <strong>Recomendaciones de servicio:<\/strong> Se aconseja servir entre 6 y 8 \u00baC.      <\/p>\n","protected":false},"excerpt":{"rendered":"<h3>Alada Chardonnay:<\/h3>\n<p>&nbsp;<\/p>\n<p><strong>Variedad de Uva:<\/strong> Chardonnay. <strong>Graduaci\u00f3n:<\/strong> 12% vol&#8230; <\/p>\n","protected":false},"featured_media":19934,"template":"","meta":{"om_disable_all_campaigns":false,"_monsterinsights_skip_tracking":false,"_monsterinsights_sitenote_active":false,"_monsterinsights_sitenote_note":"","_monsterinsights_sitenote_category":0},"product_brand":[],"product_cat":[168,166],"product_tag":[],"class_list":{"0":"post-13202","1":"product","2":"type-product","3":"status-publish","4":"has-post-thumbnail","6":"product_cat-alada-en","7":"product_cat-vinos-en","10":"first","11":"instock","12":"taxable","13":"shipping-taxable","14":"purchasable","15":"product-type-simple"},"aioseo_notices":[],"_links":{"self":[{"href":"https:\/\/bodegacanrubi.com\/en\/wp-json\/wp\/v2\/product\/13202","targetHints":{"allow":["GET"]}}],"collection":[{"href":"https:\/\/bodegacanrubi.com\/en\/wp-json\/wp\/v2\/product"}],"about":[{"href":"https:\/\/bodegacanrubi.com\/en\/wp-json\/wp\/v2\/types\/product"}],"version-history":[{"count":2,"href":"https:\/\/bodegacanrubi.com\/en\/wp-json\/wp\/v2\/product\/13202\/revisions"}],"predecessor-version":[{"id":21835,"href":"https:\/\/bodegacanrubi.com\/en\/wp-json\/wp\/v2\/product\/13202\/revisions\/21835"}],"wp:featuredmedia":[{"embeddable":true,"href":"https:\/\/bodegacanrubi.com\/en\/wp-json\/wp\/v2\/media\/19934"}],"wp:attachment":[{"href":"https:\/\/bodegacanrubi.com\/en\/wp-json\/wp\/v2\/media?parent=13202"}],"wp:term":[{"taxonomy":"product_brand","embeddable":true,"href":"https:\/\/bodegacanrubi.com\/en\/wp-json\/wp\/v2\/product_brand?post=13202"},{"taxonomy":"product_cat","embeddable":true,"href":"https:\/\/bodegacanrubi.com\/en\/wp-json\/wp\/v2\/product_cat?post=13202"},{"taxonomy":"product_tag","embeddable":true,"href":"https:\/\/bodegacanrubi.com\/en\/wp-json\/wp\/v2\/product_tag?post=13202"}],"curies":[{"name":"wp","href":"https:\/\/api.w.org\/{rel}","templated":true}]}}