{"id":13188,"date":"2023-06-21T04:46:05","date_gmt":"2023-06-21T02:46:05","guid":{"rendered":"https:\/\/canrubi.predev.eu\/shop\/uncategorized\/la-mar-de-be-negre-cuvee-2021\/"},"modified":"2026-03-18T16:11:15","modified_gmt":"2026-03-18T15:11:15","slug":"la-mar-de-be-negre-cuvee-2021","status":"publish","type":"product","link":"https:\/\/bodegacanrubi.com\/en\/producto\/la-mar-de-be-negre-cuvee-2021\/","title":{"rendered":"LA MAR DE B\u00c9 RED CUV\u00c9E 2021 75CL"},"content":{"rendered":"<h3>La mar de b\u00e9 Cuv\u00e9e 2021:<\/h3>\n<p>&nbsp;<\/p>\n<p><strong>Variety:<\/strong> Merlot, Syrah, Manto Negro and Callet.<br \/>\n<strong>Graduation:<\/strong> 14% vol.<br \/>\n<strong>Preparation:<\/strong> The musts gently ferment in stainless steel tanks at a controlled temperature and after malolactic fermentation it is left to settle until its natural clarification.<br \/>\n<strong>Aging:<\/strong> Brief passage through French oak boots for 6 months.<br \/>\n<strong>Tasting notes:<\/strong> Very intense, deep and bright ruby \u200b\u200bcolored wine. Aromas of forest fruits, cherry, oak and spices. On the palate it is voluminous and unctuous with a sharp but refreshing acidity and a long finish with fruity and dry touches.<br \/>\n<strong>Pairing:<\/strong> Ideal to accompany all kinds of meats, pastas, sausages and cheeses.<br \/>\n<strong>Serving recommendations:<\/strong> It is advisable to serve between 15 and 18 \u00baC.<\/p>\n","protected":false},"excerpt":{"rendered":"<h3>La mar de b\u00e9 Cuv\u00e9e 2021:<\/h3>\n<p>&nbsp;<\/p>\n<p><strong>Variety:<\/strong> Merlot, Syrah, Manto Negro and Callet.<br \/>\n<strong>Graduation:<\/strong> 14% vol&#8230;<\/p>\n","protected":false},"featured_media":12078,"template":"","meta":{"om_disable_all_campaigns":false,"_monsterinsights_skip_tracking":false,"_monsterinsights_sitenote_active":false,"_monsterinsights_sitenote_note":"","_monsterinsights_sitenote_category":0},"product_brand":[],"product_cat":[165,166],"product_tag":[],"class_list":{"0":"post-13188","1":"product","2":"type-product","3":"status-publish","4":"has-post-thumbnail","6":"product_cat-la-mar-de-be-en","7":"product_cat-vinos-en","10":"first","11":"instock","12":"taxable","13":"shipping-taxable","14":"purchasable","15":"product-type-simple"},"aioseo_notices":[],"_links":{"self":[{"href":"https:\/\/bodegacanrubi.com\/en\/wp-json\/wp\/v2\/product\/13188","targetHints":{"allow":["GET"]}}],"collection":[{"href":"https:\/\/bodegacanrubi.com\/en\/wp-json\/wp\/v2\/product"}],"about":[{"href":"https:\/\/bodegacanrubi.com\/en\/wp-json\/wp\/v2\/types\/product"}],"version-history":[{"count":2,"href":"https:\/\/bodegacanrubi.com\/en\/wp-json\/wp\/v2\/product\/13188\/revisions"}],"predecessor-version":[{"id":21841,"href":"https:\/\/bodegacanrubi.com\/en\/wp-json\/wp\/v2\/product\/13188\/revisions\/21841"}],"wp:featuredmedia":[{"embeddable":true,"href":"https:\/\/bodegacanrubi.com\/en\/wp-json\/wp\/v2\/media\/12078"}],"wp:attachment":[{"href":"https:\/\/bodegacanrubi.com\/en\/wp-json\/wp\/v2\/media?parent=13188"}],"wp:term":[{"taxonomy":"product_brand","embeddable":true,"href":"https:\/\/bodegacanrubi.com\/en\/wp-json\/wp\/v2\/product_brand?post=13188"},{"taxonomy":"product_cat","embeddable":true,"href":"https:\/\/bodegacanrubi.com\/en\/wp-json\/wp\/v2\/product_cat?post=13188"},{"taxonomy":"product_tag","embeddable":true,"href":"https:\/\/bodegacanrubi.com\/en\/wp-json\/wp\/v2\/product_tag?post=13188"}],"curies":[{"name":"wp","href":"https:\/\/api.w.org\/{rel}","templated":true}]}}