{"id":13185,"date":"2023-06-21T04:50:41","date_gmt":"2023-06-21T02:50:41","guid":{"rendered":"https:\/\/canrubi.predev.eu\/shop\/uncategorized\/hierbas-rubi-dulces-70cl\/"},"modified":"2026-03-18T16:11:16","modified_gmt":"2026-03-18T15:11:16","slug":"hierbas-rubi-dulces-70cl","status":"publish","type":"product","link":"https:\/\/bodegacanrubi.com\/en\/producto\/hierbas-rubi-dulces-70cl\/","title":{"rendered":"HERBES RUB\u00cd SWEET HERBAL LIQUEUR 70CL"},"content":{"rendered":"<h3>Sweet herbs:<\/h3>\n<p>&nbsp;<\/p>\n<p><strong>Alcohol content:<\/strong> 22% vol.<br \/>\n<strong>Tasting note:<\/strong> This variety of herbs presents aromatic notes of rosemary, lemon balm and other herbs. It has a mild and sweet flavor, with herbal and citrus undertones. It is a refreshing and balanced option.<\/p>\n","protected":false},"excerpt":{"rendered":"<h3>S\u00fc\u00dfe Kr\u00e4uter:<\/h3>\n<p>&nbsp;<\/p>\n<p><strong>Alkoholgehalt:<\/strong> 22% vol&#8230;<\/p>\n","protected":false},"featured_media":12081,"template":"","meta":{"om_disable_all_campaigns":false,"_monsterinsights_skip_tracking":false,"_monsterinsights_sitenote_active":false,"_monsterinsights_sitenote_note":"","_monsterinsights_sitenote_category":0},"product_brand":[],"product_cat":[162,164],"product_tag":[],"class_list":{"0":"post-13185","1":"product","2":"type-product","3":"status-publish","4":"has-post-thumbnail","6":"product_cat-hierbas-mallorquinas-en","7":"product_cat-hierbas-dulces-en","10":"first","11":"instock","12":"taxable","13":"shipping-taxable","14":"purchasable","15":"product-type-simple"},"aioseo_notices":[],"_links":{"self":[{"href":"https:\/\/bodegacanrubi.com\/en\/wp-json\/wp\/v2\/product\/13185","targetHints":{"allow":["GET"]}}],"collection":[{"href":"https:\/\/bodegacanrubi.com\/en\/wp-json\/wp\/v2\/product"}],"about":[{"href":"https:\/\/bodegacanrubi.com\/en\/wp-json\/wp\/v2\/types\/product"}],"version-history":[{"count":3,"href":"https:\/\/bodegacanrubi.com\/en\/wp-json\/wp\/v2\/product\/13185\/revisions"}],"predecessor-version":[{"id":21842,"href":"https:\/\/bodegacanrubi.com\/en\/wp-json\/wp\/v2\/product\/13185\/revisions\/21842"}],"wp:featuredmedia":[{"embeddable":true,"href":"https:\/\/bodegacanrubi.com\/en\/wp-json\/wp\/v2\/media\/12081"}],"wp:attachment":[{"href":"https:\/\/bodegacanrubi.com\/en\/wp-json\/wp\/v2\/media?parent=13185"}],"wp:term":[{"taxonomy":"product_brand","embeddable":true,"href":"https:\/\/bodegacanrubi.com\/en\/wp-json\/wp\/v2\/product_brand?post=13185"},{"taxonomy":"product_cat","embeddable":true,"href":"https:\/\/bodegacanrubi.com\/en\/wp-json\/wp\/v2\/product_cat?post=13185"},{"taxonomy":"product_tag","embeddable":true,"href":"https:\/\/bodegacanrubi.com\/en\/wp-json\/wp\/v2\/product_tag?post=13185"}],"curies":[{"name":"wp","href":"https:\/\/api.w.org\/{rel}","templated":true}]}}