{"id":17107,"date":"2024-10-03T17:44:48","date_gmt":"2024-10-03T15:44:48","guid":{"rendered":"https:\/\/bodegacanrubi.com\/?page_id=17107"},"modified":"2024-10-03T19:08:33","modified_gmt":"2024-10-03T17:08:33","slug":"news-2","status":"publish","type":"page","link":"https:\/\/bodegacanrubi.com\/en\/news-2\/","title":{"rendered":"News"},"content":{"rendered":"\t\t<div data-elementor-type=\"wp-page\" data-elementor-id=\"17107\" class=\"elementor elementor-17107 elementor-17069\" data-elementor-post-type=\"page\">\n\t\t\t\t\t\t<section class=\"elementor-section elementor-top-section elementor-element elementor-element-c75ee0a elementor-section-boxed elementor-section-height-default elementor-section-height-default\" data-id=\"c75ee0a\" data-element_type=\"section\" data-e-type=\"section\">\n\t\t\t\t\t\t<div class=\"elementor-container elementor-column-gap-default\">\n\t\t\t\t\t<div class=\"elementor-column elementor-col-100 elementor-top-column elementor-element elementor-element-dfe0686\" data-id=\"dfe0686\" data-element_type=\"column\" data-e-type=\"column\">\n\t\t\t<div class=\"elementor-widget-wrap elementor-element-populated\">\n\t\t\t\t\t\t<div class=\"elementor-element elementor-element-3c6c1b5 elementor-widget elementor-widget-bwp_recent_post\" data-id=\"3c6c1b5\" data-element_type=\"widget\" data-e-type=\"widget\" data-widget_type=\"bwp_recent_post.default\">\n\t\t\t\t<div class=\"elementor-widget-container\">\n\t\t\t\t\t<div class=\"bwp-recent-post default\">\r\n <div class=\"block\">\r\n \t  <div class=\"block_content\">\r\n   <div id=\"recent_post_14585157441776014937\" class=\"row\">\r\n\t\t\t\t<!-- Wrapper for slides -->\r\n\t\t\t\t\t<div  class=\"post-grid col-lg-4 col-md-12 col-sm-12 col-xs-12 post-20693 post type-post status-publish format-standard has-post-thumbnail hentry category-novedades-en\">\r\n\t\t\t\t<div class=\"post-inner style\">\r\n\t\t\t\t\t<a class=\"post-thumbnail\" href=\"https:\/\/bodegacanrubi.com\/en\/alada-ecologico-vegan-and-organic-wine-frommallorca\/\" aria-hidden=\"true\">\r\n\t\t\t\t\t<img decoding=\"async\" width=\"571\" height=\"385\" src=\"https:\/\/bodegacanrubi.com\/wp-content\/uploads\/2025\/09\/Alada-blog-web-01.jpg\" class=\"attachment-post-thumbnail size-post-thumbnail wp-post-image\" alt=\"Alada \u2014 Organic &amp; Vegan\" \/>\t\t\t\t\t<\/a>\r\n\t\t\t\t\t<div class=\"post-content\">\r\n\t\t\t\t\t\t<h2 class=\"entry-title\"><a href=\"https:\/\/bodegacanrubi.com\/en\/alada-ecologico-vegan-and-organic-wine-frommallorca\/\">Alada \u2014 Organic &amp; Vegan<\/a><\/h2> \r\n\t\t\t\t\t\t<div class=\"entry-meta\">\r\n\t\t\t\t\t\t\t<span class=\"entry-date\"><time class=\"entry-date\" datetime=\"2025-09-03T15:14:47+02:00\">03.09.2025<\/time><\/span>\t \r\n\t\t\t\t\t\t<\/div>\t\t\t\t\t\t\r\n\t\t\t\t\t\t<p class=\"post-excerpt\">\nDiscover Alada Ecol\u00f3gico by Can Rub\u00ed: vegan and organic wines from Mallorca, craftedwith respect for nature by four generations.\n\n\n\nCan Rub\u00ed: four generations of conscious... <\/p><div class=\"btn-read-more\"><a class=\"read-more\" href=\"https:\/\/bodegacanrubi.com\/en\/alada-ecologico-vegan-and-organic-wine-frommallorca\/\">read More<\/a><\/div>\t\t\t\t\t<\/div>\r\n\t\t\t\t<\/div>\r\n\t\t\t<\/div><!-- #post-## -->\t\r\n\t\t\t\t\t\t<!-- Wrapper for slides -->\r\n\t\t\t\t\t<div  class=\"post-grid col-lg-4 col-md-12 col-sm-12 col-xs-12 post-20207 post type-post status-publish format-standard has-post-thumbnail hentry category-novedades-en\">\r\n\t\t\t\t<div class=\"post-inner style\">\r\n\t\t\t\t\t<a class=\"post-thumbnail\" href=\"https:\/\/bodegacanrubi.com\/en\/a-free-pincho-with-your-wine-or-vermouth-at-can-rubi\/\" aria-hidden=\"true\">\r\n\t\t\t\t\t<img decoding=\"async\" width=\"720\" height=\"484\" src=\"https:\/\/bodegacanrubi.com\/wp-content\/uploads\/2025\/05\/Portada-blog-Pinchos-04-1-720x484.jpg\" class=\"attachment-post-thumbnail size-post-thumbnail wp-post-image\" alt=\"A Free Pincho with Your Wine or Vermouth at Can Rub\u00ed\" \/>\t\t\t\t\t<\/a>\r\n\t\t\t\t\t<div class=\"post-content\">\r\n\t\t\t\t\t\t<h2 class=\"entry-title\"><a href=\"https:\/\/bodegacanrubi.com\/en\/a-free-pincho-with-your-wine-or-vermouth-at-can-rubi\/\">A Free Pincho with Your Wine or Vermouth at Can Rub\u00ed<\/a><\/h2> \r\n\t\t\t\t\t\t<div class=\"entry-meta\">\r\n\t\t\t\t\t\t\t<span class=\"entry-date\"><time class=\"entry-date\" datetime=\"2025-05-20T18:43:55+02:00\">20.05.2025<\/time><\/span>\t \r\n\t\t\t\t\t\t<\/div>\t\t\t\t\t\t\r\n\t\t\t\t\t\t<p class=\"post-excerpt\">\nAt Can Rub\u00ed, we believe wine is much more than a drink \u2013 it\u2019s an experience to share, discover, and enjoy in a cozy... <\/p><div class=\"btn-read-more\"><a class=\"read-more\" href=\"https:\/\/bodegacanrubi.com\/en\/a-free-pincho-with-your-wine-or-vermouth-at-can-rubi\/\">read More<\/a><\/div>\t\t\t\t\t<\/div>\r\n\t\t\t\t<\/div>\r\n\t\t\t<\/div><!-- #post-## -->\t\r\n\t\t\t\t\t\t<!-- Wrapper for slides -->\r\n\t\t\t\t\t<div  class=\"post-grid col-lg-4 col-md-12 col-sm-12 col-xs-12 post-17037 post type-post status-publish format-standard has-post-thumbnail hentry category-novedades-en\">\r\n\t\t\t\t<div class=\"post-inner style\">\r\n\t\t\t\t\t<a class=\"post-thumbnail\" href=\"https:\/\/bodegacanrubi.com\/en\/17037\/\" aria-hidden=\"true\">\r\n\t\t\t\t\t<img loading=\"lazy\" decoding=\"async\" width=\"274\" height=\"185\" src=\"https:\/\/bodegacanrubi.com\/wp-content\/uploads\/2024\/09\/imagen-baner.png\" class=\"attachment-post-thumbnail size-post-thumbnail wp-post-image\" alt=\"Wine &amp; Sound in Can Rub\u00ed\" \/>\t\t\t\t\t<\/a>\r\n\t\t\t\t\t<div class=\"post-content\">\r\n\t\t\t\t\t\t<h2 class=\"entry-title\"><a href=\"https:\/\/bodegacanrubi.com\/en\/17037\/\">Wine &amp; Sound in Can Rub\u00ed<\/a><\/h2> \r\n\t\t\t\t\t\t<div class=\"entry-meta\">\r\n\t\t\t\t\t\t\t<span class=\"entry-date\"><time class=\"entry-date\" datetime=\"2024-09-30T22:43:53+02:00\">30.09.2024<\/time><\/span>\t \r\n\t\t\t\t\t\t<\/div>\t\t\t\t\t\t\r\n\t\t\t\t\t\t<p class=\"post-excerpt\">\nWine &amp; Sound at Can Rub\u00ed: Wine, Music, and Mallorcan Tapas for an Unforgettable Night\n\n\n\nAt our Tasting Store, Can Rub\u00ed, we host a unique... <\/p><div class=\"btn-read-more\"><a class=\"read-more\" href=\"https:\/\/bodegacanrubi.com\/en\/17037\/\">read More<\/a><\/div>\t\t\t\t\t<\/div>\r\n\t\t\t\t<\/div>\r\n\t\t\t<\/div><!-- #post-## -->\t\r\n\t\t\t\t\t\t<!-- Wrapper for slides -->\r\n\t\t\t\t\t<div  class=\"post-grid col-lg-4 col-md-12 col-sm-12 col-xs-12 post-13160 post type-post status-publish format-standard has-post-thumbnail hentry category-novedades-en tag-luxurious-en tag-vineyear-en tag-wine-classic-en\">\r\n\t\t\t\t<div class=\"post-inner style\">\r\n\t\t\t\t\t<a class=\"post-thumbnail\" href=\"https:\/\/bodegacanrubi.com\/en\/traveling-solo-is-awesome\/\" aria-hidden=\"true\">\r\n\t\t\t\t\t<img loading=\"lazy\" decoding=\"async\" width=\"274\" height=\"185\" src=\"https:\/\/bodegacanrubi.com\/wp-content\/uploads\/2023\/06\/Group-6.png\" class=\"attachment-post-thumbnail size-post-thumbnail wp-post-image\" alt=\"Traveling Solo Is Awesome\" \/>\t\t\t\t\t<\/a>\r\n\t\t\t\t\t<div class=\"post-content\">\r\n\t\t\t\t\t\t<h2 class=\"entry-title\"><a href=\"https:\/\/bodegacanrubi.com\/en\/traveling-solo-is-awesome\/\">Traveling Solo Is Awesome<\/a><\/h2> \r\n\t\t\t\t\t\t<div class=\"entry-meta\">\r\n\t\t\t\t\t\t\t<span class=\"entry-date\"><time class=\"entry-date\" datetime=\"2023-06-14T04:42:28+02:00\">14.06.2023<\/time><\/span>\t \r\n\t\t\t\t\t\t<\/div>\t\t\t\t\t\t\r\n\t\t\t\t\t\t<p class=\"post-excerpt\">Traveling Solo Is Awesome\nExpand your experience\nAt Can Rubi, we are happy to present you a new addition to our wine catalogue: the Es Padri... <\/p><div class=\"btn-read-more\"><a class=\"read-more\" href=\"https:\/\/bodegacanrubi.com\/en\/traveling-solo-is-awesome\/\">read More<\/a><\/div>\t\t\t\t\t<\/div>\r\n\t\t\t\t<\/div>\r\n\t\t\t<\/div><!-- #post-## -->\t\r\n\t\t\t\t   <\/div>\r\n  <\/div>\r\n <\/div>\r\n<\/div>\r\n\t\t\t\t<\/div>\n\t\t\t\t<\/div>\n\t\t\t\t\t<\/div>\n\t\t<\/div>\n\t\t\t\t\t<\/div>\n\t\t<\/section>\n\t\t\t\t<\/div>\n\t\t","protected":false},"excerpt":{"rendered":"<p>Wine &amp; Sound in Can Rub\u00ed 30.09.2024 Wine &amp; Sound at Can Rub\u00ed: Wine, Music, and Mallorcan Tapas for an Unforgettable NightAt our Tasting Store, Can Rub\u00ed, we host a unique&#8230; read More Traveling Solo Is Awesome 14.06.2023 Traveling Solo Is AwesomeExpand your experienceAt Can Rubi, we are happy to present you a new addition [&hellip;]<\/p>\n","protected":false},"author":1,"featured_media":0,"parent":0,"menu_order":0,"comment_status":"closed","ping_status":"closed","template":"","meta":{"om_disable_all_campaigns":false,"_monsterinsights_skip_tracking":false,"_monsterinsights_sitenote_active":false,"_monsterinsights_sitenote_note":"","_monsterinsights_sitenote_category":0,"footnotes":""},"class_list":["post-17107","page","type-page","status-publish","hentry","has-post-thumbnail"],"aioseo_notices":[],"_links":{"self":[{"href":"https:\/\/bodegacanrubi.com\/en\/wp-json\/wp\/v2\/pages\/17107","targetHints":{"allow":["GET"]}}],"collection":[{"href":"https:\/\/bodegacanrubi.com\/en\/wp-json\/wp\/v2\/pages"}],"about":[{"href":"https:\/\/bodegacanrubi.com\/en\/wp-json\/wp\/v2\/types\/page"}],"author":[{"embeddable":true,"href":"https:\/\/bodegacanrubi.com\/en\/wp-json\/wp\/v2\/users\/1"}],"replies":[{"embeddable":true,"href":"https:\/\/bodegacanrubi.com\/en\/wp-json\/wp\/v2\/comments?post=17107"}],"version-history":[{"count":4,"href":"https:\/\/bodegacanrubi.com\/en\/wp-json\/wp\/v2\/pages\/17107\/revisions"}],"predecessor-version":[{"id":17115,"href":"https:\/\/bodegacanrubi.com\/en\/wp-json\/wp\/v2\/pages\/17107\/revisions\/17115"}],"wp:attachment":[{"href":"https:\/\/bodegacanrubi.com\/en\/wp-json\/wp\/v2\/media?parent=17107"}],"curies":[{"name":"wp","href":"https:\/\/api.w.org\/{rel}","templated":true}]}}