{"id":13036,"date":"2020-01-13T06:50:18","date_gmt":"2020-01-13T05:50:18","guid":{"rendered":"https:\/\/canrubi.predev.eu\/historia\/"},"modified":"2024-09-20T19:44:34","modified_gmt":"2024-09-20T17:44:34","slug":"historia","status":"publish","type":"page","link":"https:\/\/bodegacanrubi.com\/en\/historia\/","title":{"rendered":"History"},"content":{"rendered":"\t\t<div data-elementor-type=\"wp-page\" data-elementor-id=\"13036\" class=\"elementor elementor-13036 elementor-9095\" data-elementor-post-type=\"page\">\n\t\t\t\t\t\t<section class=\"elementor-section elementor-top-section elementor-element elementor-element-91635cc elementor-section-stretched elementor-section-boxed elementor-section-height-default elementor-section-height-default\" data-id=\"91635cc\" data-element_type=\"section\" data-e-type=\"section\" data-settings=\"{&quot;stretch_section&quot;:&quot;section-stretched&quot;}\">\n\t\t\t\t\t\t<div class=\"elementor-container elementor-column-gap-default\">\n\t\t\t\t\t<div class=\"elementor-column elementor-col-50 elementor-top-column elementor-element elementor-element-1da09ec left-banner-about\" data-id=\"1da09ec\" data-element_type=\"column\" data-e-type=\"column\" data-settings=\"{&quot;background_background&quot;:&quot;slideshow&quot;,&quot;background_slideshow_gallery&quot;:[],&quot;background_slideshow_loop&quot;:&quot;yes&quot;,&quot;background_slideshow_slide_duration&quot;:5000,&quot;background_slideshow_slide_transition&quot;:&quot;fade&quot;,&quot;background_slideshow_transition_duration&quot;:500}\">\n\t\t\t<div class=\"elementor-widget-wrap elementor-element-populated\">\n\t\t\t\t\t\t<section class=\"elementor-section elementor-inner-section elementor-element elementor-element-47e8a95 elementor-section-height-min-height elementor-section-boxed elementor-section-height-default\" data-id=\"47e8a95\" data-element_type=\"section\" data-e-type=\"section\">\n\t\t\t\t\t\t<div class=\"elementor-container elementor-column-gap-default\">\n\t\t\t\t\t<div class=\"elementor-column elementor-col-100 elementor-inner-column elementor-element elementor-element-9c70d7e left-banner-about\" data-id=\"9c70d7e\" data-element_type=\"column\" data-e-type=\"column\" data-settings=\"{&quot;background_background&quot;:&quot;slideshow&quot;,&quot;background_slideshow_gallery&quot;:[{&quot;id&quot;:10766,&quot;url&quot;:&quot;https:\\\/\\\/bodegacanrubi.com\\\/wp-content\\\/uploads\\\/2023\\\/06\\\/Inicio1.2.jpg&quot;},{&quot;id&quot;:10767,&quot;url&quot;:&quot;https:\\\/\\\/bodegacanrubi.com\\\/wp-content\\\/uploads\\\/2023\\\/06\\\/Inicio2.jpg&quot;},{&quot;id&quot;:10768,&quot;url&quot;:&quot;https:\\\/\\\/bodegacanrubi.com\\\/wp-content\\\/uploads\\\/2023\\\/06\\\/Inicio6-copia.jpg&quot;}],&quot;background_slideshow_loop&quot;:&quot;yes&quot;,&quot;background_slideshow_slide_duration&quot;:5000,&quot;background_slideshow_slide_transition&quot;:&quot;fade&quot;,&quot;background_slideshow_transition_duration&quot;:500}\">\n\t\t\t<div class=\"elementor-widget-wrap\">\n\t\t\t\t\t\t\t<\/div>\n\t\t<\/div>\n\t\t\t\t\t<\/div>\n\t\t<\/section>\n\t\t\t\t\t<\/div>\n\t\t<\/div>\n\t\t\t\t<div class=\"elementor-column elementor-col-50 elementor-top-column elementor-element elementor-element-ed585f5 banner-about-us2\" data-id=\"ed585f5\" data-element_type=\"column\" data-e-type=\"column\">\n\t\t\t<div class=\"elementor-widget-wrap elementor-element-populated\">\n\t\t\t\t\t\t<div class=\"elementor-element elementor-element-527251a text-block-wapper-1 elementor-widget elementor-widget-text-editor\" data-id=\"527251a\" data-element_type=\"widget\" data-e-type=\"widget\" data-widget_type=\"text-editor.default\">\n\t\t\t\t<div class=\"elementor-widget-container\">\n\t\t\t\t\t\t\t\t\t<div class=\"box-title\"><div class=\"subtitle\"><p><span style=\"font-weight: 400;\">Origins<\/span><\/p><\/div><h2>Our History<\/h2><div class=\"desc\"><p><span style=\"font-weight: 400;\">\u00a0Our legacy dates back to the time when phylloxera devastated the vineyards of France, and our great-grandfather Bartolom\u00e9 Rub\u00ed led the massive export of wines from the ports of Palma and S\u00f3ller to France. <\/span><\/p><p><span style=\"font-weight: 400;\">However, the plague also affected the vines on our island. In 1912, our great-grandfather restarted bulk wine production, followed by his son Antonio, who continued the tradition until the Civil War interrupted the activity in 1936. It was not until 1960 that Bartolom\u00e9 Rub\u00ed, Sr. took up winemaking again.<\/span><\/p><p>Although our winery in Santa Mar\u00eda started out producing wine in bulk, we have developed extensive experience in bottling, which is growing year after year.<\/p><p>The current owners, Lorenzo Rub\u00ed and Tomeu Rub\u00ed, represent the fourth generation of the Rub\u00ed family. Equipped with state-of-the-art technology and new techniques, we have launched several lines of high quality wines.<br \/><br \/>At Bodega Can Rub\u00ed, we honour our family roots and combine tradition with innovation. Our commitment is to offer exceptional wines that reflect the legacy of our land and the passionate work of our family.<\/p><\/div><\/div>\t\t\t\t\t\t\t\t<\/div>\n\t\t\t\t<\/div>\n\t\t\t\t<div class=\"elementor-element elementor-element-827ab24 elementor-widget elementor-widget-html\" data-id=\"827ab24\" data-element_type=\"widget\" data-e-type=\"widget\" data-widget_type=\"html.default\">\n\t\t\t\t<div class=\"elementor-widget-container\">\n\t\t\t\t\t<style>\n    .bwp-main .page-title {\n    background-image: url(https:\/\/bodegacanrubi.com\/wp-content\/uploads\/2023\/06\/Inicio2.jpg)!important;\n    background-position: center 15%;\n}\n<\/style>\t\t\t\t<\/div>\n\t\t\t\t<\/div>\n\t\t\t\t\t<\/div>\n\t\t<\/div>\n\t\t\t\t\t<\/div>\n\t\t<\/section>\n\t\t\t\t<\/div>\n\t\t","protected":false},"excerpt":{"rendered":"<p>Origins Our History \u00a0Our legacy dates back to the time when phylloxera devastated the vineyards of France, and our great-grandfather Bartolom\u00e9 Rub\u00ed led the massive export of wines from the ports of Palma and S\u00f3ller to France. However, the plague also affected the vines on our island. In 1912, our great-grandfather restarted bulk wine production, [&hellip;]<\/p>\n","protected":false},"author":2,"featured_media":0,"parent":0,"menu_order":0,"comment_status":"closed","ping_status":"closed","template":"","meta":{"om_disable_all_campaigns":false,"_monsterinsights_skip_tracking":false,"_monsterinsights_sitenote_active":false,"_monsterinsights_sitenote_note":"","_monsterinsights_sitenote_category":0,"footnotes":""},"class_list":["post-13036","page","type-page","status-publish","hentry"],"aioseo_notices":[],"_links":{"self":[{"href":"https:\/\/bodegacanrubi.com\/en\/wp-json\/wp\/v2\/pages\/13036","targetHints":{"allow":["GET"]}}],"collection":[{"href":"https:\/\/bodegacanrubi.com\/en\/wp-json\/wp\/v2\/pages"}],"about":[{"href":"https:\/\/bodegacanrubi.com\/en\/wp-json\/wp\/v2\/types\/page"}],"author":[{"embeddable":true,"href":"https:\/\/bodegacanrubi.com\/en\/wp-json\/wp\/v2\/users\/2"}],"replies":[{"embeddable":true,"href":"https:\/\/bodegacanrubi.com\/en\/wp-json\/wp\/v2\/comments?post=13036"}],"version-history":[{"count":15,"href":"https:\/\/bodegacanrubi.com\/en\/wp-json\/wp\/v2\/pages\/13036\/revisions"}],"predecessor-version":[{"id":16496,"href":"https:\/\/bodegacanrubi.com\/en\/wp-json\/wp\/v2\/pages\/13036\/revisions\/16496"}],"wp:attachment":[{"href":"https:\/\/bodegacanrubi.com\/en\/wp-json\/wp\/v2\/media?parent=13036"}],"curies":[{"name":"wp","href":"https:\/\/api.w.org\/{rel}","templated":true}]}}