{"id":21998,"date":"2026-03-27T21:38:03","date_gmt":"2026-03-27T20:38:03","guid":{"rendered":"https:\/\/bodegacanrubi.com\/?post_type=product&#038;p=21998"},"modified":"2026-03-28T20:49:05","modified_gmt":"2026-03-28T19:49:05","slug":"regalo-tiquet-visita","status":"publish","type":"product","link":"https:\/\/bodegacanrubi.com\/de\/producto\/regalo-tiquet-visita\/","title":{"rendered":"Regalo Tiquet Visita"},"content":{"rendered":"","protected":false},"excerpt":{"rendered":"<div class=\"descripcion-regalo\">\n  <strong>\u00bfC\u00f3mo canjear la Tarjeta Regalo Can Rub\u00ed?<\/strong><br \/>\n  La persona que recibe la tarjeta regalo solo tiene que presentarla directamente en nuestra tienda f\u00edsica para realizar su compra.<br \/>\n  Cada tarjeta est\u00e1 vinculada a un n\u00famero de pedido o tiquet, que deber\u00e1 mostrarse al personal de tienda para validar el importe.<\/p>\n<hr \/>\n<h3>Informaci\u00f3n adicional<\/h3>\n<ul>\n<li>Canjeable exclusivamente en tienda f\u00edsica<\/li>\n<li>V\u00e1lida para cualquier producto disponible en tienda<\/li>\n<li>El importe de la compra debe ser igual o superior al valor de la tarjeta<\/li>\n<li>Validez de 12 meses desde la fecha de compra<\/li>\n<\/ul>\n<\/div>\n<div class=\"regalo-selector\">\n<p class=\"regalo-label\">Elige el importe de la tarjeta:<\/p>\n<div class=\"regalo-opciones\">\n    <button class=\"opcion-precio activo\" data-id=\"21998\" data-precio=\"30\">30 \u20ac<\/button><br \/>\n    <button class=\"opcion-precio\" data-id=\"22037\" data-precio=\"60\">60 \u20ac<\/button><br \/>\n    <button class=\"opcion-precio\" data-id=\"22039\" data-precio=\"90\">90 \u20ac<\/button><br \/>\n    <button class=\"opcion-precio\" data-id=\"22040\" data-precio=\"120\">120 \u20ac<\/button>\n  <\/div>\n<p class=\"regalo-precio-seleccionado\">Importe seleccionado: <strong id=\"precio-actual\">30 \u20ac<\/strong><\/p>\n<p>  <a class=\"boton-carrito\" id=\"btn-agregar\" href=\"?add-to-cart=21998\">A\u00f1adir al carrito<\/a>\n<\/div>\n","protected":false},"featured_media":21988,"template":"","meta":{"om_disable_all_campaigns":false,"_monsterinsights_skip_tracking":false,"_monsterinsights_sitenote_active":false,"_monsterinsights_sitenote_note":"","_monsterinsights_sitenote_category":0},"product_brand":[],"product_cat":[151],"product_tag":[],"class_list":{"0":"post-21998","1":"product","2":"type-product","3":"status-publish","4":"has-post-thumbnail","6":"product_cat-catas-y-visitas","9":"first","10":"instock","11":"downloadable","12":"virtual","13":"purchasable","14":"product-type-simple"},"aioseo_notices":[],"_links":{"self":[{"href":"https:\/\/bodegacanrubi.com\/de\/wp-json\/wp\/v2\/product\/21998","targetHints":{"allow":["GET"]}}],"collection":[{"href":"https:\/\/bodegacanrubi.com\/de\/wp-json\/wp\/v2\/product"}],"about":[{"href":"https:\/\/bodegacanrubi.com\/de\/wp-json\/wp\/v2\/types\/product"}],"version-history":[{"count":15,"href":"https:\/\/bodegacanrubi.com\/de\/wp-json\/wp\/v2\/product\/21998\/revisions"}],"predecessor-version":[{"id":22029,"href":"https:\/\/bodegacanrubi.com\/de\/wp-json\/wp\/v2\/product\/21998\/revisions\/22029"}],"wp:featuredmedia":[{"embeddable":true,"href":"https:\/\/bodegacanrubi.com\/de\/wp-json\/wp\/v2\/media\/21988"}],"wp:attachment":[{"href":"https:\/\/bodegacanrubi.com\/de\/wp-json\/wp\/v2\/media?parent=21998"}],"wp:term":[{"taxonomy":"product_brand","embeddable":true,"href":"https:\/\/bodegacanrubi.com\/de\/wp-json\/wp\/v2\/product_brand?post=21998"},{"taxonomy":"product_cat","embeddable":true,"href":"https:\/\/bodegacanrubi.com\/de\/wp-json\/wp\/v2\/product_cat?post=21998"},{"taxonomy":"product_tag","embeddable":true,"href":"https:\/\/bodegacanrubi.com\/de\/wp-json\/wp\/v2\/product_tag?post=21998"}],"curies":[{"name":"wp","href":"https:\/\/api.w.org\/{rel}","templated":true}]}}