{"id":16721,"date":"2023-06-21T05:21:59","date_gmt":"2023-06-21T03:21:59","guid":{"rendered":"https:\/\/bodegacanrubi.com\/producto\/special-reserve-weisser-wermut\/"},"modified":"2026-03-18T16:13:36","modified_gmt":"2026-03-18T15:13:36","slug":"special-reserve-weisser-wermut","status":"publish","type":"product","link":"https:\/\/bodegacanrubi.com\/de\/producto\/special-reserve-weisser-wermut\/","title":{"rendered":"ENDIUMENJAT WEISSER WERMUT RESERVE 75CL"},"content":{"rendered":"<h3>Endiumenjat Wei\u00dfe Reserva:<\/h3>\n<p>&nbsp;<\/p>\n<p><strong>Nota de cata:<\/strong> Arom\u00e1ticamente intenso y muy agradable, con recuerdos de hierbas dulces como la genciana, el an\u00eds estrellado, la hierba luisa, la quina o la ang\u00e9lica. En boca es elegante, untuoso, refinado y redondo. Se percibe un ligero dulzor con un toque final de c\u00edtrico amargo y refinado que aporta frescor y un sabor final muy goloso. <strong>Maridaje:<\/strong> Combina perfectamente con olivas, almejas, mejillones, anchoas ali\u00f1adas, queso, embutido o cualquier tipo de tapa. <strong>Recomendaciones de servicio:<\/strong> Se aconseja servir con dos aceitunas, una rodaja de lim\u00f3n y entre 4 y 6 \u00baC o con 2 o 3 cubitos.  <\/p>\n","protected":false},"excerpt":{"rendered":"<h3>Endiumenjat Wei\u00dfe Reserva:<\/h3>\n<p>&nbsp;<\/p>\n<p><strong>Verkostungsnotiz:<\/strong> Aromatisch intensiv und sehr angenehm, mit einem Hauch von s\u00fc\u00dfen Kr\u00e4utern wie Enzian,&#8230;<\/p>\n","protected":false},"featured_media":12109,"template":"","meta":{"om_disable_all_campaigns":false,"_monsterinsights_skip_tracking":false,"_monsterinsights_sitenote_active":false,"_monsterinsights_sitenote_note":"","_monsterinsights_sitenote_category":0},"product_brand":[],"product_cat":[246,224],"product_tag":[],"class_list":{"0":"post-16721","1":"product","2":"type-product","3":"status-publish","4":"has-post-thumbnail","6":"product_cat-vermut-blanco-de","7":"product_cat-vermuts-de","10":"first","11":"instock","12":"taxable","13":"shipping-taxable","14":"purchasable","15":"product-type-simple"},"aioseo_notices":[],"_links":{"self":[{"href":"https:\/\/bodegacanrubi.com\/de\/wp-json\/wp\/v2\/product\/16721","targetHints":{"allow":["GET"]}}],"collection":[{"href":"https:\/\/bodegacanrubi.com\/de\/wp-json\/wp\/v2\/product"}],"about":[{"href":"https:\/\/bodegacanrubi.com\/de\/wp-json\/wp\/v2\/types\/product"}],"version-history":[{"count":1,"href":"https:\/\/bodegacanrubi.com\/de\/wp-json\/wp\/v2\/product\/16721\/revisions"}],"predecessor-version":[{"id":21852,"href":"https:\/\/bodegacanrubi.com\/de\/wp-json\/wp\/v2\/product\/16721\/revisions\/21852"}],"wp:featuredmedia":[{"embeddable":true,"href":"https:\/\/bodegacanrubi.com\/de\/wp-json\/wp\/v2\/media\/12109"}],"wp:attachment":[{"href":"https:\/\/bodegacanrubi.com\/de\/wp-json\/wp\/v2\/media?parent=16721"}],"wp:term":[{"taxonomy":"product_brand","embeddable":true,"href":"https:\/\/bodegacanrubi.com\/de\/wp-json\/wp\/v2\/product_brand?post=16721"},{"taxonomy":"product_cat","embeddable":true,"href":"https:\/\/bodegacanrubi.com\/de\/wp-json\/wp\/v2\/product_cat?post=16721"},{"taxonomy":"product_tag","embeddable":true,"href":"https:\/\/bodegacanrubi.com\/de\/wp-json\/wp\/v2\/product_tag?post=16721"}],"curies":[{"name":"wp","href":"https:\/\/api.w.org\/{rel}","templated":true}]}}