{"id":16713,"date":"2023-06-21T03:52:57","date_gmt":"2023-06-21T01:52:57","guid":{"rendered":"https:\/\/bodegacanrubi.com\/producto\/la-mar-de-be-sauvignon-blanc-2023\/"},"modified":"2026-03-18T16:13:37","modified_gmt":"2026-03-18T15:13:37","slug":"la-mar-de-be-sauvignon-blanc-2023","status":"publish","type":"product","link":"https:\/\/bodegacanrubi.com\/de\/producto\/la-mar-de-be-sauvignon-blanc-2023\/","title":{"rendered":"LA MAR DE B\u00c9 SAUVIGNON BLANC 2022 75CL"},"content":{"rendered":"<h3>La mar de b\u00e9 Sauvignon Blanc 2022:<\/h3>\n<p>&nbsp;<\/p>\n<p><strong>Variedad:<\/strong> Suvignon Blanc. <strong>Graduaci\u00f3n:<\/strong> 13% vol. <strong>Elaboraci\u00f3n:<\/strong> Extracci\u00f3n suave del mosto mediante prensado neum\u00e1tico y posterior desfangado est\u00e1tico. Fermentaci\u00f3n en dep\u00f3sitos de acero inoxidable a temperatura controlada, despu\u00e9s de la fermentaci\u00f3n malol\u00e1ctica se deja reposar hasta su m\u00e1xima clarificaci\u00f3n natural.\u2028Se embotella en sus primeros meses para mantener los aromas que caracterizan este vino joven, afrutado y fresco. <strong>Nota de cata:<\/strong> Color amarillo intenso con reflejos dorados, n\u00edtidos y brillantes. Aromas intensamente afrutados que nos recuerdan a miel, bizcocho, pi\u00f1a, mango, pl\u00e1tano y melocot\u00f3n. En boca es arom\u00e1tico con un cierto dulzor equilibrado por un \u00e1cido notable lo que le da una gran personalidad. Sensaci\u00f3n final a frutas tropicales frescas y dulces. <strong>Maridaje:<\/strong> Este vino es perfecto para acompa\u00f1ar pastas, ensaladas, carnes blancas, pescados, mariscos y quesos. <strong>Recomendaciones de servicio:<\/strong> Se aconseja servir entre 6 y 8 \u00baC.<\/p>\n","protected":false},"excerpt":{"rendered":"<h3>La mar de b\u00e9 Sauvignon Blanc 2022:<\/h3>\n<p>&nbsp;<\/p>\n<p><strong>Variedad:<\/strong> Suvignon Blanc. <strong>Graduaci\u00f3n:<\/strong> 13% vol&#8230;<\/p>\n","protected":false},"featured_media":21700,"template":"","meta":{"om_disable_all_campaigns":false,"_monsterinsights_skip_tracking":false,"_monsterinsights_sitenote_active":false,"_monsterinsights_sitenote_note":"","_monsterinsights_sitenote_category":0},"product_brand":[],"product_cat":[243,215],"product_tag":[],"class_list":{"0":"post-16713","1":"product","2":"type-product","3":"status-publish","4":"has-post-thumbnail","6":"product_cat-vino-la-mar-de-be","7":"product_cat-weine-de","10":"first","11":"instock","12":"taxable","13":"shipping-taxable","14":"purchasable","15":"product-type-simple"},"aioseo_notices":[],"_links":{"self":[{"href":"https:\/\/bodegacanrubi.com\/de\/wp-json\/wp\/v2\/product\/16713","targetHints":{"allow":["GET"]}}],"collection":[{"href":"https:\/\/bodegacanrubi.com\/de\/wp-json\/wp\/v2\/product"}],"about":[{"href":"https:\/\/bodegacanrubi.com\/de\/wp-json\/wp\/v2\/types\/product"}],"version-history":[{"count":2,"href":"https:\/\/bodegacanrubi.com\/de\/wp-json\/wp\/v2\/product\/16713\/revisions"}],"predecessor-version":[{"id":21855,"href":"https:\/\/bodegacanrubi.com\/de\/wp-json\/wp\/v2\/product\/16713\/revisions\/21855"}],"wp:featuredmedia":[{"embeddable":true,"href":"https:\/\/bodegacanrubi.com\/de\/wp-json\/wp\/v2\/media\/21700"}],"wp:attachment":[{"href":"https:\/\/bodegacanrubi.com\/de\/wp-json\/wp\/v2\/media?parent=16713"}],"wp:term":[{"taxonomy":"product_brand","embeddable":true,"href":"https:\/\/bodegacanrubi.com\/de\/wp-json\/wp\/v2\/product_brand?post=16713"},{"taxonomy":"product_cat","embeddable":true,"href":"https:\/\/bodegacanrubi.com\/de\/wp-json\/wp\/v2\/product_cat?post=16713"},{"taxonomy":"product_tag","embeddable":true,"href":"https:\/\/bodegacanrubi.com\/de\/wp-json\/wp\/v2\/product_tag?post=16713"}],"curies":[{"name":"wp","href":"https:\/\/api.w.org\/{rel}","templated":true}]}}