{"id":16712,"date":"2023-06-20T21:16:34","date_gmt":"2023-06-20T19:16:34","guid":{"rendered":"https:\/\/bodegacanrubi.com\/producto\/llepol-tinto-semi-dulce\/"},"modified":"2026-03-18T16:13:37","modified_gmt":"2026-03-18T15:13:37","slug":"llepol-tinto-semi-dulce","status":"publish","type":"product","link":"https:\/\/bodegacanrubi.com\/de\/producto\/llepol-tinto-semi-dulce\/","title":{"rendered":"LL\u00c9POL HALBS\u00dcSSER ROTWEIN"},"content":{"rendered":"<h3>Ll\u00e9pol Tinto Semi Dulce:<\/h3>\n<p>&nbsp;<\/p>\n<p><strong>Variedad:<\/strong> Manto Negro, Syrah y Moscatel. <strong>Graduaci\u00f3n:<\/strong> 14% vol. <strong>Nota de cata:<\/strong> Vino de color rojo cereza con reflejos granates. Aromas intensos, dulces y delicados que nos recuerdan a frutos secos dulces como higos y d\u00e1tiles. En boca es sedoso, fresco y goloso, con buena acidez que equilibra su dulzor, dejando una larga estela de recuerdos frutales. <strong>Maridaje:<\/strong> Ideal para acompa\u00f1ar todo tipo de carnes, pastas, embutidos, quesos e incluso algunos postres. <strong>Elaboraci\u00f3n:<\/strong> Los mostos fermentan suavemente en dep\u00f3sitos de acero inoxidable a temperatura controlada. Antes de que toda la fructosa se haya convertido en alcohol, paramos la fermentaci\u00f3n. Finalizada la fermentaci\u00f3n malol\u00e1ctica se deja reposar hasta su clarificaci\u00f3n natural. <strong>Recomendaciones de consumo:<\/strong> Se recomienda servir entre 15 y 18 \u00baC      <\/p>\n","protected":false},"excerpt":{"rendered":"<h3>Ll\u00e9pol Tinto Semi Dulce:<\/h3>\n<p>&nbsp;<\/p>\n<p><strong>Variedad:<\/strong> Manto Negro, Syrah y Moscatel. <strong>Graduaci\u00f3n:<\/strong> 14% vol&#8230; <\/p>\n","protected":false},"featured_media":12530,"template":"","meta":{"om_disable_all_campaigns":false,"_monsterinsights_skip_tracking":false,"_monsterinsights_sitenote_active":false,"_monsterinsights_sitenote_note":"","_monsterinsights_sitenote_category":0},"product_brand":[],"product_cat":[242,215],"product_tag":[],"class_list":{"0":"post-16712","1":"product","2":"type-product","3":"status-publish","4":"has-post-thumbnail","6":"product_cat-edicion-especial-de","7":"product_cat-weine-de","10":"first","11":"instock","12":"taxable","13":"shipping-taxable","14":"purchasable","15":"product-type-simple"},"aioseo_notices":[],"_links":{"self":[{"href":"https:\/\/bodegacanrubi.com\/de\/wp-json\/wp\/v2\/product\/16712","targetHints":{"allow":["GET"]}}],"collection":[{"href":"https:\/\/bodegacanrubi.com\/de\/wp-json\/wp\/v2\/product"}],"about":[{"href":"https:\/\/bodegacanrubi.com\/de\/wp-json\/wp\/v2\/types\/product"}],"version-history":[{"count":2,"href":"https:\/\/bodegacanrubi.com\/de\/wp-json\/wp\/v2\/product\/16712\/revisions"}],"predecessor-version":[{"id":21856,"href":"https:\/\/bodegacanrubi.com\/de\/wp-json\/wp\/v2\/product\/16712\/revisions\/21856"}],"wp:featuredmedia":[{"embeddable":true,"href":"https:\/\/bodegacanrubi.com\/de\/wp-json\/wp\/v2\/media\/12530"}],"wp:attachment":[{"href":"https:\/\/bodegacanrubi.com\/de\/wp-json\/wp\/v2\/media?parent=16712"}],"wp:term":[{"taxonomy":"product_brand","embeddable":true,"href":"https:\/\/bodegacanrubi.com\/de\/wp-json\/wp\/v2\/product_brand?post=16712"},{"taxonomy":"product_cat","embeddable":true,"href":"https:\/\/bodegacanrubi.com\/de\/wp-json\/wp\/v2\/product_cat?post=16712"},{"taxonomy":"product_tag","embeddable":true,"href":"https:\/\/bodegacanrubi.com\/de\/wp-json\/wp\/v2\/product_tag?post=16712"}],"curies":[{"name":"wp","href":"https:\/\/api.w.org\/{rel}","templated":true}]}}