{"id":16710,"date":"2023-06-20T21:12:04","date_gmt":"2023-06-20T19:12:04","guid":{"rendered":"https:\/\/bodegacanrubi.com\/producto\/alada-negre-fusta\/"},"modified":"2026-03-18T16:13:37","modified_gmt":"2026-03-18T15:13:37","slug":"alada-negre-fusta","status":"publish","type":"product","link":"https:\/\/bodegacanrubi.com\/de\/producto\/alada-negre-fusta\/","title":{"rendered":"ALADA ROTWEIN CABERNET MERLOT TEMPRANILLO 2024 75CL"},"content":{"rendered":"<h3>Alada Negre Fusta:<\/h3>\n<p>&nbsp;<\/p>\n<p><strong>Variedad:<\/strong> Manto Negro, Syrah y Cabernet Sauvignon. <strong>Graduaci\u00f3n:<\/strong> 14% vol. <strong>Elaboraci\u00f3n:<\/strong> Los mostos fermentan suavemente en dep\u00f3sitos de acero inoxidable a temperatura controlada y despu\u00e9s de la fermentaci\u00f3n malol\u00e1ctica se deja reposar hasta su clarificaci\u00f3n natural <strong>Crianza:<\/strong> Breve paso por botas de roble americano durante 6 meses. <strong>Nota de cata:<\/strong> Vino de color rojo mora con reflejos violeta y aspecto brillante. Aromas de frutos rojos maduros, roble y especias. En boca es armonioso y untuoso con toques suaves de frutos secos, especias y roble. Redondeado por toques secos y afrutados muy persistentes al final. <strong>Maridaje:<\/strong> Ideal para acompa\u00f1ar todo tipo de carnes, pastas, embutidos y quesos. <strong>Recomendaciones de servicio:<\/strong> Se aconseja servir entre 15 y 18 \u00baC.      <\/p>\n","protected":false},"excerpt":{"rendered":"<h3>Alada Negre Fusta:<\/h3>\n<p>&nbsp;<\/p>\n<p><strong>Variedad:<\/strong> Manto Negro, Syrah y Cabernet Sauvignon. <strong>Graduaci\u00f3n:<\/strong> 14% vol&#8230; <\/p>\n","protected":false},"featured_media":19959,"template":"","meta":{"om_disable_all_campaigns":false,"_monsterinsights_skip_tracking":false,"_monsterinsights_sitenote_active":false,"_monsterinsights_sitenote_note":"","_monsterinsights_sitenote_category":0},"product_brand":[],"product_cat":[241,215],"product_tag":[],"class_list":{"0":"post-16710","1":"product","2":"type-product","3":"status-publish","4":"has-post-thumbnail","6":"product_cat-alada-de","7":"product_cat-weine-de","10":"first","11":"instock","12":"taxable","13":"shipping-taxable","14":"purchasable","15":"product-type-simple"},"aioseo_notices":[],"_links":{"self":[{"href":"https:\/\/bodegacanrubi.com\/de\/wp-json\/wp\/v2\/product\/16710","targetHints":{"allow":["GET"]}}],"collection":[{"href":"https:\/\/bodegacanrubi.com\/de\/wp-json\/wp\/v2\/product"}],"about":[{"href":"https:\/\/bodegacanrubi.com\/de\/wp-json\/wp\/v2\/types\/product"}],"version-history":[{"count":2,"href":"https:\/\/bodegacanrubi.com\/de\/wp-json\/wp\/v2\/product\/16710\/revisions"}],"predecessor-version":[{"id":21857,"href":"https:\/\/bodegacanrubi.com\/de\/wp-json\/wp\/v2\/product\/16710\/revisions\/21857"}],"wp:featuredmedia":[{"embeddable":true,"href":"https:\/\/bodegacanrubi.com\/de\/wp-json\/wp\/v2\/media\/19959"}],"wp:attachment":[{"href":"https:\/\/bodegacanrubi.com\/de\/wp-json\/wp\/v2\/media?parent=16710"}],"wp:term":[{"taxonomy":"product_brand","embeddable":true,"href":"https:\/\/bodegacanrubi.com\/de\/wp-json\/wp\/v2\/product_brand?post=16710"},{"taxonomy":"product_cat","embeddable":true,"href":"https:\/\/bodegacanrubi.com\/de\/wp-json\/wp\/v2\/product_cat?post=16710"},{"taxonomy":"product_tag","embeddable":true,"href":"https:\/\/bodegacanrubi.com\/de\/wp-json\/wp\/v2\/product_tag?post=16710"}],"curies":[{"name":"wp","href":"https:\/\/api.w.org\/{rel}","templated":true}]}}