{"id":16693,"date":"2023-06-20T20:37:00","date_gmt":"2023-06-20T18:37:00","guid":{"rendered":"https:\/\/bodegacanrubi.com\/producto\/can-rubi-tinto-joven\/"},"modified":"2026-04-15T19:19:34","modified_gmt":"2026-04-15T17:19:34","slug":"can-rubi-tinto-joven","status":"publish","type":"product","link":"https:\/\/bodegacanrubi.com\/de\/producto\/can-rubi-tinto-joven\/","title":{"rendered":"CAM\u00cd ENTRE VINYES Rotwein \u00b7 Cabernet \u00b7 Merlot \u00b7 Tempranillo Jahrgang 2024 \u00b7 75 cl"},"content":{"rendered":"<p data-start=\"95\" data-end=\"128\"><strong data-start=\"95\" data-end=\"128\">CAM\u00cd ENTRE VINYES BIO ROTWEIN<\/strong><\/p>\n<p data-start=\"130\" data-end=\"215\"><strong data-start=\"130\" data-end=\"144\">Rebsorten:<\/strong> Cabernet Sauvignon, Merlot, Tempranillo<br data-start=\"184\" data-end=\"187\" \/><strong data-start=\"187\" data-end=\"205\">Alkoholgehalt:<\/strong> 14 % vol.<\/p>\n<p data-start=\"217\" data-end=\"535\"><strong data-start=\"217\" data-end=\"233\">Herstellung:<\/strong><br data-start=\"233\" data-end=\"236\" \/>Nach einer sorgf\u00e4ltigen G\u00e4rung, die Frische und Fruchtigkeit bewahrt, wird der Wein innerhalb kurzer Zeit abgef\u00fcllt, um seinen jugendlichen und fruchtbetonten Charakter zu erhalten. Die Cuv\u00e9e aus diesen drei Rebsorten unterstreicht die Essenz reifer Fr\u00fcchte und bietet ein lebendiges Aromenspektrum.<\/p>\n<p data-start=\"537\" data-end=\"762\"><strong data-start=\"537\" data-end=\"558\">Verkostungsnotiz:<\/strong><br data-start=\"558\" data-end=\"561\" \/>Wein von intensiver roter Farbe mit violetten Nuancen. Aroma reifer Fr\u00fcchte mit leichten Gew\u00fcrznoten und floralen Ankl\u00e4ngen. Am Gaumen frisch und lebendig, mit guter S\u00e4urestruktur und weichen Tanninen.<\/p>\n<p data-start=\"764\" data-end=\"867\"><strong data-start=\"764\" data-end=\"785\">Speiseempfehlung:<\/strong><br data-start=\"785\" data-end=\"788\" \/>Ideal zu Tapas, Wurstwaren, gegrilltem Fleisch, hellem Fleisch und mildem K\u00e4se.<\/p>\n<p data-start=\"869\" data-end=\"931\"><strong data-start=\"869\" data-end=\"891\">Servierempfehlung:<\/strong><br data-start=\"891\" data-end=\"894\" \/>Empfohlene Trinktemperatur: 15\u201318 \u00baC.<\/p>\n","protected":false},"excerpt":{"rendered":"<h3>CAM\u00cd ENTRE VINYES NEGRE ECOL\u00d2GIC<\/h3>\n<p><strong>Variedades:<\/strong>\u00a0Cabernet Sauvignon, Merlot Tempranillo.<br \/>\n<strong>Graduaci\u00f3n:<\/strong>\u00a014% vol.<br \/>\n<strong>Elaboraci\u00f3n:<\/strong>\u00a0Tras una fermentaci\u00f3n cuuidadosa que garantiza frescura y frutosidad, se embotella en un corto plazo para preservar su car\u00e1cter juvenil y afrutado. El coupage de estas tres variedades realza la esencia de la fruta madura, ofreciendo una paleta de sabores vivos.<br \/>\n<strong>Nota de cata:<\/strong>\u00a0Vino de color rojo intenso con matices viol\u00e1ceos. Aroma de fruta madura con toques ligeros de especias y matices florales. En boca tiene un sabor fresco y vivaz, con buena acidez y t\u00e9rminos suaves.<br \/>\n<strong>Maridaje:<\/strong>\u00a0Ideal para acompa\u00f1ar tapas, embutidos, carnes a la parrilla, carnes blancas y quesos suaves.<br \/>\n<strong>Recomendaciones de servicio:<\/strong>\u00a0Se aconseja servir entre 15-18 \u00baC.<\/p>\n","protected":false},"featured_media":19963,"template":"","meta":{"om_disable_all_campaigns":false,"_monsterinsights_skip_tracking":false,"_monsterinsights_sitenote_active":false,"_monsterinsights_sitenote_note":"","_monsterinsights_sitenote_category":0},"product_brand":[],"product_cat":[242,215],"product_tag":[],"class_list":{"0":"post-16693","1":"product","2":"type-product","3":"status-publish","4":"has-post-thumbnail","6":"product_cat-edicion-especial-de","7":"product_cat-weine-de","10":"first","11":"instock","12":"taxable","13":"shipping-taxable","14":"purchasable","15":"product-type-simple"},"aioseo_notices":[],"_links":{"self":[{"href":"https:\/\/bodegacanrubi.com\/de\/wp-json\/wp\/v2\/product\/16693","targetHints":{"allow":["GET"]}}],"collection":[{"href":"https:\/\/bodegacanrubi.com\/de\/wp-json\/wp\/v2\/product"}],"about":[{"href":"https:\/\/bodegacanrubi.com\/de\/wp-json\/wp\/v2\/types\/product"}],"version-history":[{"count":7,"href":"https:\/\/bodegacanrubi.com\/de\/wp-json\/wp\/v2\/product\/16693\/revisions"}],"predecessor-version":[{"id":25663,"href":"https:\/\/bodegacanrubi.com\/de\/wp-json\/wp\/v2\/product\/16693\/revisions\/25663"}],"wp:featuredmedia":[{"embeddable":true,"href":"https:\/\/bodegacanrubi.com\/de\/wp-json\/wp\/v2\/media\/19963"}],"wp:attachment":[{"href":"https:\/\/bodegacanrubi.com\/de\/wp-json\/wp\/v2\/media?parent=16693"}],"wp:term":[{"taxonomy":"product_brand","embeddable":true,"href":"https:\/\/bodegacanrubi.com\/de\/wp-json\/wp\/v2\/product_brand?post=16693"},{"taxonomy":"product_cat","embeddable":true,"href":"https:\/\/bodegacanrubi.com\/de\/wp-json\/wp\/v2\/product_cat?post=16693"},{"taxonomy":"product_tag","embeddable":true,"href":"https:\/\/bodegacanrubi.com\/de\/wp-json\/wp\/v2\/product_tag?post=16693"}],"curies":[{"name":"wp","href":"https:\/\/api.w.org\/{rel}","templated":true}]}}