{"id":16678,"date":"2023-06-20T19:59:00","date_gmt":"2023-06-20T17:59:00","guid":{"rendered":"https:\/\/bodegacanrubi.com\/producto\/can-rubi-rosado\/"},"modified":"2026-03-18T16:18:58","modified_gmt":"2026-03-18T15:18:58","slug":"can-rubi-rosado","status":"publish","type":"product","link":"https:\/\/bodegacanrubi.com\/de\/producto\/can-rubi-rosado\/","title":{"rendered":"RUB\u00cd 1912 ROS\u00c9 2024 75CL"},"content":{"rendered":"<h3>Can Rub\u00ed 1912 Rosat:<\/h3>\n<p>&nbsp;<\/p>\n<p><strong>Variedades:<\/strong> Manto Negro y Syrah. <strong>Graduaci\u00f3n:<\/strong> 13% vol. <strong>Nota de cata:<\/strong> Vino de color rosa intenso y brillante de gran frescura y agradable aroma. Aromas intensos, limpios y afrutados que nos recuerdan a frutas del bosque con notas c\u00edtricas y florales. En boca tiene una entrada fresca redondeada con una acidez perfectamente equilibrada, con un paso suave y un final con notas frutales. <strong>Maridaje:<\/strong> Ideal para acompa\u00f1ar todo tipo de carnes, pastas, embutidos y quesos. <strong>Recomendaciones de servicio:<\/strong> Se aconseja servir entre 8 y 10 \u00baC.    <\/p>\n","protected":false},"excerpt":{"rendered":"<h3>Can Rub\u00ed 1912 Rosat:<\/h3>\n<p><strong>Variedades:<\/strong> Manto Negro y Syrah. <strong>Graduaci\u00f3n:<\/strong> 13% vol&#8230; <\/p>\n","protected":false},"featured_media":19951,"template":"","meta":{"om_disable_all_campaigns":false,"_monsterinsights_skip_tracking":false,"_monsterinsights_sitenote_active":false,"_monsterinsights_sitenote_note":"","_monsterinsights_sitenote_category":0},"product_brand":[],"product_cat":[226,215],"product_tag":[],"class_list":{"0":"post-16678","1":"product","2":"type-product","3":"status-publish","4":"has-post-thumbnail","6":"product_cat-can-rubi-1912-de","7":"product_cat-weine-de","10":"first","11":"instock","12":"taxable","13":"shipping-taxable","14":"purchasable","15":"product-type-variable"},"aioseo_notices":[],"_links":{"self":[{"href":"https:\/\/bodegacanrubi.com\/de\/wp-json\/wp\/v2\/product\/16678","targetHints":{"allow":["GET"]}}],"collection":[{"href":"https:\/\/bodegacanrubi.com\/de\/wp-json\/wp\/v2\/product"}],"about":[{"href":"https:\/\/bodegacanrubi.com\/de\/wp-json\/wp\/v2\/types\/product"}],"version-history":[{"count":2,"href":"https:\/\/bodegacanrubi.com\/de\/wp-json\/wp\/v2\/product\/16678\/revisions"}],"predecessor-version":[{"id":21865,"href":"https:\/\/bodegacanrubi.com\/de\/wp-json\/wp\/v2\/product\/16678\/revisions\/21865"}],"wp:featuredmedia":[{"embeddable":true,"href":"https:\/\/bodegacanrubi.com\/de\/wp-json\/wp\/v2\/media\/19951"}],"wp:attachment":[{"href":"https:\/\/bodegacanrubi.com\/de\/wp-json\/wp\/v2\/media?parent=16678"}],"wp:term":[{"taxonomy":"product_brand","embeddable":true,"href":"https:\/\/bodegacanrubi.com\/de\/wp-json\/wp\/v2\/product_brand?post=16678"},{"taxonomy":"product_cat","embeddable":true,"href":"https:\/\/bodegacanrubi.com\/de\/wp-json\/wp\/v2\/product_cat?post=16678"},{"taxonomy":"product_tag","embeddable":true,"href":"https:\/\/bodegacanrubi.com\/de\/wp-json\/wp\/v2\/product_tag?post=16678"}],"curies":[{"name":"wp","href":"https:\/\/api.w.org\/{rel}","templated":true}]}}