{"id":16667,"date":"2023-06-21T05:08:11","date_gmt":"2023-06-21T03:08:11","guid":{"rendered":"https:\/\/bodegacanrubi.com\/producto\/hierbas-rubi-secas-1l\/"},"modified":"2026-03-28T21:02:43","modified_gmt":"2026-03-28T20:02:43","slug":"hierbas-rubi-secas-1l","status":"publish","type":"product","link":"https:\/\/bodegacanrubi.com\/de\/producto\/hierbas-rubi-secas-1l\/","title":{"rendered":"HERBES RUB\u00cd TROCKENER KR\u00c4UTERLIK\u00d6R 1L"},"content":{"rendered":"<h3>Getrocknete Rub\u00edn Kr\u00e4uter 1L<\/h3>\n<p>&nbsp;<\/p>\n<p><strong>Graduaci\u00f3n alcoh\u00f3lica:<\/strong> 38%vol. <strong>Nota de cata:<\/strong> En esta variedad de hierbas destacan los sabores del romero y la manzanilla. Tiene un perfil m\u00e1s potente y herb\u00e1ceo, con un ligero amargor. Es una opci\u00f3n ideal para quienes buscan una experiencia m\u00e1s intensa.   <\/p>\n","protected":false},"excerpt":{"rendered":"<h3>Hierbas Secas 1L:<\/h3>\n<p>&nbsp;<\/p>\n<p><strong>Graduaci\u00f3n alcoh\u00f3lica:<\/strong> 38%vol&#8230;<\/p>\n","protected":false},"featured_media":12097,"template":"","meta":{"om_disable_all_campaigns":false,"_monsterinsights_skip_tracking":false,"_monsterinsights_sitenote_active":false,"_monsterinsights_sitenote_note":"","_monsterinsights_sitenote_category":0},"product_brand":[],"product_cat":[218,221],"product_tag":[],"class_list":{"0":"post-16667","1":"product","2":"type-product","3":"status-publish","4":"has-post-thumbnail","6":"product_cat-hierbas-mallorquinas-de","7":"product_cat-hierbas-secas-de","10":"first","11":"instock","12":"taxable","13":"shipping-taxable","14":"purchasable","15":"product-type-simple"},"aioseo_notices":[],"_links":{"self":[{"href":"https:\/\/bodegacanrubi.com\/de\/wp-json\/wp\/v2\/product\/16667","targetHints":{"allow":["GET"]}}],"collection":[{"href":"https:\/\/bodegacanrubi.com\/de\/wp-json\/wp\/v2\/product"}],"about":[{"href":"https:\/\/bodegacanrubi.com\/de\/wp-json\/wp\/v2\/types\/product"}],"version-history":[{"count":3,"href":"https:\/\/bodegacanrubi.com\/de\/wp-json\/wp\/v2\/product\/16667\/revisions"}],"predecessor-version":[{"id":21874,"href":"https:\/\/bodegacanrubi.com\/de\/wp-json\/wp\/v2\/product\/16667\/revisions\/21874"}],"wp:featuredmedia":[{"embeddable":true,"href":"https:\/\/bodegacanrubi.com\/de\/wp-json\/wp\/v2\/media\/12097"}],"wp:attachment":[{"href":"https:\/\/bodegacanrubi.com\/de\/wp-json\/wp\/v2\/media?parent=16667"}],"wp:term":[{"taxonomy":"product_brand","embeddable":true,"href":"https:\/\/bodegacanrubi.com\/de\/wp-json\/wp\/v2\/product_brand?post=16667"},{"taxonomy":"product_cat","embeddable":true,"href":"https:\/\/bodegacanrubi.com\/de\/wp-json\/wp\/v2\/product_cat?post=16667"},{"taxonomy":"product_tag","embeddable":true,"href":"https:\/\/bodegacanrubi.com\/de\/wp-json\/wp\/v2\/product_tag?post=16667"}],"curies":[{"name":"wp","href":"https:\/\/api.w.org\/{rel}","templated":true}]}}