{"id":16661,"date":"2023-06-21T04:58:57","date_gmt":"2023-06-21T02:58:57","guid":{"rendered":"https:\/\/bodegacanrubi.com\/producto\/hierbas-rubi-mezcladas-70cl\/"},"modified":"2026-03-18T16:18:58","modified_gmt":"2026-03-18T15:18:58","slug":"hierbas-rubi-mezcladas-70cl","status":"publish","type":"product","link":"https:\/\/bodegacanrubi.com\/de\/producto\/hierbas-rubi-mezcladas-70cl\/","title":{"rendered":"HERBES RUB\u00cd GEMISCHTER KR\u00c4UTERLIK\u00d6R 70CL"},"content":{"rendered":"<h3>Hierbas Mezcladas:<\/h3>\n<p>&nbsp;<\/p>\n<p><strong>Graduaci\u00f3n alcoh\u00f3lica:<\/strong> 25% vol. <strong>Nota de cata:<\/strong> Estas hierbas ofrecen un aroma predominante de an\u00eds. Su sabor es caracter\u00edstico y lleno de matices herbales. Es una opci\u00f3n m\u00e1s intensa y compleja que las hierbas dulces.   <\/p>\n","protected":false},"excerpt":{"rendered":"<h3>Hierbas Mezcladas:<\/h3>\n<p>&nbsp;<\/p>\n<p><strong>Graduaci\u00f3n alcoh\u00f3lica:<\/strong> 25% vol&#8230;<\/p>\n","protected":false},"featured_media":12088,"template":"","meta":{"om_disable_all_campaigns":false,"_monsterinsights_skip_tracking":false,"_monsterinsights_sitenote_active":false,"_monsterinsights_sitenote_note":"","_monsterinsights_sitenote_category":0},"product_brand":[],"product_cat":[218,217],"product_tag":[],"class_list":{"0":"post-16661","1":"product","2":"type-product","3":"status-publish","4":"has-post-thumbnail","6":"product_cat-hierbas-mallorquinas-de","7":"product_cat-hierbas-mezcladas-de","10":"first","11":"instock","12":"featured","13":"taxable","14":"shipping-taxable","15":"purchasable","16":"product-type-simple"},"aioseo_notices":[],"_links":{"self":[{"href":"https:\/\/bodegacanrubi.com\/de\/wp-json\/wp\/v2\/product\/16661","targetHints":{"allow":["GET"]}}],"collection":[{"href":"https:\/\/bodegacanrubi.com\/de\/wp-json\/wp\/v2\/product"}],"about":[{"href":"https:\/\/bodegacanrubi.com\/de\/wp-json\/wp\/v2\/types\/product"}],"version-history":[{"count":3,"href":"https:\/\/bodegacanrubi.com\/de\/wp-json\/wp\/v2\/product\/16661\/revisions"}],"predecessor-version":[{"id":21872,"href":"https:\/\/bodegacanrubi.com\/de\/wp-json\/wp\/v2\/product\/16661\/revisions\/21872"}],"wp:featuredmedia":[{"embeddable":true,"href":"https:\/\/bodegacanrubi.com\/de\/wp-json\/wp\/v2\/media\/12088"}],"wp:attachment":[{"href":"https:\/\/bodegacanrubi.com\/de\/wp-json\/wp\/v2\/media?parent=16661"}],"wp:term":[{"taxonomy":"product_brand","embeddable":true,"href":"https:\/\/bodegacanrubi.com\/de\/wp-json\/wp\/v2\/product_brand?post=16661"},{"taxonomy":"product_cat","embeddable":true,"href":"https:\/\/bodegacanrubi.com\/de\/wp-json\/wp\/v2\/product_cat?post=16661"},{"taxonomy":"product_tag","embeddable":true,"href":"https:\/\/bodegacanrubi.com\/de\/wp-json\/wp\/v2\/product_tag?post=16661"}],"curies":[{"name":"wp","href":"https:\/\/api.w.org\/{rel}","templated":true}]}}