{"id":16072,"date":"2023-06-21T04:54:16","date_gmt":"2023-06-21T02:54:16","guid":{"rendered":"https:\/\/bodegacanrubi.com\/?post_type=product&#038;p=16072"},"modified":"2026-03-28T21:02:42","modified_gmt":"2026-03-28T20:02:42","slug":"suesse-rubinkraeuter-1l","status":"publish","type":"product","link":"https:\/\/bodegacanrubi.com\/de\/producto\/suesse-rubinkraeuter-1l\/","title":{"rendered":"HERBES RUB\u00cd S\u00dcSSER KR\u00c4UTERLIK\u00d6R 1L"},"content":{"rendered":"<h3>Hierbas dulces 1L:<\/h3>\n<p>&nbsp;<\/p>\n<p><strong>Graduaci\u00f3n alcoh\u00f3lica:<\/strong> 22% vol. <strong>Nota de cata:<\/strong> Esta variedad de hierbas presenta notas arom\u00e1ticas de romero, melisa y otras hierbas. Tiene un sabor suave y dulce, con matices herbales y c\u00edtricos. Es una opci\u00f3n refrescante y equilibrada.   <\/p>\n","protected":false},"excerpt":{"rendered":"<h3>Hierbas dulces 1L:<\/h3>\n<p>&nbsp;<\/p>\n<p><strong>Graduaci\u00f3n alcoh\u00f3lica:<\/strong> 22% vol&#8230;<\/p>\n","protected":false},"featured_media":12085,"template":"","meta":{"om_disable_all_campaigns":false,"_monsterinsights_skip_tracking":false,"_monsterinsights_sitenote_active":false,"_monsterinsights_sitenote_note":"","_monsterinsights_sitenote_category":0},"product_brand":[],"product_cat":[247,218],"product_tag":[],"class_list":{"0":"post-16072","1":"product","2":"type-product","3":"status-publish","4":"has-post-thumbnail","6":"product_cat-hierbas-dulces-de","7":"product_cat-hierbas-mallorquinas-de","10":"first","11":"instock","12":"taxable","13":"shipping-taxable","14":"purchasable","15":"product-type-simple"},"aioseo_notices":[],"_links":{"self":[{"href":"https:\/\/bodegacanrubi.com\/de\/wp-json\/wp\/v2\/product\/16072","targetHints":{"allow":["GET"]}}],"collection":[{"href":"https:\/\/bodegacanrubi.com\/de\/wp-json\/wp\/v2\/product"}],"about":[{"href":"https:\/\/bodegacanrubi.com\/de\/wp-json\/wp\/v2\/types\/product"}],"version-history":[{"count":5,"href":"https:\/\/bodegacanrubi.com\/de\/wp-json\/wp\/v2\/product\/16072\/revisions"}],"predecessor-version":[{"id":21870,"href":"https:\/\/bodegacanrubi.com\/de\/wp-json\/wp\/v2\/product\/16072\/revisions\/21870"}],"wp:featuredmedia":[{"embeddable":true,"href":"https:\/\/bodegacanrubi.com\/de\/wp-json\/wp\/v2\/media\/12085"}],"wp:attachment":[{"href":"https:\/\/bodegacanrubi.com\/de\/wp-json\/wp\/v2\/media?parent=16072"}],"wp:term":[{"taxonomy":"product_brand","embeddable":true,"href":"https:\/\/bodegacanrubi.com\/de\/wp-json\/wp\/v2\/product_brand?post=16072"},{"taxonomy":"product_cat","embeddable":true,"href":"https:\/\/bodegacanrubi.com\/de\/wp-json\/wp\/v2\/product_cat?post=16072"},{"taxonomy":"product_tag","embeddable":true,"href":"https:\/\/bodegacanrubi.com\/de\/wp-json\/wp\/v2\/product_tag?post=16072"}],"curies":[{"name":"wp","href":"https:\/\/api.w.org\/{rel}","templated":true}]}}