{"id":16056,"date":"2023-06-21T04:50:41","date_gmt":"2023-06-21T02:50:41","guid":{"rendered":"https:\/\/bodegacanrubi.com\/?post_type=product&#038;p=16056"},"modified":"2026-03-18T16:18:58","modified_gmt":"2026-03-18T15:18:58","slug":"elementor-16056","status":"publish","type":"product","link":"https:\/\/bodegacanrubi.com\/de\/producto\/elementor-16056\/","title":{"rendered":"HERBES RUB\u00cd S\u00dcSSER KR\u00c4UTERLIK\u00d6R 70CL"},"content":{"rendered":"<h3>Hierbas dulces:<\/h3>\n<p>&nbsp;<\/p>\n<p><strong>Graduaci\u00f3n alcoh\u00f3lica:<\/strong> 22% vol. <strong>Nota de cata:<\/strong> Esta variedad de hierbas presenta notas arom\u00e1ticas de romero, melisa y otras hierbas. Tiene un sabor suave y dulce, con matices herbales y c\u00edtricos. Es una opci\u00f3n refrescante y equilibrada.   <\/p>\n","protected":false},"excerpt":{"rendered":"<h3>Hierbas dulces:<\/h3>\n<p>&nbsp;<\/p>\n<p><strong>Graduaci\u00f3n alcoh\u00f3lica:<\/strong> 22% vol&#8230;<\/p>\n","protected":false},"featured_media":12082,"template":"","meta":{"om_disable_all_campaigns":false,"_monsterinsights_skip_tracking":false,"_monsterinsights_sitenote_active":false,"_monsterinsights_sitenote_note":"","_monsterinsights_sitenote_category":0},"product_brand":[],"product_cat":[247,218],"product_tag":[],"class_list":{"0":"post-16056","1":"product","2":"type-product","3":"status-publish","4":"has-post-thumbnail","6":"product_cat-hierbas-dulces-de","7":"product_cat-hierbas-mallorquinas-de","10":"first","11":"instock","12":"taxable","13":"shipping-taxable","14":"purchasable","15":"product-type-simple"},"aioseo_notices":[],"_links":{"self":[{"href":"https:\/\/bodegacanrubi.com\/de\/wp-json\/wp\/v2\/product\/16056","targetHints":{"allow":["GET"]}}],"collection":[{"href":"https:\/\/bodegacanrubi.com\/de\/wp-json\/wp\/v2\/product"}],"about":[{"href":"https:\/\/bodegacanrubi.com\/de\/wp-json\/wp\/v2\/types\/product"}],"version-history":[{"count":7,"href":"https:\/\/bodegacanrubi.com\/de\/wp-json\/wp\/v2\/product\/16056\/revisions"}],"predecessor-version":[{"id":21871,"href":"https:\/\/bodegacanrubi.com\/de\/wp-json\/wp\/v2\/product\/16056\/revisions\/21871"}],"wp:featuredmedia":[{"embeddable":true,"href":"https:\/\/bodegacanrubi.com\/de\/wp-json\/wp\/v2\/media\/12082"}],"wp:attachment":[{"href":"https:\/\/bodegacanrubi.com\/de\/wp-json\/wp\/v2\/media?parent=16056"}],"wp:term":[{"taxonomy":"product_brand","embeddable":true,"href":"https:\/\/bodegacanrubi.com\/de\/wp-json\/wp\/v2\/product_brand?post=16056"},{"taxonomy":"product_cat","embeddable":true,"href":"https:\/\/bodegacanrubi.com\/de\/wp-json\/wp\/v2\/product_cat?post=16056"},{"taxonomy":"product_tag","embeddable":true,"href":"https:\/\/bodegacanrubi.com\/de\/wp-json\/wp\/v2\/product_tag?post=16056"}],"curies":[{"name":"wp","href":"https:\/\/api.w.org\/{rel}","templated":true}]}}