{"id":15281,"date":"2024-09-03T19:38:13","date_gmt":"2024-09-03T17:38:13","guid":{"rendered":"https:\/\/bodegacanrubi.com\/?post_type=product&#038;p=15281"},"modified":"2025-01-29T20:09:20","modified_gmt":"2025-01-29T19:09:20","slug":"el-regalo-perfecto","status":"publish","type":"product","link":"https:\/\/bodegacanrubi.com\/de\/producto\/el-regalo-perfecto\/","title":{"rendered":"El regalo perfecto"},"content":{"rendered":"\t\t<div data-elementor-type=\"wp-post\" data-elementor-id=\"15281\" class=\"elementor elementor-15281\" data-elementor-post-type=\"product\">\n\t\t\t\t\t\t<section class=\"elementor-section elementor-top-section elementor-element elementor-element-1b0cd6b8 elementor-section-full_width elementor-section-height-default elementor-section-height-default\" data-id=\"1b0cd6b8\" data-element_type=\"section\" data-e-type=\"section\">\n\t\t\t\t\t\t<div class=\"elementor-container elementor-column-gap-default\">\n\t\t\t\t\t<div class=\"elementor-column elementor-col-100 elementor-top-column elementor-element elementor-element-55e9005\" data-id=\"55e9005\" data-element_type=\"column\" data-e-type=\"column\">\n\t\t\t<div class=\"elementor-widget-wrap elementor-element-populated\">\n\t\t\t\t\t\t<div class=\"elementor-element elementor-element-852fa74 elementor-widget elementor-widget-text-editor\" data-id=\"852fa74\" data-element_type=\"widget\" data-e-type=\"widget\" data-widget_type=\"text-editor.default\">\n\t\t\t\t<div class=\"elementor-widget-container\">\n\t\t\t\t\t\t\t\t\t<div class=\"elementor-element elementor-element-4b482fb elementor-widget elementor-widget-heading\" data-id=\"4b482fb\" data-element_type=\"widget\" data-widget_type=\"heading.default\"><div class=\"elementor-widget-container\"><h3 class=\"elementor-heading-title elementor-size-default\">Condiciones e Informaci\u00f3n Importante:<\/h3><\/div><\/div><div class=\"elementor-element elementor-element-116f75f elementor-widget elementor-widget-text-editor\" data-id=\"116f75f\" data-element_type=\"widget\" data-widget_type=\"text-editor.default\"><div class=\"elementor-widget-container\"><p>La cata tiene una duraci\u00f3n aproximada de entre 60 y 90 minutos, para grupos de 2 a 20 personas.<\/p><p>El maridaje est\u00e1 sujeto a variaciones en funci\u00f3n de la temporada. En caso necesario, los surtidos se sustituir\u00e1n por productos de gama y calidad equivalente o superior.<\/p><p><strong>Importante:<\/strong>\u00a0Se proh\u00edbe el consumo de bebidas alcoh\u00f3licas a los menores de 18 a\u00f1os.<br \/>La reserva de cata tiene una caducidad de 6 meses desde la fecha de compra.<\/p><p><strong>Horario de catas:<\/strong>\u00a0De Martes a Viernes de 10h a 14h y de 16h a 19h.\u00a0S\u00e1bados de 10h a 14h.<\/p><p><strong>Horario de catas en Agosto:<\/strong>\u00a0De Martes a S\u00e1bado de 10h a 14h.<br \/>Las reservas se pueden hacer con 2 horas de antelaci\u00f3n, enviando un correo a\u00a0<a href=\"mailto:tienda@bodegacanrubi.com\">tienda@bodegacanrubi.com<\/a>\u00a0o llamando al\u00a0<a href=\"tel:971 620 940\"><strong>971 620 940<\/strong><\/a>.<\/p><p><strong>Importante:<\/strong>\u00a0Cancelaciones y devoluciones s\u00f3lo con 24 horas de antelaci\u00f3n.<\/p><\/div><\/div>\t\t\t\t\t\t\t\t<\/div>\n\t\t\t\t<\/div>\n\t\t\t\t\t<\/div>\n\t\t<\/div>\n\t\t\t\t\t<\/div>\n\t\t<\/section>\n\t\t\t\t<section class=\"elementor-section elementor-top-section elementor-element elementor-element-9bfa70c elementor-section-full_width elementor-section-height-default elementor-section-height-default\" data-id=\"9bfa70c\" data-element_type=\"section\" data-e-type=\"section\">\n\t\t\t\t\t\t<div class=\"elementor-container elementor-column-gap-default\">\n\t\t\t\t\t<div class=\"elementor-column elementor-col-100 elementor-top-column elementor-element elementor-element-aec2e6d\" data-id=\"aec2e6d\" data-element_type=\"column\" data-e-type=\"column\">\n\t\t\t<div class=\"elementor-widget-wrap elementor-element-populated\">\n\t\t\t\t\t\t<div class=\"elementor-element elementor-element-bb3e1ce elementor-widget elementor-widget-text-editor\" data-id=\"bb3e1ce\" data-element_type=\"widget\" data-e-type=\"widget\" data-widget_type=\"text-editor.default\">\n\t\t\t\t<div class=\"elementor-widget-container\">\n\t\t\t\t\t\t\t\t\t<div class=\"elementor-element elementor-element-4b482fb elementor-widget elementor-widget-heading\" data-id=\"4b482fb\" data-element_type=\"widget\" data-widget_type=\"heading.default\"><div class=\"elementor-widget-container\"><h3 class=\"elementor-heading-title elementor-size-default\">Condiciones e Informaci\u00f3n Importante:<\/h3><\/div><\/div><div class=\"elementor-element elementor-element-116f75f elementor-widget elementor-widget-text-editor\" data-id=\"116f75f\" data-element_type=\"widget\" data-widget_type=\"text-editor.default\"><div class=\"elementor-widget-container\"><p>La cata tiene una duraci\u00f3n aproximada de entre 60 y 90 minutos, para grupos de 2 a 20 personas.<\/p><p>El maridaje est\u00e1 sujeto a variaciones en funci\u00f3n de la temporada. En caso necesario, los surtidos se sustituir\u00e1n por productos de gama y calidad equivalente o superior.<\/p><p><strong>Importante:<\/strong>\u00a0Se proh\u00edbe el consumo de bebidas alcoh\u00f3licas a los menores de 18 a\u00f1os.<br \/>La reserva de cata tiene una caducidad de 6 meses desde la fecha de compra.<\/p><p><strong>Horario de catas:<\/strong>\u00a0De Martes a Viernes de 10h a 14h y de 16h a 19h.\u00a0S\u00e1bados de 10h a 14h.<\/p><p><strong>Horario de catas en Agosto:<\/strong>\u00a0De Martes a S\u00e1bado de 10h a 14h.<br \/>Las reservas se pueden hacer con 2 horas de antelaci\u00f3n, enviando un correo a\u00a0<a href=\"mailto:tienda@bodegacanrubi.com\">tienda@bodegacanrubi.com<\/a>\u00a0o llamando al\u00a0<a href=\"tel:971 620 940\"><strong>971 620 940<\/strong><\/a>.<\/p><p><strong>Importante:<\/strong>\u00a0Cancelaciones y devoluciones s\u00f3lo con 24 horas de antelaci\u00f3n.<\/p><\/div><\/div>\t\t\t\t\t\t\t\t<\/div>\n\t\t\t\t<\/div>\n\t\t\t\t\t<\/div>\n\t\t<\/div>\n\t\t\t\t\t<\/div>\n\t\t<\/section>\n\t\t\t\t<\/div>\n\t\t","protected":false},"excerpt":{"rendered":"<div class=\"elementor-element elementor-element-4b482fb elementor-widget elementor-widget-heading\" data-id=\"4b482fb\" data-element_type=\"widget\" data-widget_type=\"heading.default\">\n<div class=\"elementor-widget-container\">\n<h3 class=\"elementor-heading-title elementor-size-default\">Condiciones e Informaci\u00f3n Importante:<\/h3>\n<\/div>\n<\/div>\n<div class=\"elementor-element elementor-element-116f75f elementor-widget elementor-widget-text-editor\" data-id=\"116f75f\" data-element_type=\"widget\" data-widget_type=\"text-editor.default\">\n<div class=\"elementor-widget-container\">\n<p>La cata tiene una duraci\u00f3n aproximada de entre 60 y 90 minutos, para grupos de 2 a 20 personas.<\/p>\n<p>El maridaje est\u00e1 sujeto a variaciones en funci\u00f3n de la temporada. En caso necesario, los surtidos se sustituir\u00e1n por productos de gama y calidad equivalente o superior.<\/p>\n<p><strong>Importante:<\/strong>\u00a0Se proh\u00edbe el consumo de bebidas alcoh\u00f3licas a los menores de 18 a\u00f1os.<br \/>\nLa reserva de cata tiene una caducidad de 6 meses desde la fecha de compra.<\/p>\n<p><strong>Horario de catas:<\/strong>\u00a0De Martes a Viernes de 10h a 14h y de 16h a 19h.\u00a0S\u00e1bados de 10h a 14h.<\/p>\n<p><strong>Horario de catas en Agosto:<\/strong>\u00a0De Martes a S\u00e1bado de 10h a 14h.<br \/>\nLas reservas se pueden hacer con 2 horas de antelaci\u00f3n, enviando un correo a\u00a0<a href=\"mailto:tienda@bodegacanrubi.com\">tienda@bodegacanrubi.com<\/a>\u00a0o llamando al\u00a0<a href=\"tel:971 620 940\"><strong>971 620 940<\/strong><\/a>.<\/p>\n<p><strong>Importante:<\/strong> Cancelaciones y devoluciones s\u00f3lo con 24 horas de antelaci\u00f3n.<\/p>\n<\/div>\n<\/div>\n","protected":false},"featured_media":15283,"template":"","meta":{"om_disable_all_campaigns":false,"_monsterinsights_skip_tracking":false,"_monsterinsights_sitenote_active":false,"_monsterinsights_sitenote_note":"","_monsterinsights_sitenote_category":0},"product_brand":[],"product_cat":[151],"product_tag":[],"class_list":{"0":"post-15281","1":"product","2":"type-product","3":"status-publish","4":"has-post-thumbnail","6":"product_cat-catas-y-visitas","9":"first","10":"instock","11":"virtual","12":"taxable","13":"purchasable","14":"product-type-simple"},"aioseo_notices":[],"_links":{"self":[{"href":"https:\/\/bodegacanrubi.com\/de\/wp-json\/wp\/v2\/product\/15281","targetHints":{"allow":["GET"]}}],"collection":[{"href":"https:\/\/bodegacanrubi.com\/de\/wp-json\/wp\/v2\/product"}],"about":[{"href":"https:\/\/bodegacanrubi.com\/de\/wp-json\/wp\/v2\/types\/product"}],"version-history":[{"count":13,"href":"https:\/\/bodegacanrubi.com\/de\/wp-json\/wp\/v2\/product\/15281\/revisions"}],"predecessor-version":[{"id":21484,"href":"https:\/\/bodegacanrubi.com\/de\/wp-json\/wp\/v2\/product\/15281\/revisions\/21484"}],"wp:featuredmedia":[{"embeddable":true,"href":"https:\/\/bodegacanrubi.com\/de\/wp-json\/wp\/v2\/media\/15283"}],"wp:attachment":[{"href":"https:\/\/bodegacanrubi.com\/de\/wp-json\/wp\/v2\/media?parent=15281"}],"wp:term":[{"taxonomy":"product_brand","embeddable":true,"href":"https:\/\/bodegacanrubi.com\/de\/wp-json\/wp\/v2\/product_brand?post=15281"},{"taxonomy":"product_cat","embeddable":true,"href":"https:\/\/bodegacanrubi.com\/de\/wp-json\/wp\/v2\/product_cat?post=15281"},{"taxonomy":"product_tag","embeddable":true,"href":"https:\/\/bodegacanrubi.com\/de\/wp-json\/wp\/v2\/product_tag?post=15281"}],"curies":[{"name":"wp","href":"https:\/\/api.w.org\/{rel}","templated":true}]}}