{"id":17101,"date":"2024-10-03T17:44:48","date_gmt":"2024-10-03T15:44:48","guid":{"rendered":"https:\/\/bodegacanrubi.com\/?page_id=17101"},"modified":"2024-10-03T19:53:17","modified_gmt":"2024-10-03T17:53:17","slug":"nachrichten","status":"publish","type":"page","link":"https:\/\/bodegacanrubi.com\/de\/nachrichten\/","title":{"rendered":"Nachrichten"},"content":{"rendered":"\t\t<div data-elementor-type=\"wp-page\" data-elementor-id=\"17101\" class=\"elementor elementor-17101 elementor-17069\" data-elementor-post-type=\"page\">\n\t\t\t\t\t\t<section class=\"elementor-section elementor-top-section elementor-element elementor-element-c75ee0a elementor-section-boxed elementor-section-height-default elementor-section-height-default\" data-id=\"c75ee0a\" data-element_type=\"section\" data-e-type=\"section\">\n\t\t\t\t\t\t<div class=\"elementor-container elementor-column-gap-default\">\n\t\t\t\t\t<div class=\"elementor-column elementor-col-100 elementor-top-column elementor-element elementor-element-dfe0686\" data-id=\"dfe0686\" data-element_type=\"column\" data-e-type=\"column\">\n\t\t\t<div class=\"elementor-widget-wrap elementor-element-populated\">\n\t\t\t\t\t\t<div class=\"elementor-element elementor-element-3c6c1b5 elementor-widget elementor-widget-bwp_recent_post\" data-id=\"3c6c1b5\" data-element_type=\"widget\" data-e-type=\"widget\" data-widget_type=\"bwp_recent_post.default\">\n\t\t\t\t<div class=\"elementor-widget-container\">\n\t\t\t\t\t<div class=\"bwp-recent-post default\">\r\n <div class=\"block\">\r\n \t  <div class=\"block_content\">\r\n   <div id=\"recent_post_4139220491776346726\" class=\"row\">\r\n\t\t\t\t<!-- Wrapper for slides -->\r\n\t\t\t\t\t<div  class=\"post-grid col-lg-4 col-md-12 col-sm-12 col-xs-12 post-20695 post type-post status-publish format-standard has-post-thumbnail hentry category-unkategorisiert\">\r\n\t\t\t\t<div class=\"post-inner style\">\r\n\t\t\t\t\t<a class=\"post-thumbnail\" href=\"https:\/\/bodegacanrubi.com\/de\/alada-bio-vegan\/\" aria-hidden=\"true\">\r\n\t\t\t\t\t<img decoding=\"async\" width=\"571\" height=\"385\" src=\"https:\/\/bodegacanrubi.com\/wp-content\/uploads\/2025\/09\/Alada-blog-web-01.jpg\" class=\"attachment-post-thumbnail size-post-thumbnail wp-post-image\" alt=\"Alada\u00a0\u2014\u00a0Bio\u00a0&amp;\u00a0vegan\" \/>\t\t\t\t\t<\/a>\r\n\t\t\t\t\t<div class=\"post-content\">\r\n\t\t\t\t\t\t<h2 class=\"entry-title\"><a href=\"https:\/\/bodegacanrubi.com\/de\/alada-bio-vegan\/\">Alada\u00a0\u2014\u00a0Bio\u00a0&amp;\u00a0vegan<\/a><\/h2> \r\n\t\t\t\t\t\t<div class=\"entry-meta\">\r\n\t\t\t\t\t\t\t<span class=\"entry-date\"><time class=\"entry-date\" datetime=\"2025-09-03T15:14:47+02:00\">03.09.2025<\/time><\/span>\t \r\n\t\t\t\t\t\t<\/div>\t\t\t\t\t\t\r\n\t\t\t\t\t\t<p class=\"post-excerpt\">\nEntdecken Sie Alada Ecol\u00f3gico von Can Rub\u00ed: vegane und \u00f6kologische Weine aus Mallorca, hergestellt mit Respekt f\u00fcr die Natur seit vier Generationen.\n\n\n\nCan Rub\u00ed: vier... <\/p><div class=\"btn-read-more\"><a class=\"read-more\" href=\"https:\/\/bodegacanrubi.com\/de\/alada-bio-vegan\/\">read More<\/a><\/div>\t\t\t\t\t<\/div>\r\n\t\t\t\t<\/div>\r\n\t\t\t<\/div><!-- #post-## -->\t\r\n\t\t\t\t\t\t<!-- Wrapper for slides -->\r\n\t\t\t\t\t<div  class=\"post-grid col-lg-4 col-md-12 col-sm-12 col-xs-12 post-20209 post type-post status-publish format-standard has-post-thumbnail hentry category-unkategorisiert\">\r\n\t\t\t\t<div class=\"post-inner style\">\r\n\t\t\t\t\t<a class=\"post-thumbnail\" href=\"https:\/\/bodegacanrubi.com\/de\/ein-gratis-pincho-zu-deinem-wein-oder-wermut-bei-can-rubi\/\" aria-hidden=\"true\">\r\n\t\t\t\t\t<img decoding=\"async\" width=\"720\" height=\"484\" src=\"https:\/\/bodegacanrubi.com\/wp-content\/uploads\/2025\/05\/Portada-blog-Pinchos-04-1-720x484.jpg\" class=\"attachment-post-thumbnail size-post-thumbnail wp-post-image\" alt=\"Ein Gratis-Pincho zu deinem Wein oder Wermut bei Can Rub\u00ed\" \/>\t\t\t\t\t<\/a>\r\n\t\t\t\t\t<div class=\"post-content\">\r\n\t\t\t\t\t\t<h2 class=\"entry-title\"><a href=\"https:\/\/bodegacanrubi.com\/de\/ein-gratis-pincho-zu-deinem-wein-oder-wermut-bei-can-rubi\/\">Ein Gratis-Pincho zu deinem Wein oder Wermut bei Can Rub\u00ed<\/a><\/h2> \r\n\t\t\t\t\t\t<div class=\"entry-meta\">\r\n\t\t\t\t\t\t\t<span class=\"entry-date\"><time class=\"entry-date\" datetime=\"2025-05-20T18:43:55+02:00\">20.05.2025<\/time><\/span>\t \r\n\t\t\t\t\t\t<\/div>\t\t\t\t\t\t\r\n\t\t\t\t\t\t<p class=\"post-excerpt\">\nCan Rub\u00ed wissen wir, dass Wein mehr ist als nur ein Getr\u00e4nk \u2013 er ist ein Erlebnis, das man teilen, entdecken und in gem\u00fctlicher... <\/p><div class=\"btn-read-more\"><a class=\"read-more\" href=\"https:\/\/bodegacanrubi.com\/de\/ein-gratis-pincho-zu-deinem-wein-oder-wermut-bei-can-rubi\/\">read More<\/a><\/div>\t\t\t\t\t<\/div>\r\n\t\t\t\t<\/div>\r\n\t\t\t<\/div><!-- #post-## -->\t\r\n\t\t\t\t\t\t<!-- Wrapper for slides -->\r\n\t\t\t\t\t<div  class=\"post-grid col-lg-4 col-md-12 col-sm-12 col-xs-12 post-17045 post type-post status-publish format-standard has-post-thumbnail hentry category-unkategorisiert\">\r\n\t\t\t\t<div class=\"post-inner style\">\r\n\t\t\t\t\t<a class=\"post-thumbnail\" href=\"https:\/\/bodegacanrubi.com\/de\/wine-sound-bei-can-rubi\/\" aria-hidden=\"true\">\r\n\t\t\t\t\t<img loading=\"lazy\" decoding=\"async\" width=\"274\" height=\"185\" src=\"https:\/\/bodegacanrubi.com\/wp-content\/uploads\/2024\/09\/imagen-baner.png\" class=\"attachment-post-thumbnail size-post-thumbnail wp-post-image\" alt=\"Wine &amp; Sound bei Can Rub\u00ed\" \/>\t\t\t\t\t<\/a>\r\n\t\t\t\t\t<div class=\"post-content\">\r\n\t\t\t\t\t\t<h2 class=\"entry-title\"><a href=\"https:\/\/bodegacanrubi.com\/de\/wine-sound-bei-can-rubi\/\">Wine &amp; Sound bei Can Rub\u00ed<\/a><\/h2> \r\n\t\t\t\t\t\t<div class=\"entry-meta\">\r\n\t\t\t\t\t\t\t<span class=\"entry-date\"><time class=\"entry-date\" datetime=\"2024-09-30T22:43:53+02:00\">30.09.2024<\/time><\/span>\t \r\n\t\t\t\t\t\t<\/div>\t\t\t\t\t\t\r\n\t\t\t\t\t\t<p class=\"post-excerpt\">\nWein, Musik und Mallorquinische Tapas f\u00fcr einen Unvergesslichen Abend\n\n\n\nIn unserem Verkostungsgesch\u00e4ft Can Rub\u00ed veranstalten wir jeden Monat ein einzigartigesEvent, das sowohl Einheimische als auch... <\/p><div class=\"btn-read-more\"><a class=\"read-more\" href=\"https:\/\/bodegacanrubi.com\/de\/wine-sound-bei-can-rubi\/\">read More<\/a><\/div>\t\t\t\t\t<\/div>\r\n\t\t\t\t<\/div>\r\n\t\t\t<\/div><!-- #post-## -->\t\r\n\t\t\t\t\t\t<!-- Wrapper for slides -->\r\n\t\t\t\t\t<div  class=\"post-grid col-lg-4 col-md-12 col-sm-12 col-xs-12 post-17123 post type-post status-publish format-standard has-post-thumbnail hentry category-unkategorisiert\">\r\n\t\t\t\t<div class=\"post-inner style\">\r\n\t\t\t\t\t<a class=\"post-thumbnail\" href=\"https:\/\/bodegacanrubi.com\/de\/neues-format-von-es-padri\/\" aria-hidden=\"true\">\r\n\t\t\t\t\t<img loading=\"lazy\" decoding=\"async\" width=\"274\" height=\"185\" src=\"https:\/\/bodegacanrubi.com\/wp-content\/uploads\/2023\/06\/Group-6.png\" class=\"attachment-post-thumbnail size-post-thumbnail wp-post-image\" alt=\"Neues Format von Es Padri\" \/>\t\t\t\t\t<\/a>\r\n\t\t\t\t\t<div class=\"post-content\">\r\n\t\t\t\t\t\t<h2 class=\"entry-title\"><a href=\"https:\/\/bodegacanrubi.com\/de\/neues-format-von-es-padri\/\">Neues Format von Es Padri<\/a><\/h2> \r\n\t\t\t\t\t\t<div class=\"entry-meta\">\r\n\t\t\t\t\t\t\t<span class=\"entry-date\"><time class=\"entry-date\" datetime=\"2023-06-14T04:42:28+02:00\">14.06.2023<\/time><\/span>\t \r\n\t\t\t\t\t\t<\/div>\t\t\t\t\t\t\r\n\t\t\t\t\t\t<p class=\"post-excerpt\">Neues Format von Es Padri\nErweitern Sie Ihr Erlebnis\nWir von Can Rubi freuen uns, Ihnen eine Neuheit in unserem Weinkatalog vorstellen zu k\u00f6nnen: die Weinflasche... <\/p><div class=\"btn-read-more\"><a class=\"read-more\" href=\"https:\/\/bodegacanrubi.com\/de\/neues-format-von-es-padri\/\">read More<\/a><\/div>\t\t\t\t\t<\/div>\r\n\t\t\t\t<\/div>\r\n\t\t\t<\/div><!-- #post-## -->\t\r\n\t\t\t\t   <\/div>\r\n  <\/div>\r\n <\/div>\r\n<\/div>\r\n\t\t\t\t<\/div>\n\t\t\t\t<\/div>\n\t\t\t\t\t<\/div>\n\t\t<\/div>\n\t\t\t\t\t<\/div>\n\t\t<\/section>\n\t\t\t\t<\/div>\n\t\t","protected":false},"excerpt":{"rendered":"<p>Wine &amp; Sound bei Can Rub\u00ed 30.09.2024 Wein, Musik und Mallorquinische Tapas f\u00fcr einen Unvergesslichen AbendIn unserem Verkostungsgesch\u00e4ft Can Rub\u00ed veranstalten wir jeden Monat ein einzigartigesEvent, das sowohl Einheimische als auch&#8230; read More Neues Format von Es Padri 14.06.2023 Neues Format von Es PadriErweitern Sie Ihr ErlebnisWir von Can Rubi freuen uns, Ihnen eine Neuheit [&hellip;]<\/p>\n","protected":false},"author":1,"featured_media":0,"parent":0,"menu_order":0,"comment_status":"closed","ping_status":"closed","template":"","meta":{"om_disable_all_campaigns":false,"_monsterinsights_skip_tracking":false,"_monsterinsights_sitenote_active":false,"_monsterinsights_sitenote_note":"","_monsterinsights_sitenote_category":0,"footnotes":""},"class_list":["post-17101","page","type-page","status-publish","hentry","has-post-thumbnail"],"aioseo_notices":[],"_links":{"self":[{"href":"https:\/\/bodegacanrubi.com\/de\/wp-json\/wp\/v2\/pages\/17101","targetHints":{"allow":["GET"]}}],"collection":[{"href":"https:\/\/bodegacanrubi.com\/de\/wp-json\/wp\/v2\/pages"}],"about":[{"href":"https:\/\/bodegacanrubi.com\/de\/wp-json\/wp\/v2\/types\/page"}],"author":[{"embeddable":true,"href":"https:\/\/bodegacanrubi.com\/de\/wp-json\/wp\/v2\/users\/1"}],"replies":[{"embeddable":true,"href":"https:\/\/bodegacanrubi.com\/de\/wp-json\/wp\/v2\/comments?post=17101"}],"version-history":[{"count":7,"href":"https:\/\/bodegacanrubi.com\/de\/wp-json\/wp\/v2\/pages\/17101\/revisions"}],"predecessor-version":[{"id":17142,"href":"https:\/\/bodegacanrubi.com\/de\/wp-json\/wp\/v2\/pages\/17101\/revisions\/17142"}],"wp:attachment":[{"href":"https:\/\/bodegacanrubi.com\/de\/wp-json\/wp\/v2\/media?parent=17101"}],"curies":[{"name":"wp","href":"https:\/\/api.w.org\/{rel}","templated":true}]}}