{"id":15100,"date":"2023-06-20T01:30:19","date_gmt":"2023-06-19T23:30:19","guid":{"rendered":"https:\/\/bodegacanrubi.com\/?page_id=15100"},"modified":"2025-06-09T17:44:48","modified_gmt":"2025-06-09T15:44:48","slug":"unser-laden","status":"publish","type":"page","link":"https:\/\/bodegacanrubi.com\/de\/unser-laden\/","title":{"rendered":"Unser Laden"},"content":{"rendered":"\t\t<div data-elementor-type=\"wp-page\" data-elementor-id=\"15100\" class=\"elementor elementor-15100 elementor-10961\" data-elementor-post-type=\"page\">\n\t\t\t\t\t\t<section class=\"elementor-section elementor-top-section elementor-element elementor-element-5bea5ff elementor-section-stretched elementor-section-content-middle elementor-section-boxed elementor-section-height-default elementor-section-height-default\" data-id=\"5bea5ff\" data-element_type=\"section\" data-e-type=\"section\" data-settings=\"{&quot;stretch_section&quot;:&quot;section-stretched&quot;}\">\n\t\t\t\t\t\t<div class=\"elementor-container elementor-column-gap-default\">\n\t\t\t\t\t<div class=\"elementor-column elementor-col-50 elementor-top-column elementor-element elementor-element-56c4e23 left-banner-about\" data-id=\"56c4e23\" data-element_type=\"column\" data-e-type=\"column\" data-settings=\"{&quot;background_background&quot;:&quot;slideshow&quot;,&quot;background_slideshow_gallery&quot;:[{&quot;id&quot;:12544,&quot;url&quot;:&quot;https:\\\/\\\/bodegacanrubi.com\\\/wp-content\\\/uploads\\\/2023\\\/07\\\/Can-Rubi-137.jpg&quot;},{&quot;id&quot;:12548,&quot;url&quot;:&quot;https:\\\/\\\/bodegacanrubi.com\\\/wp-content\\\/uploads\\\/2023\\\/07\\\/Can-Rubi-139.jpg&quot;},{&quot;id&quot;:12552,&quot;url&quot;:&quot;https:\\\/\\\/bodegacanrubi.com\\\/wp-content\\\/uploads\\\/2023\\\/07\\\/Can-Rubi-141.jpg&quot;},{&quot;id&quot;:12556,&quot;url&quot;:&quot;https:\\\/\\\/bodegacanrubi.com\\\/wp-content\\\/uploads\\\/2023\\\/07\\\/Can-Rubi-159.jpg&quot;}],&quot;background_slideshow_loop&quot;:&quot;yes&quot;,&quot;background_slideshow_slide_duration&quot;:5000,&quot;background_slideshow_slide_transition&quot;:&quot;fade&quot;,&quot;background_slideshow_transition_duration&quot;:500}\">\n\t\t\t<div class=\"elementor-widget-wrap elementor-element-populated\">\n\t\t\t\t\t\t<div class=\"elementor-element elementor-element-bb09bf6 elementor-widget elementor-widget-spacer\" data-id=\"bb09bf6\" data-element_type=\"widget\" data-e-type=\"widget\" data-widget_type=\"spacer.default\">\n\t\t\t\t<div class=\"elementor-widget-container\">\n\t\t\t\t\t\t\t<div class=\"elementor-spacer\">\n\t\t\t<div class=\"elementor-spacer-inner\"><\/div>\n\t\t<\/div>\n\t\t\t\t\t\t<\/div>\n\t\t\t\t<\/div>\n\t\t\t\t\t<\/div>\n\t\t<\/div>\n\t\t\t\t<div class=\"elementor-column elementor-col-50 elementor-top-column elementor-element elementor-element-f7ab563 banner-about-us2\" data-id=\"f7ab563\" data-element_type=\"column\" data-e-type=\"column\">\n\t\t\t<div class=\"elementor-widget-wrap elementor-element-populated\">\n\t\t\t\t\t\t<div class=\"elementor-element elementor-element-f568117 text-block-wapper-1 elementor-widget elementor-widget-text-editor\" data-id=\"f568117\" data-element_type=\"widget\" data-e-type=\"widget\" data-widget_type=\"text-editor.default\">\n\t\t\t\t<div class=\"elementor-widget-container\">\n\t\t\t\t\t\t\t\t\t<div class=\"box-title\"><div class=\"subtitle\">\u00a0<\/div><h2>Die Aromen von Can Rub\u00ed: Ihr Weinreiseziel<\/h2><div class=\"desc\"><p style=\"text-align: justify;\">Willkommen im Gesch\u00e4ft der Bodega Can Rub\u00ed, einem Ort, an dem Wein und Geschmack zu einem unvergesslichen Erlebnis verschmelzen.<\/p><p style=\"text-align: justify;\">Tauchen Sie ein in eine einzigartige Atmosph\u00e4re, umgeben von F\u00e4ssern, in denen Sie unsere Weine probieren und in loser Sch\u00fcttung kaufen k\u00f6nnen. Dar\u00fcber hinaus wird Sie unsere gro\u00dfe Auswahl an Flaschenweinen mit ihrer Qualit\u00e4t und Vielfalt \u00fcberraschen.<\/p><p style=\"text-align: justify;\">Aber das ist noch nicht alles. In unserem Gesch\u00e4ft finden Sie auch mallorquinische Kr\u00e4uter, Wermut, Lik\u00f6re und authentische Produkte aus der Region. Verfeinern Sie Ihre Momente mit unseren k\u00f6stlichen K\u00e4sesorten und Wurstwaren von den Inseln.<\/p><p style=\"text-align: justify;\">Und um das Erlebnis zu vervollst\u00e4ndigen, k\u00f6nnen Sie sich an unseren Tischen mit Barservice entspannen. Genie\u00dfen Sie ein Glas Wein, w\u00e4hrend Sie unsere Tapas mit lokalen Wurst- und K\u00e4sesorten in ruhiger und gem\u00fctlicher Atmosph\u00e4re probieren.<\/p><p style=\"text-align: justify;\">Can Rub\u00ed ist der Ort, an dem au\u00dfergew\u00f6hnliche Weine mit den authentischen Aromen Mallorcas verschmelzen, wir warten auf Sie!<\/p><\/div><\/div>\t\t\t\t\t\t\t\t<\/div>\n\t\t\t\t<\/div>\n\t\t\t\t<div class=\"elementor-element elementor-element-990ae13 elementor-widget elementor-widget-html\" data-id=\"990ae13\" data-element_type=\"widget\" data-e-type=\"widget\" data-widget_type=\"html.default\">\n\t\t\t\t<div class=\"elementor-widget-container\">\n\t\t\t\t\t<style>\n    .bwp-main .page-title {\n    background-image: url(https:\/\/bodegacanrubi.com\/wp-content\/uploads\/2023\/07\/Encabezado-Nuestra-tienda1.jpg)!important;\n    background-position: center 40%;\n}\n<\/style>\t\t\t\t<\/div>\n\t\t\t\t<\/div>\n\t\t\t\t<div class=\"elementor-element elementor-element-1ca8b04 elementor-widget elementor-widget-heading\" data-id=\"1ca8b04\" data-element_type=\"widget\" data-e-type=\"widget\" data-widget_type=\"heading.default\">\n\t\t\t\t<div class=\"elementor-widget-container\">\n\t\t\t\t\t<h3 class=\"elementor-heading-title elementor-size-default\">Nuestra bodega<\/h3>\t\t\t\t<\/div>\n\t\t\t\t<\/div>\n\t\t\t\t<div class=\"elementor-element elementor-element-c6dacee text-block-wapper-1 elementor-widget elementor-widget-text-editor\" data-id=\"c6dacee\" data-element_type=\"widget\" data-e-type=\"widget\" data-widget_type=\"text-editor.default\">\n\t\t\t\t<div class=\"elementor-widget-container\">\n\t\t\t\t\t\t\t\t\t<h2 style=\"text-align: center;\">KONTAKT<\/h2>\t\t\t\t\t\t\t\t<\/div>\n\t\t\t\t<\/div>\n\t\t\t\t<div class=\"elementor-element elementor-element-b868f10 text-block-wapper-1 elementor-widget elementor-widget-text-editor\" data-id=\"b868f10\" data-element_type=\"widget\" data-e-type=\"widget\" data-widget_type=\"text-editor.default\">\n\t\t\t\t<div class=\"elementor-widget-container\">\n\t\t\t\t\t\t\t\t\t<p><span style=\"color: #4f4f4f; font-size: 16px;\"><strong>Anschrift<\/strong>::<\/span><\/p><p><span style=\"text-decoration: underline;\"><span style=\"color: #4f4f4f;\"><a style=\"color: #4f4f4f; text-decoration: underline;\" href=\"https:\/\/maps.google.com\/maps?ll=39.651518,2.783987&amp;z=10&amp;t=m&amp;hl=en-US&amp;gl=US&amp;mapclient=embed&amp;q=Bodega%20Can%20Rub%C3%AD%2C%20SL\" target=\"_blank\" rel=\"noopener\">Pla\u00e7a Nova, 26 &#8211; 07320 Santa Maria del Cam\u00ed<br \/>Illes Balears Espa\u00f1a<\/a><\/span><\/span><\/p><p><span style=\"color: #4f4f4f;\"><strong>Die \u00d6ffnungszeiten<\/strong>:<\/span><\/p><p><span style=\"color: #4f4f4f;\">Dienstag, Mittwoch, Donnerstag und Freitag 10:00 &#8211; 19:00<\/span><br \/><span style=\"color: #4f4f4f;\">Samstags, Sonntags und Montags 9:00- 14:00<\/span><\/p>\t\t\t\t\t\t\t\t<\/div>\n\t\t\t\t<\/div>\n\t\t\t\t\t<\/div>\n\t\t<\/div>\n\t\t\t\t\t<\/div>\n\t\t<\/section>\n\t\t\t\t<\/div>\n\t\t","protected":false},"excerpt":{"rendered":"<p>\u00a0 Die Aromen von Can Rub\u00ed: Ihr Weinreiseziel Willkommen im Gesch\u00e4ft der Bodega Can Rub\u00ed, einem Ort, an dem Wein und Geschmack zu einem unvergesslichen Erlebnis verschmelzen. Tauchen Sie ein in eine einzigartige Atmosph\u00e4re, umgeben von F\u00e4ssern, in denen Sie unsere Weine probieren und in loser Sch\u00fcttung kaufen k\u00f6nnen. Dar\u00fcber hinaus wird Sie unsere gro\u00dfe [&hellip;]<\/p>\n","protected":false},"author":1,"featured_media":0,"parent":0,"menu_order":0,"comment_status":"closed","ping_status":"closed","template":"","meta":{"om_disable_all_campaigns":false,"_monsterinsights_skip_tracking":false,"_monsterinsights_sitenote_active":false,"_monsterinsights_sitenote_note":"","_monsterinsights_sitenote_category":0,"footnotes":""},"class_list":["post-15100","page","type-page","status-publish","hentry"],"aioseo_notices":[],"_links":{"self":[{"href":"https:\/\/bodegacanrubi.com\/de\/wp-json\/wp\/v2\/pages\/15100","targetHints":{"allow":["GET"]}}],"collection":[{"href":"https:\/\/bodegacanrubi.com\/de\/wp-json\/wp\/v2\/pages"}],"about":[{"href":"https:\/\/bodegacanrubi.com\/de\/wp-json\/wp\/v2\/types\/page"}],"author":[{"embeddable":true,"href":"https:\/\/bodegacanrubi.com\/de\/wp-json\/wp\/v2\/users\/1"}],"replies":[{"embeddable":true,"href":"https:\/\/bodegacanrubi.com\/de\/wp-json\/wp\/v2\/comments?post=15100"}],"version-history":[{"count":12,"href":"https:\/\/bodegacanrubi.com\/de\/wp-json\/wp\/v2\/pages\/15100\/revisions"}],"predecessor-version":[{"id":20346,"href":"https:\/\/bodegacanrubi.com\/de\/wp-json\/wp\/v2\/pages\/15100\/revisions\/20346"}],"wp:attachment":[{"href":"https:\/\/bodegacanrubi.com\/de\/wp-json\/wp\/v2\/media?parent=15100"}],"curies":[{"name":"wp","href":"https:\/\/api.w.org\/{rel}","templated":true}]}}