{"id":15081,"date":"2023-06-15T21:06:56","date_gmt":"2023-06-15T19:06:56","guid":{"rendered":"https:\/\/bodegacanrubi.com\/?page_id=15081"},"modified":"2024-09-20T20:42:40","modified_gmt":"2024-09-20T18:42:40","slug":"weinberg","status":"publish","type":"page","link":"https:\/\/bodegacanrubi.com\/de\/weinberg\/","title":{"rendered":"Weinberg"},"content":{"rendered":"\t\t<div data-elementor-type=\"wp-page\" data-elementor-id=\"15081\" class=\"elementor elementor-15081 elementor-10791\" data-elementor-post-type=\"page\">\n\t\t\t\t\t\t<section class=\"elementor-section elementor-top-section elementor-element elementor-element-b4b81b4 elementor-section-stretched ourteam-content elementor-section-boxed elementor-section-height-default elementor-section-height-default\" data-id=\"b4b81b4\" data-element_type=\"section\" data-e-type=\"section\" data-settings=\"{&quot;stretch_section&quot;:&quot;section-stretched&quot;,&quot;background_background&quot;:&quot;classic&quot;}\">\n\t\t\t\t\t\t<div class=\"elementor-container elementor-column-gap-default\">\n\t\t\t\t\t<div class=\"elementor-column elementor-col-50 elementor-top-column elementor-element elementor-element-a9bf480\" data-id=\"a9bf480\" data-element_type=\"column\" data-e-type=\"column\" data-settings=\"{&quot;background_background&quot;:&quot;slideshow&quot;,&quot;background_slideshow_gallery&quot;:[],&quot;background_slideshow_loop&quot;:&quot;yes&quot;,&quot;background_slideshow_slide_duration&quot;:5000,&quot;background_slideshow_slide_transition&quot;:&quot;fade&quot;,&quot;background_slideshow_transition_duration&quot;:500}\">\n\t\t\t<div class=\"elementor-widget-wrap elementor-element-populated\">\n\t\t\t\t\t\t<section class=\"elementor-section elementor-inner-section elementor-element elementor-element-7a0ad01 elementor-section-height-min-height elementor-section-boxed elementor-section-height-default\" data-id=\"7a0ad01\" data-element_type=\"section\" data-e-type=\"section\">\n\t\t\t\t\t\t<div class=\"elementor-container elementor-column-gap-default\">\n\t\t\t\t\t<div class=\"elementor-column elementor-col-100 elementor-inner-column elementor-element elementor-element-fead437\" data-id=\"fead437\" data-element_type=\"column\" data-e-type=\"column\" data-settings=\"{&quot;background_background&quot;:&quot;slideshow&quot;,&quot;background_slideshow_gallery&quot;:[{&quot;id&quot;:10795,&quot;url&quot;:&quot;https:\\\/\\\/bodegacanrubi.com\\\/wp-content\\\/uploads\\\/2023\\\/06\\\/canrubi053.jpg&quot;},{&quot;id&quot;:10797,&quot;url&quot;:&quot;https:\\\/\\\/bodegacanrubi.com\\\/wp-content\\\/uploads\\\/2023\\\/06\\\/Vinedos.jpg&quot;},{&quot;id&quot;:12464,&quot;url&quot;:&quot;https:\\\/\\\/bodegacanrubi.com\\\/wp-content\\\/uploads\\\/2023\\\/07\\\/Bodega_uvas-planta-vinedos-dia-soleado.jpg&quot;}],&quot;background_slideshow_loop&quot;:&quot;yes&quot;,&quot;background_slideshow_slide_duration&quot;:5000,&quot;background_slideshow_slide_transition&quot;:&quot;fade&quot;,&quot;background_slideshow_transition_duration&quot;:500}\">\n\t\t\t<div class=\"elementor-widget-wrap\">\n\t\t\t\t\t\t\t<\/div>\n\t\t<\/div>\n\t\t\t\t\t<\/div>\n\t\t<\/section>\n\t\t\t\t\t<\/div>\n\t\t<\/div>\n\t\t\t\t<div class=\"elementor-column elementor-col-50 elementor-top-column elementor-element elementor-element-1dad4d3\" data-id=\"1dad4d3\" data-element_type=\"column\" data-e-type=\"column\">\n\t\t\t<div class=\"elementor-widget-wrap elementor-element-populated\">\n\t\t\t\t\t\t<div class=\"elementor-element elementor-element-b4df5d0 text-block-wapper-1 elementor-widget elementor-widget-text-editor\" data-id=\"b4df5d0\" data-element_type=\"widget\" data-e-type=\"widget\" data-widget_type=\"text-editor.default\">\n\t\t\t\t<div class=\"elementor-widget-container\">\n\t\t\t\t\t\t\t\t\t<h2>Wo die Leidenschaft f\u00fcr Wein beginnt<\/h2>\t\t\t\t\t\t\t\t<\/div>\n\t\t\t\t<\/div>\n\t\t\t\t<div class=\"elementor-element elementor-element-3abcf9f text-block-wapper-1 elementor-widget elementor-widget-text-editor\" data-id=\"3abcf9f\" data-element_type=\"widget\" data-e-type=\"widget\" data-widget_type=\"text-editor.default\">\n\t\t\t\t<div class=\"elementor-widget-container\">\n\t\t\t\t\t\t\t\t\t<div class=\"desc\"><p>Unsere Weinberge sind f\u00fcr die Bodega Can Rub\u00ed von entscheidender Bedeutung. Obwohl wir keine eigenen Weinberge besitzen, haben wir solide Allianzen mit vertrauensw\u00fcrdigen Winzern in der Region geschlossen. Unter der Aufsicht von Lorenzo Rub\u00ed und unserem Team garantieren wir hohe Qualit\u00e4tsstandards und Respekt f\u00fcr das Land in jedem Weinberg.<\/p><p>Wir befinden uns in der sch\u00f6nen Gemeinde Santa Mar\u00eda del Cam\u00ed, wo das Klima und der Boden perfekt f\u00fcr den Anbau von Reben geeignet sind. In unseren Weinbergen setzen wir traditionelle Methoden und moderne Technologie ein, wobei wir bei bestimmten Prozessen handwerkliches K\u00f6nnen mit Maschinen kombinieren. Die Trauben werden von Hand geerntet, wobei wir uns mit Hingabe um jede einzelne Traube k\u00fcmmern.<\/p><p>Wir bauen eine Vielzahl von Rebsorten an, wie Prensal Blanc, Chardonnay, Moscatel, Sauvignon Blanc, Malvasia, Manto Negro, Tempranillo, Cabernet Sauvignon, Sirah und Merlot. Jede Sorte bringt einzigartige Eigenschaften mit sich, die in Verbindung mit unserer Erfahrung zu au\u00dfergew\u00f6hnlichen Weinen f\u00fchren. In der Bodega Can Rub\u00ed sch\u00e4tzen wir unsere Weinberge und sind stolz darauf, unsere Leidenschaft und Hingabe in jedem Glas Wein, das wir produzieren, weiterzugeben.<\/p><\/div>\t\t\t\t\t\t\t\t<\/div>\n\t\t\t\t<\/div>\n\t\t\t\t<div class=\"elementor-element elementor-element-6807a94 elementor-widget elementor-widget-html\" data-id=\"6807a94\" data-element_type=\"widget\" data-e-type=\"widget\" data-widget_type=\"html.default\">\n\t\t\t\t<div class=\"elementor-widget-container\">\n\t\t\t\t\t<style>\n    .bwp-main .page-title {\n    background-image: url(https:\/\/bodegacanrubi.com\/wp-content\/uploads\/2023\/07\/Vinedos-header.jpg)!important;\n    background-position: center 60%;\n}\n<\/style>\t\t\t\t<\/div>\n\t\t\t\t<\/div>\n\t\t\t\t\t<\/div>\n\t\t<\/div>\n\t\t\t\t\t<\/div>\n\t\t<\/section>\n\t\t\t\t<\/div>\n\t\t","protected":false},"excerpt":{"rendered":"<p>Wo die Leidenschaft f\u00fcr Wein beginnt Unsere Weinberge sind f\u00fcr die Bodega Can Rub\u00ed von entscheidender Bedeutung. Obwohl wir keine eigenen Weinberge besitzen, haben wir solide Allianzen mit vertrauensw\u00fcrdigen Winzern in der Region geschlossen. Unter der Aufsicht von Lorenzo Rub\u00ed und unserem Team garantieren wir hohe Qualit\u00e4tsstandards und Respekt f\u00fcr das Land in jedem Weinberg. [&hellip;]<\/p>\n","protected":false},"author":1,"featured_media":0,"parent":0,"menu_order":0,"comment_status":"closed","ping_status":"closed","template":"","meta":{"om_disable_all_campaigns":false,"_monsterinsights_skip_tracking":false,"_monsterinsights_sitenote_active":false,"_monsterinsights_sitenote_note":"","_monsterinsights_sitenote_category":0,"footnotes":""},"class_list":["post-15081","page","type-page","status-publish","hentry"],"aioseo_notices":[],"_links":{"self":[{"href":"https:\/\/bodegacanrubi.com\/de\/wp-json\/wp\/v2\/pages\/15081","targetHints":{"allow":["GET"]}}],"collection":[{"href":"https:\/\/bodegacanrubi.com\/de\/wp-json\/wp\/v2\/pages"}],"about":[{"href":"https:\/\/bodegacanrubi.com\/de\/wp-json\/wp\/v2\/types\/page"}],"author":[{"embeddable":true,"href":"https:\/\/bodegacanrubi.com\/de\/wp-json\/wp\/v2\/users\/1"}],"replies":[{"embeddable":true,"href":"https:\/\/bodegacanrubi.com\/de\/wp-json\/wp\/v2\/comments?post=15081"}],"version-history":[{"count":12,"href":"https:\/\/bodegacanrubi.com\/de\/wp-json\/wp\/v2\/pages\/15081\/revisions"}],"predecessor-version":[{"id":16541,"href":"https:\/\/bodegacanrubi.com\/de\/wp-json\/wp\/v2\/pages\/15081\/revisions\/16541"}],"wp:attachment":[{"href":"https:\/\/bodegacanrubi.com\/de\/wp-json\/wp\/v2\/media?parent=15081"}],"curies":[{"name":"wp","href":"https:\/\/api.w.org\/{rel}","templated":true}]}}