{"id":15071,"date":"2023-06-15T21:19:30","date_gmt":"2023-06-15T19:19:30","guid":{"rendered":"https:\/\/bodegacanrubi.com\/?page_id=15071"},"modified":"2024-09-20T20:49:53","modified_gmt":"2024-09-20T18:49:53","slug":"philosophie-und-werte","status":"publish","type":"page","link":"https:\/\/bodegacanrubi.com\/de\/philosophie-und-werte\/","title":{"rendered":"Philosophie und Werte"},"content":{"rendered":"\t\t<div data-elementor-type=\"wp-page\" data-elementor-id=\"15071\" class=\"elementor elementor-15071 elementor-10802\" data-elementor-post-type=\"page\">\n\t\t\t\t\t\t<section class=\"elementor-section elementor-top-section elementor-element elementor-element-d1b8f96 elementor-section-stretched elementor-section-boxed elementor-section-height-default elementor-section-height-default\" data-id=\"d1b8f96\" data-element_type=\"section\" data-e-type=\"section\" data-settings=\"{&quot;stretch_section&quot;:&quot;section-stretched&quot;}\">\n\t\t\t\t\t\t<div class=\"elementor-container elementor-column-gap-default\">\n\t\t\t\t\t<div class=\"elementor-column elementor-col-50 elementor-top-column elementor-element elementor-element-cbac6c2 left-banner-about\" data-id=\"cbac6c2\" data-element_type=\"column\" data-e-type=\"column\" data-settings=\"{&quot;background_background&quot;:&quot;classic&quot;}\">\n\t\t\t<div class=\"elementor-widget-wrap elementor-element-populated\">\n\t\t\t\t\t\t<section class=\"elementor-section elementor-inner-section elementor-element elementor-element-3d6684a elementor-section-height-min-height elementor-section-boxed elementor-section-height-default\" data-id=\"3d6684a\" data-element_type=\"section\" data-e-type=\"section\">\n\t\t\t\t\t\t<div class=\"elementor-container elementor-column-gap-default\">\n\t\t\t\t\t<div class=\"elementor-column elementor-col-100 elementor-inner-column elementor-element elementor-element-0abaa55 left-banner-about\" data-id=\"0abaa55\" data-element_type=\"column\" data-e-type=\"column\" data-settings=\"{&quot;background_background&quot;:&quot;classic&quot;}\">\n\t\t\t<div class=\"elementor-widget-wrap\">\n\t\t\t\t\t\t\t<\/div>\n\t\t<\/div>\n\t\t\t\t\t<\/div>\n\t\t<\/section>\n\t\t\t\t\t<\/div>\n\t\t<\/div>\n\t\t\t\t<div class=\"elementor-column elementor-col-50 elementor-top-column elementor-element elementor-element-52b42b7 banner-about-us2\" data-id=\"52b42b7\" data-element_type=\"column\" data-e-type=\"column\">\n\t\t\t<div class=\"elementor-widget-wrap elementor-element-populated\">\n\t\t\t\t\t\t<div class=\"elementor-element elementor-element-e9e96d3 text-block-wapper-1 elementor-widget elementor-widget-text-editor\" data-id=\"e9e96d3\" data-element_type=\"widget\" data-e-type=\"widget\" data-widget_type=\"text-editor.default\">\n\t\t\t\t<div class=\"elementor-widget-container\">\n\t\t\t\t\t\t\t\t\t<div class=\"box-title\"><div class=\"subtitle\">\u00a0<\/div><h2>Werte, die uns definieren<\/h2><\/div>\t\t\t\t\t\t\t\t<\/div>\n\t\t\t\t<\/div>\n\t\t\t\t<div class=\"elementor-element elementor-element-70bf3cc text-block-wapper-1 elementor-widget elementor-widget-text-editor\" data-id=\"70bf3cc\" data-element_type=\"widget\" data-e-type=\"widget\" data-widget_type=\"text-editor.default\">\n\t\t\t\t<div class=\"elementor-widget-container\">\n\t\t\t\t\t\t\t\t\t<div class=\"desc\"><p><strong>Tradition<\/strong><\/p><p style=\"text-align: justify;\">Unser Familienerbe wurde von Generation zu Generation weitergegeben, so dass die Leidenschaft und das Wissen, das wir im Laufe der Jahre erworben haben, erhalten geblieben sind.<\/p><p><strong>Qualit\u00e4t<\/strong><\/p><p style=\"text-align: justify;\">Wir sind bestrebt, qualitativ hochwertige Weine zu produzieren, wobei wir uns um jedes Detail k\u00fcmmern, vom Anbau der Trauben bis zur Weinbereitung und Abf\u00fcllung.<\/p><p><strong>Respekt vor dem Land<\/strong><\/p><p style=\"text-align: justify;\">Wir sch\u00e4tzen und sch\u00fctzen unsere nat\u00fcrliche Umwelt und wenden in unseren Weinbergen und unserer Kellerei nachhaltige Praktiken an.<\/p><p><strong>Exzellenz<\/strong><\/p><p style=\"text-align: justify;\">Bei allem, was wir tun, streben wir st\u00e4ndig nach Spitzenleistungen, angefangen bei der Auswahl der besten Trauben bis hin zur Innovation von Techniken und Verfahren.<\/p><p><strong>Leidenschaft<\/strong><\/p><p style=\"text-align: justify;\">Unser Engagement und unsere Liebe zur Weinherstellung spiegeln sich in jedem unserer Weine wider und schaffen einzigartige Erlebnisse f\u00fcr Weinliebhaber.<\/p><p style=\"text-align: justify; margin-top: 30px;\">Diese Grundwerte leiten uns in unserem Engagement, Qualit\u00e4tsweine anzubieten, die die Geschichte und den Geist der Familie Rub\u00ed widerspiegeln.<\/p><\/div>\t\t\t\t\t\t\t\t<\/div>\n\t\t\t\t<\/div>\n\t\t\t\t<div class=\"elementor-element elementor-element-4b490fe elementor-widget elementor-widget-html\" data-id=\"4b490fe\" data-element_type=\"widget\" data-e-type=\"widget\" data-widget_type=\"html.default\">\n\t\t\t\t<div class=\"elementor-widget-container\">\n\t\t\t\t\t<style>\n    .bwp-main .page-title {\n    background-image: url(https:\/\/bodegacanrubi.com\/wp-content\/uploads\/2023\/07\/filosofia-header.jpg)!important;\n    background-position: center 50%;\n}\n<\/style>\t\t\t\t<\/div>\n\t\t\t\t<\/div>\n\t\t\t\t\t<\/div>\n\t\t<\/div>\n\t\t\t\t\t<\/div>\n\t\t<\/section>\n\t\t\t\t<\/div>\n\t\t","protected":false},"excerpt":{"rendered":"<p>\u00a0 Werte, die uns definieren Tradition Unser Familienerbe wurde von Generation zu Generation weitergegeben, so dass die Leidenschaft und das Wissen, das wir im Laufe der Jahre erworben haben, erhalten geblieben sind. Qualit\u00e4t Wir sind bestrebt, qualitativ hochwertige Weine zu produzieren, wobei wir uns um jedes Detail k\u00fcmmern, vom Anbau der Trauben bis zur Weinbereitung [&hellip;]<\/p>\n","protected":false},"author":1,"featured_media":0,"parent":0,"menu_order":0,"comment_status":"closed","ping_status":"closed","template":"","meta":{"om_disable_all_campaigns":false,"_monsterinsights_skip_tracking":false,"_monsterinsights_sitenote_active":false,"_monsterinsights_sitenote_note":"","_monsterinsights_sitenote_category":0,"footnotes":""},"class_list":["post-15071","page","type-page","status-publish","hentry"],"aioseo_notices":[],"_links":{"self":[{"href":"https:\/\/bodegacanrubi.com\/de\/wp-json\/wp\/v2\/pages\/15071","targetHints":{"allow":["GET"]}}],"collection":[{"href":"https:\/\/bodegacanrubi.com\/de\/wp-json\/wp\/v2\/pages"}],"about":[{"href":"https:\/\/bodegacanrubi.com\/de\/wp-json\/wp\/v2\/types\/page"}],"author":[{"embeddable":true,"href":"https:\/\/bodegacanrubi.com\/de\/wp-json\/wp\/v2\/users\/1"}],"replies":[{"embeddable":true,"href":"https:\/\/bodegacanrubi.com\/de\/wp-json\/wp\/v2\/comments?post=15071"}],"version-history":[{"count":18,"href":"https:\/\/bodegacanrubi.com\/de\/wp-json\/wp\/v2\/pages\/15071\/revisions"}],"predecessor-version":[{"id":16553,"href":"https:\/\/bodegacanrubi.com\/de\/wp-json\/wp\/v2\/pages\/15071\/revisions\/16553"}],"wp:attachment":[{"href":"https:\/\/bodegacanrubi.com\/de\/wp-json\/wp\/v2\/media?parent=15071"}],"curies":[{"name":"wp","href":"https:\/\/api.w.org\/{rel}","templated":true}]}}