{"id":15062,"date":"2020-02-26T09:20:10","date_gmt":"2020-02-26T08:20:10","guid":{"rendered":"https:\/\/bodegacanrubi.com\/?page_id=15062"},"modified":"2024-09-20T20:40:25","modified_gmt":"2024-09-20T18:40:25","slug":"weingut","status":"publish","type":"page","link":"https:\/\/bodegacanrubi.com\/de\/weingut\/","title":{"rendered":"Weingut"},"content":{"rendered":"\t\t<div data-elementor-type=\"wp-page\" data-elementor-id=\"15062\" class=\"elementor elementor-15062 elementor-9975\" data-elementor-post-type=\"page\">\n\t\t\t\t\t\t<section class=\"elementor-section elementor-top-section elementor-element elementor-element-6f0ad6e elementor-section-stretched ourteam-content elementor-section-boxed elementor-section-height-default elementor-section-height-default\" data-id=\"6f0ad6e\" data-element_type=\"section\" data-e-type=\"section\" data-settings=\"{&quot;stretch_section&quot;:&quot;section-stretched&quot;,&quot;background_background&quot;:&quot;classic&quot;}\">\n\t\t\t\t\t\t<div class=\"elementor-container elementor-column-gap-default\">\n\t\t\t\t\t<div class=\"elementor-column elementor-col-50 elementor-top-column elementor-element elementor-element-c9e6bce\" data-id=\"c9e6bce\" data-element_type=\"column\" data-e-type=\"column\" data-settings=\"{&quot;background_background&quot;:&quot;slideshow&quot;,&quot;background_slideshow_gallery&quot;:[],&quot;background_slideshow_loop&quot;:&quot;yes&quot;,&quot;background_slideshow_slide_duration&quot;:5000,&quot;background_slideshow_slide_transition&quot;:&quot;fade&quot;,&quot;background_slideshow_transition_duration&quot;:500}\">\n\t\t\t<div class=\"elementor-widget-wrap elementor-element-populated\">\n\t\t\t\t\t\t<section class=\"elementor-section elementor-inner-section elementor-element elementor-element-d361986 elementor-section-height-min-height elementor-section-boxed elementor-section-height-default\" data-id=\"d361986\" data-element_type=\"section\" data-e-type=\"section\">\n\t\t\t\t\t\t<div class=\"elementor-container elementor-column-gap-default\">\n\t\t\t\t\t<div class=\"elementor-column elementor-col-100 elementor-inner-column elementor-element elementor-element-bfa0239\" data-id=\"bfa0239\" data-element_type=\"column\" data-e-type=\"column\" data-settings=\"{&quot;background_background&quot;:&quot;slideshow&quot;,&quot;background_slideshow_gallery&quot;:[{&quot;id&quot;:10784,&quot;url&quot;:&quot;https:\\\/\\\/bodegacanrubi.com\\\/wp-content\\\/uploads\\\/2023\\\/06\\\/OSP08198.jpg&quot;},{&quot;id&quot;:12796,&quot;url&quot;:&quot;https:\\\/\\\/bodegacanrubi.com\\\/wp-content\\\/uploads\\\/2023\\\/08\\\/OSP08189.jpg&quot;},{&quot;id&quot;:12804,&quot;url&quot;:&quot;https:\\\/\\\/bodegacanrubi.com\\\/wp-content\\\/uploads\\\/2023\\\/08\\\/OSP08212-1.jpg&quot;}],&quot;background_slideshow_loop&quot;:&quot;yes&quot;,&quot;background_slideshow_slide_duration&quot;:5000,&quot;background_slideshow_slide_transition&quot;:&quot;fade&quot;,&quot;background_slideshow_transition_duration&quot;:500}\">\n\t\t\t<div class=\"elementor-widget-wrap\">\n\t\t\t\t\t\t\t<\/div>\n\t\t<\/div>\n\t\t\t\t\t<\/div>\n\t\t<\/section>\n\t\t\t\t\t<\/div>\n\t\t<\/div>\n\t\t\t\t<div class=\"elementor-column elementor-col-50 elementor-top-column elementor-element elementor-element-e0103a9\" data-id=\"e0103a9\" data-element_type=\"column\" data-e-type=\"column\">\n\t\t\t<div class=\"elementor-widget-wrap elementor-element-populated\">\n\t\t\t\t\t\t<div class=\"elementor-element elementor-element-248ab3d text-block-wapper-1 elementor-widget elementor-widget-text-editor\" data-id=\"248ab3d\" data-element_type=\"widget\" data-e-type=\"widget\" data-widget_type=\"text-editor.default\">\n\t\t\t\t<div class=\"elementor-widget-container\">\n\t\t\t\t\t\t\t\t\t<h2 style=\"text-align: left;\">Tradition und Technologie<\/h2>\t\t\t\t\t\t\t\t<\/div>\n\t\t\t\t<\/div>\n\t\t\t\t<div class=\"elementor-element elementor-element-5908219 text-block-wapper-1 elementor-widget elementor-widget-text-editor\" data-id=\"5908219\" data-element_type=\"widget\" data-e-type=\"widget\" data-widget_type=\"text-editor.default\">\n\t\t\t\t<div class=\"elementor-widget-container\">\n\t\t\t\t\t\t\t\t\t<div class=\"desc\">Unser Weingut verbindet Tradition und Technologie. Wir verf\u00fcgen \u00fcber eine alte Familienkellerei, die mit unterirdischen Zementtanks ausgestattet ist und als Schatz unseres Erbes bewahrt wird. Im Jahr 1988 er\u00f6ffneten wir eine neue Kellerei mit technologischen Fortschritten.<br \/>Im Jahr 2018 haben wir die gesamte Kellerei nach Son Ll\u00fct verlegt und weitere Tanks und moderne Maschinen hinzugef\u00fcgt. F\u00fcr die Ernte verf\u00fcgen wir \u00fcber eine Abbeermaschine, eine pneumatische Presse und Edelstahltanks, die mit einer K\u00fchlmaschine verbunden sind, um die G\u00e4rungstemperatur automatisch zu steuern. Au\u00dferdem verf\u00fcgen wir \u00fcber Filtersysteme, um die Qualit\u00e4t unserer Weine zu gew\u00e4hrleisten.<\/div><div class=\"desc\"><br \/>F\u00fcr die Abf\u00fcllung verf\u00fcgen wir \u00fcber eine moderne Abf\u00fcllanlage, die eine Flaschenreinigungsmaschine, einen Entpalettierer, eine Mikrofiltrationsbank, eine Korkenabf\u00fcllmaschine und eine Etikettiermaschine umfasst. In unserem Reifungs- und Lagerungsraum lagern wir F\u00e4sser aus amerikanischer und ungarischer Eiche mit automatischer Temperatur- und Feuchtigkeitskontrolle.<\/div><div class=\"desc\"><br \/>In der Bodega Can Rub\u00ed vereinen wir das Beste aus der Vergangenheit mit technologischer Innovation, um au\u00dfergew\u00f6hnliche Weine zu erzeugen. Jeder Schritt des Prozesses, von der Ernte bis zur Abf\u00fcllung und Reifung, wird mit Leidenschaft und Hingabe durchgef\u00fchrt.<\/div>\t\t\t\t\t\t\t\t<\/div>\n\t\t\t\t<\/div>\n\t\t\t\t<div class=\"elementor-element elementor-element-ab30c41 elementor-widget elementor-widget-html\" data-id=\"ab30c41\" data-element_type=\"widget\" data-e-type=\"widget\" data-widget_type=\"html.default\">\n\t\t\t\t<div class=\"elementor-widget-container\">\n\t\t\t\t\t<style>\n    .bwp-main .page-title {\n    background-image: url(https:\/\/bodegacanrubi.com\/wp-content\/uploads\/2023\/08\/Encabezado-bodega-.jpg)!important;\n    background-position: center 50%;\n}\n<\/style>\t\t\t\t<\/div>\n\t\t\t\t<\/div>\n\t\t\t\t\t<\/div>\n\t\t<\/div>\n\t\t\t\t\t<\/div>\n\t\t<\/section>\n\t\t\t\t<\/div>\n\t\t","protected":false},"excerpt":{"rendered":"<p>Tradition und Technologie Unser Weingut verbindet Tradition und Technologie. Wir verf\u00fcgen \u00fcber eine alte Familienkellerei, die mit unterirdischen Zementtanks ausgestattet ist und als Schatz unseres Erbes bewahrt wird. Im Jahr 1988 er\u00f6ffneten wir eine neue Kellerei mit technologischen Fortschritten.Im Jahr 2018 haben wir die gesamte Kellerei nach Son Ll\u00fct verlegt und weitere Tanks und moderne [&hellip;]<\/p>\n","protected":false},"author":1,"featured_media":0,"parent":0,"menu_order":0,"comment_status":"closed","ping_status":"closed","template":"","meta":{"om_disable_all_campaigns":false,"_monsterinsights_skip_tracking":false,"_monsterinsights_sitenote_active":false,"_monsterinsights_sitenote_note":"","_monsterinsights_sitenote_category":0,"footnotes":""},"class_list":["post-15062","page","type-page","status-publish","hentry"],"aioseo_notices":[],"_links":{"self":[{"href":"https:\/\/bodegacanrubi.com\/de\/wp-json\/wp\/v2\/pages\/15062","targetHints":{"allow":["GET"]}}],"collection":[{"href":"https:\/\/bodegacanrubi.com\/de\/wp-json\/wp\/v2\/pages"}],"about":[{"href":"https:\/\/bodegacanrubi.com\/de\/wp-json\/wp\/v2\/types\/page"}],"author":[{"embeddable":true,"href":"https:\/\/bodegacanrubi.com\/de\/wp-json\/wp\/v2\/users\/1"}],"replies":[{"embeddable":true,"href":"https:\/\/bodegacanrubi.com\/de\/wp-json\/wp\/v2\/comments?post=15062"}],"version-history":[{"count":12,"href":"https:\/\/bodegacanrubi.com\/de\/wp-json\/wp\/v2\/pages\/15062\/revisions"}],"predecessor-version":[{"id":16535,"href":"https:\/\/bodegacanrubi.com\/de\/wp-json\/wp\/v2\/pages\/15062\/revisions\/16535"}],"wp:attachment":[{"href":"https:\/\/bodegacanrubi.com\/de\/wp-json\/wp\/v2\/media?parent=15062"}],"curies":[{"name":"wp","href":"https:\/\/api.w.org\/{rel}","templated":true}]}}