{"id":15057,"date":"2020-01-13T06:50:18","date_gmt":"2020-01-13T05:50:18","guid":{"rendered":"https:\/\/bodegacanrubi.com\/?page_id=15057"},"modified":"2024-09-20T20:31:32","modified_gmt":"2024-09-20T18:31:32","slug":"geschichte","status":"publish","type":"page","link":"https:\/\/bodegacanrubi.com\/de\/geschichte\/","title":{"rendered":"Geschichte"},"content":{"rendered":"\t\t<div data-elementor-type=\"wp-page\" data-elementor-id=\"15057\" class=\"elementor elementor-15057 elementor-9095\" data-elementor-post-type=\"page\">\n\t\t\t\t\t\t<section class=\"elementor-section elementor-top-section elementor-element elementor-element-91635cc elementor-section-stretched elementor-section-boxed elementor-section-height-default elementor-section-height-default\" data-id=\"91635cc\" data-element_type=\"section\" data-e-type=\"section\" data-settings=\"{&quot;stretch_section&quot;:&quot;section-stretched&quot;}\">\n\t\t\t\t\t\t<div class=\"elementor-container elementor-column-gap-default\">\n\t\t\t\t\t<div class=\"elementor-column elementor-col-50 elementor-top-column elementor-element elementor-element-1da09ec left-banner-about\" data-id=\"1da09ec\" data-element_type=\"column\" data-e-type=\"column\" data-settings=\"{&quot;background_background&quot;:&quot;slideshow&quot;,&quot;background_slideshow_gallery&quot;:[],&quot;background_slideshow_loop&quot;:&quot;yes&quot;,&quot;background_slideshow_slide_duration&quot;:5000,&quot;background_slideshow_slide_transition&quot;:&quot;fade&quot;,&quot;background_slideshow_transition_duration&quot;:500}\">\n\t\t\t<div class=\"elementor-widget-wrap elementor-element-populated\">\n\t\t\t\t\t\t<section class=\"elementor-section elementor-inner-section elementor-element elementor-element-f76f32a elementor-section-height-min-height elementor-section-boxed elementor-section-height-default\" data-id=\"f76f32a\" data-element_type=\"section\" data-e-type=\"section\">\n\t\t\t\t\t\t<div class=\"elementor-container elementor-column-gap-default\">\n\t\t\t\t\t<div class=\"elementor-column elementor-col-100 elementor-inner-column elementor-element elementor-element-838ab50 left-banner-about\" data-id=\"838ab50\" data-element_type=\"column\" data-e-type=\"column\" data-settings=\"{&quot;background_background&quot;:&quot;slideshow&quot;,&quot;background_slideshow_gallery&quot;:[{&quot;id&quot;:10766,&quot;url&quot;:&quot;https:\\\/\\\/bodegacanrubi.com\\\/wp-content\\\/uploads\\\/2023\\\/06\\\/Inicio1.2.jpg&quot;},{&quot;id&quot;:10767,&quot;url&quot;:&quot;https:\\\/\\\/bodegacanrubi.com\\\/wp-content\\\/uploads\\\/2023\\\/06\\\/Inicio2.jpg&quot;},{&quot;id&quot;:10768,&quot;url&quot;:&quot;https:\\\/\\\/bodegacanrubi.com\\\/wp-content\\\/uploads\\\/2023\\\/06\\\/Inicio6-copia.jpg&quot;}],&quot;background_slideshow_loop&quot;:&quot;yes&quot;,&quot;background_slideshow_slide_duration&quot;:5000,&quot;background_slideshow_slide_transition&quot;:&quot;fade&quot;,&quot;background_slideshow_transition_duration&quot;:500}\">\n\t\t\t<div class=\"elementor-widget-wrap\">\n\t\t\t\t\t\t\t<\/div>\n\t\t<\/div>\n\t\t\t\t\t<\/div>\n\t\t<\/section>\n\t\t\t\t\t<\/div>\n\t\t<\/div>\n\t\t\t\t<div class=\"elementor-column elementor-col-50 elementor-top-column elementor-element elementor-element-ed585f5 banner-about-us2\" data-id=\"ed585f5\" data-element_type=\"column\" data-e-type=\"column\">\n\t\t\t<div class=\"elementor-widget-wrap elementor-element-populated\">\n\t\t\t\t\t\t<div class=\"elementor-element elementor-element-527251a text-block-wapper-1 elementor-widget elementor-widget-text-editor\" data-id=\"527251a\" data-element_type=\"widget\" data-e-type=\"widget\" data-widget_type=\"text-editor.default\">\n\t\t\t\t<div class=\"elementor-widget-container\">\n\t\t\t\t\t\t\t\t\t<div class=\"box-title\"><div class=\"subtitle\">Urspr\u00fcnge<\/div><h2>Unsere Geschichte<\/h2><div class=\"desc\"><p style=\"text-align: justify;\">Seit Generationen pflegt die Familie Rub\u00ed die Leidenschaft f\u00fcr den Weinbau. Unser Erbe geht auf die Zeit zur\u00fcck, als die Reblaus die Weinberge in Frankreich verw\u00fcstete und unser Urgro\u00dfvater Bartolom\u00e9 Rub\u00ed den massiven Export von Weinen aus den H\u00e4fen von Palma und S\u00f3ller nach Frankreich anf\u00fchrte. Aber auch die Pest setzte den Reben auf unserer Insel zu. Im Jahr 1912 nahm unser Urgro\u00dfvater die Produktion von Massenweinen wieder auf, gefolgt von seinem Sohn Antonio, der die Tradition fortsetzte, bis der B\u00fcrgerkrieg die T\u00e4tigkeit 1936 unterbrach. Erst 1960 nahm Bartolom\u00e9 Rub\u00ed, unser Vater, den Weinbau wieder auf.<\/p><p style=\"text-align: justify;\">Obwohl unsere Weinkellerei in Santa Maria zun\u00e4chst Wein in loser Sch\u00fcttung herstellte, haben wir eine umfassende Erfahrung in der Flaschenabf\u00fcllung entwickelt, die von Jahr zu Jahr w\u00e4chst. Die jetzigen Eigent\u00fcmer, Lorenzo Rub\u00ed und Tomeu Rub\u00ed, repr\u00e4sentieren die vierte Generation der Familie Rub\u00ed. Ausgestattet mit modernster Technologie und neuen Techniken, haben wir mehrere Linien von Qualit\u00e4tsweinen auf den Markt gebracht.<\/p><p style=\"text-align: justify;\">In der Bodega Can Rub\u00ed ehren wir unsere famili\u00e4ren Wurzeln und verbinden Tradition mit Innovation. Unser Ziel ist es, au\u00dfergew\u00f6hnliche Weine anzubieten, die das Erbe unseres Landes und die leidenschaftliche Arbeit unserer Familie widerspiegeln.<\/p><\/div><\/div>\t\t\t\t\t\t\t\t<\/div>\n\t\t\t\t<\/div>\n\t\t\t\t<div class=\"elementor-element elementor-element-827ab24 elementor-widget elementor-widget-html\" data-id=\"827ab24\" data-element_type=\"widget\" data-e-type=\"widget\" data-widget_type=\"html.default\">\n\t\t\t\t<div class=\"elementor-widget-container\">\n\t\t\t\t\t<style>\n    .bwp-main .page-title {\n    background-image: url(https:\/\/bodegacanrubi.com\/wp-content\/uploads\/2023\/06\/Inicio2.jpg)!important;\n    background-position: center 15%;\n}\n<\/style>\t\t\t\t<\/div>\n\t\t\t\t<\/div>\n\t\t\t\t\t<\/div>\n\t\t<\/div>\n\t\t\t\t\t<\/div>\n\t\t<\/section>\n\t\t\t\t<\/div>\n\t\t","protected":false},"excerpt":{"rendered":"<p>Urspr\u00fcnge Unsere Geschichte Seit Generationen pflegt die Familie Rub\u00ed die Leidenschaft f\u00fcr den Weinbau. Unser Erbe geht auf die Zeit zur\u00fcck, als die Reblaus die Weinberge in Frankreich verw\u00fcstete und unser Urgro\u00dfvater Bartolom\u00e9 Rub\u00ed den massiven Export von Weinen aus den H\u00e4fen von Palma und S\u00f3ller nach Frankreich anf\u00fchrte. Aber auch die Pest setzte den [&hellip;]<\/p>\n","protected":false},"author":1,"featured_media":0,"parent":0,"menu_order":0,"comment_status":"closed","ping_status":"closed","template":"","meta":{"om_disable_all_campaigns":false,"_monsterinsights_skip_tracking":false,"_monsterinsights_sitenote_active":false,"_monsterinsights_sitenote_note":"","_monsterinsights_sitenote_category":0,"footnotes":""},"class_list":["post-15057","page","type-page","status-publish","hentry"],"aioseo_notices":[],"_links":{"self":[{"href":"https:\/\/bodegacanrubi.com\/de\/wp-json\/wp\/v2\/pages\/15057","targetHints":{"allow":["GET"]}}],"collection":[{"href":"https:\/\/bodegacanrubi.com\/de\/wp-json\/wp\/v2\/pages"}],"about":[{"href":"https:\/\/bodegacanrubi.com\/de\/wp-json\/wp\/v2\/types\/page"}],"author":[{"embeddable":true,"href":"https:\/\/bodegacanrubi.com\/de\/wp-json\/wp\/v2\/users\/1"}],"replies":[{"embeddable":true,"href":"https:\/\/bodegacanrubi.com\/de\/wp-json\/wp\/v2\/comments?post=15057"}],"version-history":[{"count":9,"href":"https:\/\/bodegacanrubi.com\/de\/wp-json\/wp\/v2\/pages\/15057\/revisions"}],"predecessor-version":[{"id":16529,"href":"https:\/\/bodegacanrubi.com\/de\/wp-json\/wp\/v2\/pages\/15057\/revisions\/16529"}],"wp:attachment":[{"href":"https:\/\/bodegacanrubi.com\/de\/wp-json\/wp\/v2\/media?parent=15057"}],"curies":[{"name":"wp","href":"https:\/\/api.w.org\/{rel}","templated":true}]}}