{"id":22039,"date":"2026-03-28T20:26:59","date_gmt":"2026-03-28T19:26:59","guid":{"rendered":"https:\/\/bodegacanrubi.com\/?post_type=product&#038;p=22039"},"modified":"2026-03-28T20:49:45","modified_gmt":"2026-03-28T19:49:45","slug":"regalo-tiquet-visita-90e","status":"publish","type":"product","link":"https:\/\/bodegacanrubi.com\/ca\/producto\/regalo-tiquet-visita-90e\/","title":{"rendered":"Regalo Tiquet Visita (90\u20ac)"},"content":{"rendered":"","protected":false},"excerpt":{"rendered":"<div class=\"descripcion-regalo\">\n<strong>\u00bfC\u00f3mo canjear la Tarjeta Regalo Can Rub\u00ed?<\/strong><br \/>\nLa persona que recibe la tarjeta regalo solo tiene que presentarla directamente en nuestra tienda f\u00edsica para realizar su compra.<br \/>\nCada tarjeta est\u00e1 vinculada a un n\u00famero de pedido o tiquet, que deber\u00e1 mostrarse al personal de tienda para validar el importe.<\/p>\n<hr \/>\n<h3>Informaci\u00f3n adicional<\/h3>\n<ul>\n<li>Canjeable exclusivamente en tienda f\u00edsica<\/li>\n<li>V\u00e1lida para cualquier producto disponible en tienda<\/li>\n<li>El importe de la compra debe ser igual o superior al valor de la tarjeta<\/li>\n<li>Validez de 12 meses desde la fecha de compra<\/li>\n<\/ul>\n<\/div>\n<p><a class=\"boton-carrito\" href=\"?add-to-cart=21998\">A\u00f1adir al carrito<\/a><\/p>\n<style>\n\/* \ud83d\udd3d Reducir tama\u00f1o de texto *\/<br \/>.descripcion-regalo {<br \/>  font-size: 14px;<br \/>}<\/p>\n<p>\/* Opcional: ajustar t\u00edtulos *\/<br \/>.descripcion-regalo h3 {<br \/>  font-size: 16px;<br \/>}<\/p>\n<p>\/* Bot\u00f3n *\/<br \/>.boton-carrito {<br \/>  display: inline-block;<br \/>  background-color: \n#800020;<br \/>  color: white;<br \/>  padding: 10px 20px;<br \/>  text-decoration: none;<br \/>  font-size: 16px;<br \/>  border-radius: 5px;<br \/>  transition: background-color 0.3s ease;<br \/>}<\/p>\n<p>.boton-carrito:hover {<br \/>  background-color: \n#66001a;<br \/>}<br \/><\/style>\n","protected":false},"featured_media":21988,"template":"","meta":{"om_disable_all_campaigns":false,"_monsterinsights_skip_tracking":false,"_monsterinsights_sitenote_active":false,"_monsterinsights_sitenote_note":"","_monsterinsights_sitenote_category":0},"product_brand":[],"product_cat":[151],"product_tag":[],"class_list":{"0":"post-22039","1":"product","2":"type-product","3":"status-publish","4":"has-post-thumbnail","6":"product_cat-catas-y-visitas","9":"first","10":"instock","11":"downloadable","12":"virtual","13":"purchasable","14":"product-type-simple"},"aioseo_notices":[],"_links":{"self":[{"href":"https:\/\/bodegacanrubi.com\/ca\/wp-json\/wp\/v2\/product\/22039","targetHints":{"allow":["GET"]}}],"collection":[{"href":"https:\/\/bodegacanrubi.com\/ca\/wp-json\/wp\/v2\/product"}],"about":[{"href":"https:\/\/bodegacanrubi.com\/ca\/wp-json\/wp\/v2\/types\/product"}],"version-history":[{"count":1,"href":"https:\/\/bodegacanrubi.com\/ca\/wp-json\/wp\/v2\/product\/22039\/revisions"}],"predecessor-version":[{"id":22041,"href":"https:\/\/bodegacanrubi.com\/ca\/wp-json\/wp\/v2\/product\/22039\/revisions\/22041"}],"wp:featuredmedia":[{"embeddable":true,"href":"https:\/\/bodegacanrubi.com\/ca\/wp-json\/wp\/v2\/media\/21988"}],"wp:attachment":[{"href":"https:\/\/bodegacanrubi.com\/ca\/wp-json\/wp\/v2\/media?parent=22039"}],"wp:term":[{"taxonomy":"product_brand","embeddable":true,"href":"https:\/\/bodegacanrubi.com\/ca\/wp-json\/wp\/v2\/product_brand?post=22039"},{"taxonomy":"product_cat","embeddable":true,"href":"https:\/\/bodegacanrubi.com\/ca\/wp-json\/wp\/v2\/product_cat?post=22039"},{"taxonomy":"product_tag","embeddable":true,"href":"https:\/\/bodegacanrubi.com\/ca\/wp-json\/wp\/v2\/product_tag?post=22039"}],"curies":[{"name":"wp","href":"https:\/\/api.w.org\/{rel}","templated":true}]}}