{"id":21199,"date":"2025-12-15T00:11:53","date_gmt":"2025-12-14T23:11:53","guid":{"rendered":"https:\/\/bodegacanrubi.com\/?post_type=product&#038;p=21199"},"modified":"2026-03-13T18:41:55","modified_gmt":"2026-03-13T17:41:55","slug":"es-padri-negre-2020-copia","status":"publish","type":"product","link":"https:\/\/bodegacanrubi.com\/ca\/producto\/es-padri-negre-2020-copia\/","title":{"rendered":"ES PADR\u00cd NEGRE 2020 75CL"},"content":{"rendered":"<h3>Es Padr\u00ed 2019 Negre:<\/h3>\n<p>&nbsp;<\/p>\n<p><strong>Variedad:<\/strong> Manto Negro, Syrah y Cabernet Sauvignon. <strong>Graduaci\u00f3n alcoh\u00f3lica:<\/strong> 14% vol. <strong>Elaboraci\u00f3n:<\/strong> Los mostos fermentan suavemente en dep\u00f3sitos de acero inoxidable a temperatura controlada y despu\u00e9s de la fermentaci\u00f3n malol\u00e1ctica se deja reposar hasta su clarificaci\u00f3n natural. <strong>Crianza:<\/strong> En botas de roble americano y h\u00fangaro durante 12 meses y 12 meses en botella. <strong>Nota de cata:<\/strong> Vino de color granate con reflejos rub\u00ed. Aromas de frutas maduras, combinados con toques de vainilla, especias y roble. En boca es armonioso y untuoso con toques suaves y envejecidos de torrefactos que acaban en un sabor final a roble con toques de regaliz y bals\u00e1micos. <strong>Maridaje:<\/strong> Ideal para acompa\u00f1ar todo tipo de carnes especialmente a la brasa, pastas, embutidos y quesos. <strong>Recomendaciones de servicio:<\/strong> Se aconseja servir entre 17 y 19 \u00baC<\/p>\n","protected":false},"excerpt":{"rendered":"<h3>Es Padr\u00ed 2019 Negre:<\/h3>\n<p>&nbsp;<\/p>\n<p><strong>Variedad:<\/strong> Manto Negro, Syrah y Cabernet Sauvignon. <strong>Graduaci\u00f3n alcoh\u00f3lica:<\/strong> 14% vol&#8230;<\/p>\n","protected":false},"featured_media":21707,"template":"","meta":{"om_disable_all_campaigns":false,"_monsterinsights_skip_tracking":false,"_monsterinsights_sitenote_active":false,"_monsterinsights_sitenote_note":"","_monsterinsights_sitenote_category":0},"product_brand":[],"product_cat":[245,216],"product_tag":[],"class_list":{"0":"post-21199","1":"product","2":"type-product","3":"status-publish","4":"has-post-thumbnail","6":"product_cat-edicion-especial-ca","7":"product_cat-vins","10":"first","11":"instock","12":"featured","13":"taxable","14":"shipping-taxable","15":"purchasable","16":"product-type-simple"},"aioseo_notices":[],"_links":{"self":[{"href":"https:\/\/bodegacanrubi.com\/ca\/wp-json\/wp\/v2\/product\/21199","targetHints":{"allow":["GET"]}}],"collection":[{"href":"https:\/\/bodegacanrubi.com\/ca\/wp-json\/wp\/v2\/product"}],"about":[{"href":"https:\/\/bodegacanrubi.com\/ca\/wp-json\/wp\/v2\/types\/product"}],"version-history":[{"count":1,"href":"https:\/\/bodegacanrubi.com\/ca\/wp-json\/wp\/v2\/product\/21199\/revisions"}],"predecessor-version":[{"id":21776,"href":"https:\/\/bodegacanrubi.com\/ca\/wp-json\/wp\/v2\/product\/21199\/revisions\/21776"}],"wp:featuredmedia":[{"embeddable":true,"href":"https:\/\/bodegacanrubi.com\/ca\/wp-json\/wp\/v2\/media\/21707"}],"wp:attachment":[{"href":"https:\/\/bodegacanrubi.com\/ca\/wp-json\/wp\/v2\/media?parent=21199"}],"wp:term":[{"taxonomy":"product_brand","embeddable":true,"href":"https:\/\/bodegacanrubi.com\/ca\/wp-json\/wp\/v2\/product_brand?post=21199"},{"taxonomy":"product_cat","embeddable":true,"href":"https:\/\/bodegacanrubi.com\/ca\/wp-json\/wp\/v2\/product_cat?post=21199"},{"taxonomy":"product_tag","embeddable":true,"href":"https:\/\/bodegacanrubi.com\/ca\/wp-json\/wp\/v2\/product_tag?post=21199"}],"curies":[{"name":"wp","href":"https:\/\/api.w.org\/{rel}","templated":true}]}}