{"id":16720,"date":"2023-06-21T04:46:05","date_gmt":"2023-06-21T02:46:05","guid":{"rendered":"https:\/\/bodegacanrubi.com\/producto\/la-mar-de-be-negre-cuvee-2021\/"},"modified":"2026-03-13T18:31:28","modified_gmt":"2026-03-13T17:31:28","slug":"la-mar-de-be-negre-cuvee-2021","status":"publish","type":"product","link":"https:\/\/bodegacanrubi.com\/ca\/producto\/la-mar-de-be-negre-cuvee-2021\/","title":{"rendered":"LA MAR DE B\u00c9 NEGRE CUV\u00c9E 2021 75CL"},"content":{"rendered":"<h3>La mar de b\u00e9 Cuv\u00e9e 2021:<\/h3>\n<p>&nbsp;<\/p>\n<p><strong>Variedad:<\/strong> Merlot, Syrah, Manto Negro y Callet. <strong>Graduaci\u00f3n:<\/strong> 14% vol. <strong>Elaboraci\u00f3n:<\/strong> Los mostos fermentan suavemente en dep\u00f3sitos de acero inoxidable a temperatura controlada y despu\u00e9s de la fermentaci\u00f3n malol\u00e1ctica se deja reposar hasta su clarificaci\u00f3n natural. <strong>Crianza:<\/strong> Breve paso por botas de roble franc\u00e9s durante 6 meses. <strong>Nota de cata:<\/strong> Vino de color rub\u00ed muy intenso, profundo y brillante. Aromas a frutas del bosque, cereza, roble y especias. En boca \u00e9s voluminoso y untuoso con una acidez punzante pero refrescante y un largo final con toques afrutados y secos. <strong>Maridaje:<\/strong> Ideal para acompa\u00f1ar todo tipo de carnes, pastas, embutidos y quesos. <strong>Recomendaciones de servicio:<\/strong> Se aconseja servir entre 15 y 18 \u00baC.<\/p>\n","protected":false},"excerpt":{"rendered":"<h3>La mar de b\u00e9 Cuv\u00e9e 2021:<\/h3>\n<p>&nbsp;<\/p>\n<p><strong>Variedad:<\/strong> Merlot, Syrah, Manto Negro y Callet. <strong>Graduaci\u00f3n:<\/strong> 14% vol&#8230;<\/p>\n","protected":false},"featured_media":12077,"template":"","meta":{"om_disable_all_campaigns":false,"_monsterinsights_skip_tracking":false,"_monsterinsights_sitenote_active":false,"_monsterinsights_sitenote_note":"","_monsterinsights_sitenote_category":0},"product_brand":[],"product_cat":[244,216],"product_tag":[],"class_list":{"0":"post-16720","1":"product","2":"type-product","3":"status-publish","4":"has-post-thumbnail","6":"product_cat-vino-la-mar-de-be-ca","7":"product_cat-vins","10":"first","11":"instock","12":"taxable","13":"shipping-taxable","14":"purchasable","15":"product-type-simple"},"aioseo_notices":[],"_links":{"self":[{"href":"https:\/\/bodegacanrubi.com\/ca\/wp-json\/wp\/v2\/product\/16720","targetHints":{"allow":["GET"]}}],"collection":[{"href":"https:\/\/bodegacanrubi.com\/ca\/wp-json\/wp\/v2\/product"}],"about":[{"href":"https:\/\/bodegacanrubi.com\/ca\/wp-json\/wp\/v2\/types\/product"}],"version-history":[{"count":2,"href":"https:\/\/bodegacanrubi.com\/ca\/wp-json\/wp\/v2\/product\/16720\/revisions"}],"predecessor-version":[{"id":21756,"href":"https:\/\/bodegacanrubi.com\/ca\/wp-json\/wp\/v2\/product\/16720\/revisions\/21756"}],"wp:featuredmedia":[{"embeddable":true,"href":"https:\/\/bodegacanrubi.com\/ca\/wp-json\/wp\/v2\/media\/12077"}],"wp:attachment":[{"href":"https:\/\/bodegacanrubi.com\/ca\/wp-json\/wp\/v2\/media?parent=16720"}],"wp:term":[{"taxonomy":"product_brand","embeddable":true,"href":"https:\/\/bodegacanrubi.com\/ca\/wp-json\/wp\/v2\/product_brand?post=16720"},{"taxonomy":"product_cat","embeddable":true,"href":"https:\/\/bodegacanrubi.com\/ca\/wp-json\/wp\/v2\/product_cat?post=16720"},{"taxonomy":"product_tag","embeddable":true,"href":"https:\/\/bodegacanrubi.com\/ca\/wp-json\/wp\/v2\/product_tag?post=16720"}],"curies":[{"name":"wp","href":"https:\/\/api.w.org\/{rel}","templated":true}]}}