{"id":16719,"date":"2023-06-21T04:32:00","date_gmt":"2023-06-21T02:32:00","guid":{"rendered":"https:\/\/bodegacanrubi.com\/producto\/la-mar-de-be-malvasia-2023\/"},"modified":"2026-03-13T18:26:05","modified_gmt":"2026-03-13T17:26:05","slug":"la-mar-de-be-malvasia-2023","status":"publish","type":"product","link":"https:\/\/bodegacanrubi.com\/ca\/producto\/la-mar-de-be-malvasia-2023\/","title":{"rendered":"LA MAR DE B\u00c9 MALVASIA 2022 75CL"},"content":{"rendered":"<h3>La mar de b\u00e9 Malvas\u00eda 2022:<\/h3>\n<p>&nbsp;<\/p>\n<p><strong>Variedad:<\/strong> Malvas\u00eda. <strong>Graduaci\u00f3n:<\/strong> 11,5% vol. <strong>Elaboraci\u00f3n:<\/strong> Extracci\u00f3n suave del mosto mediante prensado neum\u00e1tico y posterior desfangado est\u00e1tico. Fermentaci\u00f3n en dep\u00f3sitos de acero inoxidable a temperatura controlada, despu\u00e9s de la fermentaci\u00f3n malol\u00e1ctica se deja reposar hasta su m\u00e1xima clarificaci\u00f3n natural.\u2028Se embotella en sus primeros meses para mantener los aromas que caracterizan este vino joven, afrutado y fresco. <strong>Nota de cata:<\/strong> Color amarillo p\u00e1lido limpio y brillante, con reflejos verdosos. Aromas a flores blancas, como almendro, azahar con ligeros toques frutales a pera, manzana y melocot\u00f3n. En boca \u00e9s un vino con una gran complejidad de aromas verdes y frescos equilibrados por su moderada acidez. Sensaci\u00f3n final de frutas verdes con tonos salinos. <strong>Maridaje:<\/strong> Este vino es perfecto para acompa\u00f1ar pastas, ensaladas, carnes blancas, pescados, mariscos y quesos. <strong>Recomendaciones de servicio:<\/strong> Se aconseja servir entre 6 y 8 \u00baC.<\/p>\n","protected":false},"excerpt":{"rendered":"<h3>La mar de b\u00e9 Malvas\u00eda 2022:<\/h3>\n<p>&nbsp;<\/p>\n<p><strong>Variedad:<\/strong> Malvas\u00eda. <strong>Graduaci\u00f3n:<\/strong> 11,5% vol&#8230;<\/p>\n","protected":false},"featured_media":20238,"template":"","meta":{"om_disable_all_campaigns":false,"_monsterinsights_skip_tracking":false,"_monsterinsights_sitenote_active":false,"_monsterinsights_sitenote_note":"","_monsterinsights_sitenote_category":0},"product_brand":[],"product_cat":[244,216],"product_tag":[],"class_list":{"0":"post-16719","1":"product","2":"type-product","3":"status-publish","4":"has-post-thumbnail","6":"product_cat-vino-la-mar-de-be-ca","7":"product_cat-vins","10":"first","11":"instock","12":"featured","13":"taxable","14":"shipping-taxable","15":"purchasable","16":"product-type-simple"},"aioseo_notices":[],"_links":{"self":[{"href":"https:\/\/bodegacanrubi.com\/ca\/wp-json\/wp\/v2\/product\/16719","targetHints":{"allow":["GET"]}}],"collection":[{"href":"https:\/\/bodegacanrubi.com\/ca\/wp-json\/wp\/v2\/product"}],"about":[{"href":"https:\/\/bodegacanrubi.com\/ca\/wp-json\/wp\/v2\/types\/product"}],"version-history":[{"count":1,"href":"https:\/\/bodegacanrubi.com\/ca\/wp-json\/wp\/v2\/product\/16719\/revisions"}],"predecessor-version":[{"id":21746,"href":"https:\/\/bodegacanrubi.com\/ca\/wp-json\/wp\/v2\/product\/16719\/revisions\/21746"}],"wp:featuredmedia":[{"embeddable":true,"href":"https:\/\/bodegacanrubi.com\/ca\/wp-json\/wp\/v2\/media\/20238"}],"wp:attachment":[{"href":"https:\/\/bodegacanrubi.com\/ca\/wp-json\/wp\/v2\/media?parent=16719"}],"wp:term":[{"taxonomy":"product_brand","embeddable":true,"href":"https:\/\/bodegacanrubi.com\/ca\/wp-json\/wp\/v2\/product_brand?post=16719"},{"taxonomy":"product_cat","embeddable":true,"href":"https:\/\/bodegacanrubi.com\/ca\/wp-json\/wp\/v2\/product_cat?post=16719"},{"taxonomy":"product_tag","embeddable":true,"href":"https:\/\/bodegacanrubi.com\/ca\/wp-json\/wp\/v2\/product_tag?post=16719"}],"curies":[{"name":"wp","href":"https:\/\/api.w.org\/{rel}","templated":true}]}}