{"id":16714,"date":"2023-06-21T03:52:00","date_gmt":"2023-06-21T01:52:00","guid":{"rendered":"https:\/\/bodegacanrubi.com\/producto\/la-mar-de-be-sauvignon-blanc-2023\/"},"modified":"2026-03-13T18:26:12","modified_gmt":"2026-03-13T17:26:12","slug":"la-mar-de-be-sauvignon-blanc-2023","status":"publish","type":"product","link":"https:\/\/bodegacanrubi.com\/ca\/producto\/la-mar-de-be-sauvignon-blanc-2023\/","title":{"rendered":"LA MAR DE B\u00c9 SAUVIGNON BLANC 2022 75CL"},"content":{"rendered":"<h3><span style=\"vertical-align: inherit;\"><span style=\"vertical-align: inherit;\">La mar de b\u00e9 Sauvignon Blanc 2022:<\/span><\/span><\/h3>\n<p>&nbsp;<\/p>\n<p><strong><span style=\"vertical-align: inherit;\"><span style=\"vertical-align: inherit;\">Variedad:<\/span><\/span><\/strong><span style=\"vertical-align: inherit;\"><span style=\"vertical-align: inherit;\"> Suvignon Blanc. <\/span><\/span><strong><span style=\"vertical-align: inherit;\"><span style=\"vertical-align: inherit;\">Graduaci\u00f3n:<\/span><\/span><\/strong><span style=\"vertical-align: inherit;\"><span style=\"vertical-align: inherit;\"> 13%vol. <\/span><\/span><strong><span style=\"vertical-align: inherit;\"><span style=\"vertical-align: inherit;\">Elaboraci\u00f3n:<\/span><\/span><\/strong><span style=\"vertical-align: inherit;\"><span style=\"vertical-align: inherit;\"> Extracci\u00f3n suave del mosto mediante prensado neum\u00e1tico y posterior desfangado est\u00e1tico. Fermentaci\u00f3n en dep\u00f3sitos de acero inoxidable a temperatura controlada, despu\u00e9s de la fermentaci\u00f3n malol\u00e1ctica se deja reposar hasta su m\u00e1xima clarificaci\u00f3n natural. Se embotella en sus primeros meses para mantener los aromas que caracterizan este vino joven, afrutado y fresco. <\/span><\/span><strong><span style=\"vertical-align: inherit;\"><span style=\"vertical-align: inherit;\">Nota de cata:<\/span><\/span><\/strong><span style=\"vertical-align: inherit;\"><span style=\"vertical-align: inherit;\"> Color amarillo intenso con reflejos dorados, n\u00edtidos y brillantes. Aromas intensamente afrutados que nos recuerdan a miel, bizcocho, pi\u00f1a, mango, pl\u00e1tano y melocot\u00f3n. En boca es arom\u00e1tico con un cierto dulzor equilibrado por un \u00e1cido notable lo que le da una gran personalidad. Sensaci\u00f3n final de frutas tropicales frescas y dulces. <\/span><\/span><strong><span style=\"vertical-align: inherit;\"><span style=\"vertical-align: inherit;\">Maridaje:<\/span><\/span><\/strong><span style=\"vertical-align: inherit;\"><span style=\"vertical-align: inherit;\"> Este vino es perfecto para acompa\u00f1ar pastas, ensaladas, carnes blancas, pescados, mariscos y quesos. <\/span><\/span><strong><span style=\"vertical-align: inherit;\"><span style=\"vertical-align: inherit;\">Recomendaciones de servicio:<\/span><\/span><\/strong><span style=\"vertical-align: inherit;\"><span style=\"vertical-align: inherit;\"> Se aconseja servir entre 6 y 8 \u00baC.<\/span><\/span><\/p>\n","protected":false},"excerpt":{"rendered":"<h3><span style=\"vertical-align: inherit;\"><span style=\"vertical-align: inherit;\">La mar de b\u00e9 Sauvignon Blanc 2022:<\/span><\/span><\/h3>\n<p>&nbsp;<\/p>\n<p><strong><span style=\"vertical-align: inherit;\"><span style=\"vertical-align: inherit;\">Variedad:<\/span><\/span><\/strong><span style=\"vertical-align: inherit;\"><span style=\"vertical-align: inherit;\"> Suvignon Blanc. <\/span><\/span><strong><span style=\"vertical-align: inherit;\"><span style=\"vertical-align: inherit;\">Graduaci\u00f3n:<\/span><\/span><\/strong><span style=\"vertical-align: inherit;\"><span style=\"vertical-align: inherit;\"> 13% vol&#8230;<\/span><\/span><\/p>\n","protected":false},"featured_media":21698,"template":"","meta":{"om_disable_all_campaigns":false,"_monsterinsights_skip_tracking":false,"_monsterinsights_sitenote_active":false,"_monsterinsights_sitenote_note":"","_monsterinsights_sitenote_category":0},"product_brand":[],"product_cat":[244,216],"product_tag":[],"class_list":{"0":"post-16714","1":"product","2":"type-product","3":"status-publish","4":"has-post-thumbnail","6":"product_cat-vino-la-mar-de-be-ca","7":"product_cat-vins","10":"first","11":"instock","12":"taxable","13":"shipping-taxable","14":"purchasable","15":"product-type-simple"},"aioseo_notices":[],"_links":{"self":[{"href":"https:\/\/bodegacanrubi.com\/ca\/wp-json\/wp\/v2\/product\/16714","targetHints":{"allow":["GET"]}}],"collection":[{"href":"https:\/\/bodegacanrubi.com\/ca\/wp-json\/wp\/v2\/product"}],"about":[{"href":"https:\/\/bodegacanrubi.com\/ca\/wp-json\/wp\/v2\/types\/product"}],"version-history":[{"count":2,"href":"https:\/\/bodegacanrubi.com\/ca\/wp-json\/wp\/v2\/product\/16714\/revisions"}],"predecessor-version":[{"id":21747,"href":"https:\/\/bodegacanrubi.com\/ca\/wp-json\/wp\/v2\/product\/16714\/revisions\/21747"}],"wp:featuredmedia":[{"embeddable":true,"href":"https:\/\/bodegacanrubi.com\/ca\/wp-json\/wp\/v2\/media\/21698"}],"wp:attachment":[{"href":"https:\/\/bodegacanrubi.com\/ca\/wp-json\/wp\/v2\/media?parent=16714"}],"wp:term":[{"taxonomy":"product_brand","embeddable":true,"href":"https:\/\/bodegacanrubi.com\/ca\/wp-json\/wp\/v2\/product_brand?post=16714"},{"taxonomy":"product_cat","embeddable":true,"href":"https:\/\/bodegacanrubi.com\/ca\/wp-json\/wp\/v2\/product_cat?post=16714"},{"taxonomy":"product_tag","embeddable":true,"href":"https:\/\/bodegacanrubi.com\/ca\/wp-json\/wp\/v2\/product_tag?post=16714"}],"curies":[{"name":"wp","href":"https:\/\/api.w.org\/{rel}","templated":true}]}}