{"id":16709,"date":"2023-06-20T21:07:01","date_gmt":"2023-06-20T19:07:01","guid":{"rendered":"https:\/\/bodegacanrubi.com\/producto\/alada-rosat-tempranillo-merlot-2023\/"},"modified":"2026-03-13T18:34:55","modified_gmt":"2026-03-13T17:34:55","slug":"alada-rosat-tempranillo-merlot-2023","status":"publish","type":"product","link":"https:\/\/bodegacanrubi.com\/ca\/producto\/alada-rosat-tempranillo-merlot-2023\/","title":{"rendered":"ALADA ROSAT CABERNET SAUVIGNON 2024 75CL"},"content":{"rendered":"<h3>Alada Rosat Tempranillo Merlot:<\/h3>\n<p>&nbsp;<\/p>\n<p><strong>Variedad de Uva:<\/strong> Tempranillo y Merlot <strong>Graduaci\u00f3n:<\/strong> 12\u20195% vol. <strong>Elaboraci\u00f3n:<\/strong> Maceraci\u00f3n de los hollejos durante 32h o hasta extraer el color deseado. Fermentaci\u00f3n en dep\u00f3sitos de acero inoxidable a temperatura controlada, despu\u00e9s de la fermentaci\u00f3n malol\u00e1ctica se deja reposar hasta su m\u00e1xima clarificaci\u00f3n natural. <strong>Nota de cata:<\/strong> Vino de color rojo p\u00e1lido y brillante de gran frescura y agradable aroma. Aromas intensos, limpios, frescos y afrutados que nos recuerdan a frutos rojos. Entrada fresca y equilibrada. Paso suave y untuoso, dejando una sensaci\u00f3n final de fruta roja fresca. Se embotella en sus primeros meses para mantener los aromas que caracterizan este vino joven, afrutado y fresco.<\/p>\n","protected":false},"excerpt":{"rendered":"<h3>Alada Rosat Tempranillo Merlot:<\/h3>\n<p>&nbsp;<\/p>\n<p><strong>Variedad de Uva:<\/strong> Tempranillo y Merlot <strong>Graduaci\u00f3n:<\/strong> 12\u20195% vol&#8230;<\/p>\n","protected":false},"featured_media":19945,"template":"","meta":{"om_disable_all_campaigns":false,"_monsterinsights_skip_tracking":false,"_monsterinsights_sitenote_active":false,"_monsterinsights_sitenote_note":"","_monsterinsights_sitenote_category":0},"product_brand":[],"product_cat":[240,216],"product_tag":[],"class_list":{"0":"post-16709","1":"product","2":"type-product","3":"status-publish","4":"has-post-thumbnail","6":"product_cat-alada-ca","7":"product_cat-vins","10":"first","11":"instock","12":"taxable","13":"shipping-taxable","14":"purchasable","15":"product-type-simple"},"aioseo_notices":[],"_links":{"self":[{"href":"https:\/\/bodegacanrubi.com\/ca\/wp-json\/wp\/v2\/product\/16709","targetHints":{"allow":["GET"]}}],"collection":[{"href":"https:\/\/bodegacanrubi.com\/ca\/wp-json\/wp\/v2\/product"}],"about":[{"href":"https:\/\/bodegacanrubi.com\/ca\/wp-json\/wp\/v2\/types\/product"}],"version-history":[{"count":2,"href":"https:\/\/bodegacanrubi.com\/ca\/wp-json\/wp\/v2\/product\/16709\/revisions"}],"predecessor-version":[{"id":21763,"href":"https:\/\/bodegacanrubi.com\/ca\/wp-json\/wp\/v2\/product\/16709\/revisions\/21763"}],"wp:featuredmedia":[{"embeddable":true,"href":"https:\/\/bodegacanrubi.com\/ca\/wp-json\/wp\/v2\/media\/19945"}],"wp:attachment":[{"href":"https:\/\/bodegacanrubi.com\/ca\/wp-json\/wp\/v2\/media?parent=16709"}],"wp:term":[{"taxonomy":"product_brand","embeddable":true,"href":"https:\/\/bodegacanrubi.com\/ca\/wp-json\/wp\/v2\/product_brand?post=16709"},{"taxonomy":"product_cat","embeddable":true,"href":"https:\/\/bodegacanrubi.com\/ca\/wp-json\/wp\/v2\/product_cat?post=16709"},{"taxonomy":"product_tag","embeddable":true,"href":"https:\/\/bodegacanrubi.com\/ca\/wp-json\/wp\/v2\/product_tag?post=16709"}],"curies":[{"name":"wp","href":"https:\/\/api.w.org\/{rel}","templated":true}]}}