{"id":16668,"date":"2023-06-21T05:05:46","date_gmt":"2023-06-21T03:05:46","guid":{"rendered":"https:\/\/bodegacanrubi.com\/producto\/hierbas-rubi-secas-70cl\/"},"modified":"2026-03-28T21:02:45","modified_gmt":"2026-03-28T20:02:45","slug":"hierbas-rubi-secas-70cl","status":"publish","type":"product","link":"https:\/\/bodegacanrubi.com\/ca\/producto\/hierbas-rubi-secas-70cl\/","title":{"rendered":"HERBES RUB\u00cd SEQUES 70CL"},"content":{"rendered":"<h3>Hierbas Secas:<\/h3>\n<p>&nbsp;<\/p>\n<p><strong>Graduaci\u00f3n alcoh\u00f3lica:<\/strong> 38%vol. <strong>Nota de cata:<\/strong> En esta variedad de hierbas destacan los sabores del romero y la manzanilla. Tiene un perfil m\u00e1s potente y herb\u00e1ceo, con un ligero amargor. Es una opci\u00f3n ideal para quienes buscan una experiencia m\u00e1s intensa.<\/p>\n","protected":false},"excerpt":{"rendered":"<h3>Hierbas Secas:<\/h3>\n<p>&nbsp;<\/p>\n<p><strong>Graduaci\u00f3n alcoh\u00f3lica:<\/strong> 38%vol. <strong>Nota de cata:<\/strong> En esta variedad de hier<\/p>\n","protected":false},"featured_media":12092,"template":"","meta":{"om_disable_all_campaigns":false,"_monsterinsights_skip_tracking":false,"_monsterinsights_sitenote_active":false,"_monsterinsights_sitenote_note":"","_monsterinsights_sitenote_category":0},"product_brand":[],"product_cat":[220,222],"product_tag":[],"class_list":{"0":"post-16668","1":"product","2":"type-product","3":"status-publish","4":"has-post-thumbnail","6":"product_cat-hierbas-mallorquinas-ca","7":"product_cat-hierbas-secas-ca","10":"first","11":"instock","12":"taxable","13":"shipping-taxable","14":"purchasable","15":"product-type-simple"},"aioseo_notices":[],"_links":{"self":[{"href":"https:\/\/bodegacanrubi.com\/ca\/wp-json\/wp\/v2\/product\/16668","targetHints":{"allow":["GET"]}}],"collection":[{"href":"https:\/\/bodegacanrubi.com\/ca\/wp-json\/wp\/v2\/product"}],"about":[{"href":"https:\/\/bodegacanrubi.com\/ca\/wp-json\/wp\/v2\/types\/product"}],"version-history":[{"count":2,"href":"https:\/\/bodegacanrubi.com\/ca\/wp-json\/wp\/v2\/product\/16668\/revisions"}],"predecessor-version":[{"id":21754,"href":"https:\/\/bodegacanrubi.com\/ca\/wp-json\/wp\/v2\/product\/16668\/revisions\/21754"}],"wp:featuredmedia":[{"embeddable":true,"href":"https:\/\/bodegacanrubi.com\/ca\/wp-json\/wp\/v2\/media\/12092"}],"wp:attachment":[{"href":"https:\/\/bodegacanrubi.com\/ca\/wp-json\/wp\/v2\/media?parent=16668"}],"wp:term":[{"taxonomy":"product_brand","embeddable":true,"href":"https:\/\/bodegacanrubi.com\/ca\/wp-json\/wp\/v2\/product_brand?post=16668"},{"taxonomy":"product_cat","embeddable":true,"href":"https:\/\/bodegacanrubi.com\/ca\/wp-json\/wp\/v2\/product_cat?post=16668"},{"taxonomy":"product_tag","embeddable":true,"href":"https:\/\/bodegacanrubi.com\/ca\/wp-json\/wp\/v2\/product_tag?post=16668"}],"curies":[{"name":"wp","href":"https:\/\/api.w.org\/{rel}","templated":true}]}}