{"id":16664,"date":"2023-06-21T05:01:11","date_gmt":"2023-06-21T03:01:11","guid":{"rendered":"https:\/\/bodegacanrubi.com\/producto\/hierbas-rubi-mezcladas-1l\/"},"modified":"2026-03-28T21:02:45","modified_gmt":"2026-03-28T20:02:45","slug":"hierbas-rubi-mezcladas-1l","status":"publish","type":"product","link":"https:\/\/bodegacanrubi.com\/ca\/producto\/hierbas-rubi-mezcladas-1l\/","title":{"rendered":"HERBES RUB\u00cd MESCLADES 1L"},"content":{"rendered":"<h3>Hierbas Mezcladas 1L:<\/h3>\n<p>&nbsp;<\/p>\n<p><strong>Graduaci\u00f3n alcoh\u00f3lica:<\/strong> 25% vol. <strong>Nota de cata:<\/strong> Estas hierbas ofrecen un aroma predominante a an\u00eds. Su sabor es caracter\u00edstico y lleno de matices herb\u00e1ceos. Es una opci\u00f3n m\u00e1s intensa y compleja que las hierbas dulces.<\/p>\n","protected":false},"excerpt":{"rendered":"<h3>Hierbas Mezcladas 1L:<\/h3>\n<p>&nbsp;<\/p>\n<p><strong>Graduaci\u00f3n alcoh\u00f3lica:<\/strong> 25% vol&#8230;<\/p>\n","protected":false},"featured_media":12089,"template":"","meta":{"om_disable_all_campaigns":false,"_monsterinsights_skip_tracking":false,"_monsterinsights_sitenote_active":false,"_monsterinsights_sitenote_note":"","_monsterinsights_sitenote_category":0},"product_brand":[],"product_cat":[220,219],"product_tag":[],"class_list":{"0":"post-16664","1":"product","2":"type-product","3":"status-publish","4":"has-post-thumbnail","6":"product_cat-hierbas-mallorquinas-ca","7":"product_cat-hierbas-mezcladas-ca","10":"first","11":"instock","12":"taxable","13":"shipping-taxable","14":"purchasable","15":"product-type-simple"},"aioseo_notices":[],"_links":{"self":[{"href":"https:\/\/bodegacanrubi.com\/ca\/wp-json\/wp\/v2\/product\/16664","targetHints":{"allow":["GET"]}}],"collection":[{"href":"https:\/\/bodegacanrubi.com\/ca\/wp-json\/wp\/v2\/product"}],"about":[{"href":"https:\/\/bodegacanrubi.com\/ca\/wp-json\/wp\/v2\/types\/product"}],"version-history":[{"count":3,"href":"https:\/\/bodegacanrubi.com\/ca\/wp-json\/wp\/v2\/product\/16664\/revisions"}],"predecessor-version":[{"id":21760,"href":"https:\/\/bodegacanrubi.com\/ca\/wp-json\/wp\/v2\/product\/16664\/revisions\/21760"}],"wp:featuredmedia":[{"embeddable":true,"href":"https:\/\/bodegacanrubi.com\/ca\/wp-json\/wp\/v2\/media\/12089"}],"wp:attachment":[{"href":"https:\/\/bodegacanrubi.com\/ca\/wp-json\/wp\/v2\/media?parent=16664"}],"wp:term":[{"taxonomy":"product_brand","embeddable":true,"href":"https:\/\/bodegacanrubi.com\/ca\/wp-json\/wp\/v2\/product_brand?post=16664"},{"taxonomy":"product_cat","embeddable":true,"href":"https:\/\/bodegacanrubi.com\/ca\/wp-json\/wp\/v2\/product_cat?post=16664"},{"taxonomy":"product_tag","embeddable":true,"href":"https:\/\/bodegacanrubi.com\/ca\/wp-json\/wp\/v2\/product_tag?post=16664"}],"curies":[{"name":"wp","href":"https:\/\/api.w.org\/{rel}","templated":true}]}}