{"id":16067,"date":"2023-06-21T05:21:59","date_gmt":"2023-06-21T03:21:59","guid":{"rendered":"https:\/\/bodegacanrubi.com\/producto\/vermut-blanco-reserva-especial\/"},"modified":"2026-03-13T18:29:52","modified_gmt":"2026-03-13T17:29:52","slug":"vermut-blanco-reserva-especial","status":"publish","type":"product","link":"https:\/\/bodegacanrubi.com\/ca\/producto\/vermut-blanco-reserva-especial\/","title":{"rendered":"ENDIUMENJAT VERMUT BLANC ESPECIAL 75CL"},"content":{"rendered":"<h3>Endiumenjat Blanco Reserva:<\/h3>\n<p>&nbsp;<\/p>\n<p><strong>Nota de tast:<\/strong> Arom\u00e0ticament intens i molt agradable, amb records d&#8217;herbes dolces com la genciana, l&#8217;an\u00eds estrellat, l&#8217;herba llu\u00efsa, la quina o l&#8217;ang\u00e8lica. A la boca \u00e9s elegant, untu\u00f3s, refinat i rod\u00f3. Es percep una lleugera dol\u00e7or amb un toc final de c\u00edtric amarg i refinat que aporta frescor i un sabor final molt llaminer.<\/p>\n<p id=\"tw-target-text\" class=\"tw-data-text tw-text-large tw-ta\" dir=\"ltr\" data-placeholder=\"Traducci\u00f3n\" aria-label=\"Texto traducido\" data-ved=\"2ahUKEwjQzfm6s7uIAxWxpJUCHYSPN2wQ3ewLegQIBxAU\"><span class=\"Y2IQFc\" lang=\"ca\"><strong>Maridatge:<\/strong> Combina perfectament amb olives, clo\u00efsses, musclos, anxoves amanides, formatge, embotit o qualsevol tipus de tapa.<br \/>\n<\/span><strong>Recomanacions de servei:<\/strong> S&#8217;aconsella servir amb dues olives, una rodanxa de llimona i entre 4 i 6 \u00baC o amb 2 o 3 gla\u00e7ons.<\/p>\n","protected":false},"excerpt":{"rendered":"<h3>Endiumenjat Blanco Reserva:<\/h3>\n<p>&nbsp;<\/p>\n<p><strong>Nota de tast:<\/strong> Arom\u00e0ticament intens i molt agradable, amb records d&#8217;herbes dolces com la genciana.<\/p>\n","protected":false},"featured_media":12107,"template":"","meta":{"om_disable_all_campaigns":false,"_monsterinsights_skip_tracking":false,"_monsterinsights_sitenote_active":false,"_monsterinsights_sitenote_note":"","_monsterinsights_sitenote_category":0},"product_brand":[],"product_cat":[207,208,216],"product_tag":[],"class_list":{"0":"post-16067","1":"product","2":"type-product","3":"status-publish","4":"has-post-thumbnail","6":"product_cat-vermut-blanco-ca","7":"product_cat-vermuts-ca","8":"product_cat-vins","11":"first","12":"instock","13":"taxable","14":"shipping-taxable","15":"purchasable","16":"product-type-simple"},"aioseo_notices":[],"_links":{"self":[{"href":"https:\/\/bodegacanrubi.com\/ca\/wp-json\/wp\/v2\/product\/16067","targetHints":{"allow":["GET"]}}],"collection":[{"href":"https:\/\/bodegacanrubi.com\/ca\/wp-json\/wp\/v2\/product"}],"about":[{"href":"https:\/\/bodegacanrubi.com\/ca\/wp-json\/wp\/v2\/types\/product"}],"version-history":[{"count":3,"href":"https:\/\/bodegacanrubi.com\/ca\/wp-json\/wp\/v2\/product\/16067\/revisions"}],"predecessor-version":[{"id":21748,"href":"https:\/\/bodegacanrubi.com\/ca\/wp-json\/wp\/v2\/product\/16067\/revisions\/21748"}],"wp:featuredmedia":[{"embeddable":true,"href":"https:\/\/bodegacanrubi.com\/ca\/wp-json\/wp\/v2\/media\/12107"}],"wp:attachment":[{"href":"https:\/\/bodegacanrubi.com\/ca\/wp-json\/wp\/v2\/media?parent=16067"}],"wp:term":[{"taxonomy":"product_brand","embeddable":true,"href":"https:\/\/bodegacanrubi.com\/ca\/wp-json\/wp\/v2\/product_brand?post=16067"},{"taxonomy":"product_cat","embeddable":true,"href":"https:\/\/bodegacanrubi.com\/ca\/wp-json\/wp\/v2\/product_cat?post=16067"},{"taxonomy":"product_tag","embeddable":true,"href":"https:\/\/bodegacanrubi.com\/ca\/wp-json\/wp\/v2\/product_tag?post=16067"}],"curies":[{"name":"wp","href":"https:\/\/api.w.org\/{rel}","templated":true}]}}