{"id":15965,"date":"2023-06-15T21:06:56","date_gmt":"2023-06-15T19:06:56","guid":{"rendered":"https:\/\/bodegacanrubi.com\/?page_id=15965"},"modified":"2024-09-20T21:35:35","modified_gmt":"2024-09-20T19:35:35","slug":"vinyes","status":"publish","type":"page","link":"https:\/\/bodegacanrubi.com\/ca\/vinyes\/","title":{"rendered":"Vinyes"},"content":{"rendered":"\t\t<div data-elementor-type=\"wp-page\" data-elementor-id=\"15965\" class=\"elementor elementor-15965 elementor-10791\" data-elementor-post-type=\"page\">\n\t\t\t\t\t\t<section class=\"elementor-section elementor-top-section elementor-element elementor-element-b4b81b4 elementor-section-stretched ourteam-content elementor-section-height-min-height elementor-section-boxed elementor-section-height-default elementor-section-items-middle\" data-id=\"b4b81b4\" data-element_type=\"section\" data-e-type=\"section\" data-settings=\"{&quot;stretch_section&quot;:&quot;section-stretched&quot;,&quot;background_background&quot;:&quot;classic&quot;}\">\n\t\t\t\t\t\t<div class=\"elementor-container elementor-column-gap-default\">\n\t\t\t\t\t<div class=\"elementor-column elementor-col-50 elementor-top-column elementor-element elementor-element-a9bf480\" data-id=\"a9bf480\" data-element_type=\"column\" data-e-type=\"column\" data-settings=\"{&quot;background_background&quot;:&quot;slideshow&quot;,&quot;background_slideshow_gallery&quot;:[],&quot;background_slideshow_loop&quot;:&quot;yes&quot;,&quot;background_slideshow_slide_duration&quot;:5000,&quot;background_slideshow_slide_transition&quot;:&quot;fade&quot;,&quot;background_slideshow_transition_duration&quot;:500}\">\n\t\t\t<div class=\"elementor-widget-wrap elementor-element-populated\">\n\t\t\t\t\t\t<section class=\"elementor-section elementor-inner-section elementor-element elementor-element-cf2937f elementor-section-height-min-height elementor-section-boxed elementor-section-height-default\" data-id=\"cf2937f\" data-element_type=\"section\" data-e-type=\"section\">\n\t\t\t\t\t\t<div class=\"elementor-container elementor-column-gap-default\">\n\t\t\t\t\t<div class=\"elementor-column elementor-col-100 elementor-inner-column elementor-element elementor-element-91d8a85\" data-id=\"91d8a85\" data-element_type=\"column\" data-e-type=\"column\" data-settings=\"{&quot;background_background&quot;:&quot;slideshow&quot;,&quot;background_slideshow_gallery&quot;:[{&quot;id&quot;:10795,&quot;url&quot;:&quot;https:\\\/\\\/bodegacanrubi.com\\\/wp-content\\\/uploads\\\/2023\\\/06\\\/canrubi053.jpg&quot;},{&quot;id&quot;:10797,&quot;url&quot;:&quot;https:\\\/\\\/bodegacanrubi.com\\\/wp-content\\\/uploads\\\/2023\\\/06\\\/Vinedos.jpg&quot;},{&quot;id&quot;:12464,&quot;url&quot;:&quot;https:\\\/\\\/bodegacanrubi.com\\\/wp-content\\\/uploads\\\/2023\\\/07\\\/Bodega_uvas-planta-vinedos-dia-soleado.jpg&quot;}],&quot;background_slideshow_loop&quot;:&quot;yes&quot;,&quot;background_slideshow_slide_duration&quot;:5000,&quot;background_slideshow_slide_transition&quot;:&quot;fade&quot;,&quot;background_slideshow_transition_duration&quot;:500}\">\n\t\t\t<div class=\"elementor-widget-wrap\">\n\t\t\t\t\t\t\t<\/div>\n\t\t<\/div>\n\t\t\t\t\t<\/div>\n\t\t<\/section>\n\t\t\t\t\t<\/div>\n\t\t<\/div>\n\t\t\t\t<div class=\"elementor-column elementor-col-50 elementor-top-column elementor-element elementor-element-1dad4d3\" data-id=\"1dad4d3\" data-element_type=\"column\" data-e-type=\"column\">\n\t\t\t<div class=\"elementor-widget-wrap elementor-element-populated\">\n\t\t\t\t\t\t<div class=\"elementor-element elementor-element-b4df5d0 text-block-wapper-1 elementor-widget elementor-widget-text-editor\" data-id=\"b4df5d0\" data-element_type=\"widget\" data-e-type=\"widget\" data-widget_type=\"text-editor.default\">\n\t\t\t\t<div class=\"elementor-widget-container\">\n\t\t\t\t\t\t\t\t\t<h2 id=\"tw-target-text\" class=\"tw-data-text tw-text-large tw-ta\" dir=\"ltr\" data-placeholder=\"Traducci\u00f3n\" aria-label=\"Texto traducido\" data-ved=\"2ahUKEwjogrSq-LqIAxWelZUCHVoyCNgQ3ewLegQICBAU\"><span class=\"Y2IQFc\" lang=\"ca\">On comen\u00e7a la passi\u00f3 pel vi<\/span><\/h2>\t\t\t\t\t\t\t\t<\/div>\n\t\t\t\t<\/div>\n\t\t\t\t<div class=\"elementor-element elementor-element-3abcf9f text-block-wapper-1 elementor-widget elementor-widget-text-editor\" data-id=\"3abcf9f\" data-element_type=\"widget\" data-e-type=\"widget\" data-widget_type=\"text-editor.default\">\n\t\t\t\t<div class=\"elementor-widget-container\">\n\t\t\t\t\t\t\t\t\t<div class=\"desc\"><p id=\"tw-target-text\" class=\"tw-data-text tw-text-large tw-ta\" dir=\"ltr\" data-placeholder=\"Traducci\u00f3n\" aria-label=\"Texto traducido\" data-ved=\"2ahUKEwjogrSq-LqIAxWelZUCHVoyCNgQ3ewLegQICBAU\"><span class=\"Y2IQFc\" lang=\"ca\">Les nostres vinyes s\u00f3n essencials a Celler Can Rub\u00ed. Encara que no tenim vinyes pr\u00f2pies, hem establert s\u00f2lides aliances amb viticultors de confian\u00e7a a la regi\u00f3. Sota la supervisi\u00f3 de Lorenzo Rub\u00ed i el nostre equip, garantim alts est\u00e0ndards de qualitat i respecte per la terra a cada vinya.<\/span><\/p><p id=\"tw-target-text\" class=\"tw-data-text tw-text-large tw-ta\" dir=\"ltr\" data-placeholder=\"Traducci\u00f3n\" aria-label=\"Texto traducido\" data-ved=\"2ahUKEwjogrSq-LqIAxWelZUCHVoyCNgQ3ewLegQICBAU\"><span class=\"Y2IQFc\" lang=\"ca\">Estem ubicats al bell terme municipal de Santa Maria del Cam\u00ed, on el clima i el s\u00f2l es combinen perfectament per al cultiu de la vinya. Utilitzem m\u00e8todes tradicionals i tecnologia moderna a les nostres vinyes, on el treball artesanal s&#8217;uneix a la maquin\u00e0ria en certs processos. La verema es realitza manualment, cuidant cada ra\u00efm amb dedicaci\u00f3.<\/span><\/p><p>Conreem una varietat de ra\u00efms, com Premsal Blanc, Chardonnay, Moscatell, Sauvignon Blanc, Malvasia, Mantell Negre, Ull de Llebre, Cabernet Sauvignon, Sirah i Merlot. Cada varietat aporta caracter\u00edstiques \u00faniques i combinada amb la nostra experi\u00e8ncia resulta en vins excepcionals. A Celler Can Rub\u00ed, valorem les nostres vinyes i estem orgullosos de compartir la nostra pasi\u00f3 i dedicaci\u00f3 a cada copa de vi que produ\u00efm.<\/p><\/div>\t\t\t\t\t\t\t\t<\/div>\n\t\t\t\t<\/div>\n\t\t\t\t<div class=\"elementor-element elementor-element-6807a94 elementor-widget elementor-widget-html\" data-id=\"6807a94\" data-element_type=\"widget\" data-e-type=\"widget\" data-widget_type=\"html.default\">\n\t\t\t\t<div class=\"elementor-widget-container\">\n\t\t\t\t\t<style>\n    .bwp-main .page-title {\n    background-image: url(https:\/\/bodegacanrubi.com\/wp-content\/uploads\/2023\/07\/Vinedos-header.jpg)!important;\n    background-position: center 60%;\n}\n<\/style>\t\t\t\t<\/div>\n\t\t\t\t<\/div>\n\t\t\t\t\t<\/div>\n\t\t<\/div>\n\t\t\t\t\t<\/div>\n\t\t<\/section>\n\t\t\t\t<\/div>\n\t\t","protected":false},"excerpt":{"rendered":"<p>On comen\u00e7a la passi\u00f3 pel vi Les nostres vinyes s\u00f3n essencials a Celler Can Rub\u00ed. Encara que no tenim vinyes pr\u00f2pies, hem establert s\u00f2lides aliances amb viticultors de confian\u00e7a a la regi\u00f3. Sota la supervisi\u00f3 de Lorenzo Rub\u00ed i el nostre equip, garantim alts est\u00e0ndards de qualitat i respecte per la terra a cada vinya. [&hellip;]<\/p>\n","protected":false},"author":1,"featured_media":0,"parent":0,"menu_order":0,"comment_status":"closed","ping_status":"closed","template":"","meta":{"om_disable_all_campaigns":false,"_monsterinsights_skip_tracking":false,"_monsterinsights_sitenote_active":false,"_monsterinsights_sitenote_note":"","_monsterinsights_sitenote_category":0,"footnotes":""},"class_list":["post-15965","page","type-page","status-publish","hentry"],"aioseo_notices":[],"_links":{"self":[{"href":"https:\/\/bodegacanrubi.com\/ca\/wp-json\/wp\/v2\/pages\/15965","targetHints":{"allow":["GET"]}}],"collection":[{"href":"https:\/\/bodegacanrubi.com\/ca\/wp-json\/wp\/v2\/pages"}],"about":[{"href":"https:\/\/bodegacanrubi.com\/ca\/wp-json\/wp\/v2\/types\/page"}],"author":[{"embeddable":true,"href":"https:\/\/bodegacanrubi.com\/ca\/wp-json\/wp\/v2\/users\/1"}],"replies":[{"embeddable":true,"href":"https:\/\/bodegacanrubi.com\/ca\/wp-json\/wp\/v2\/comments?post=15965"}],"version-history":[{"count":22,"href":"https:\/\/bodegacanrubi.com\/ca\/wp-json\/wp\/v2\/pages\/15965\/revisions"}],"predecessor-version":[{"id":16590,"href":"https:\/\/bodegacanrubi.com\/ca\/wp-json\/wp\/v2\/pages\/15965\/revisions\/16590"}],"wp:attachment":[{"href":"https:\/\/bodegacanrubi.com\/ca\/wp-json\/wp\/v2\/media?parent=15965"}],"curies":[{"name":"wp","href":"https:\/\/api.w.org\/{rel}","templated":true}]}}