{"id":15241,"date":"2023-06-20T01:30:19","date_gmt":"2023-06-19T23:30:19","guid":{"rendered":"https:\/\/bodegacanrubi.com\/?page_id=15241"},"modified":"2025-06-09T17:42:32","modified_gmt":"2025-06-09T15:42:32","slug":"la-nostra-botiga","status":"publish","type":"page","link":"https:\/\/bodegacanrubi.com\/ca\/la-nostra-botiga\/","title":{"rendered":"La nostra botiga"},"content":{"rendered":"\t\t<div data-elementor-type=\"wp-page\" data-elementor-id=\"15241\" class=\"elementor elementor-15241 elementor-10961\" data-elementor-post-type=\"page\">\n\t\t\t\t\t\t<section class=\"elementor-section elementor-top-section elementor-element elementor-element-5bea5ff elementor-section-stretched elementor-section-content-middle elementor-section-boxed elementor-section-height-default elementor-section-height-default\" data-id=\"5bea5ff\" data-element_type=\"section\" data-e-type=\"section\" data-settings=\"{&quot;stretch_section&quot;:&quot;section-stretched&quot;}\">\n\t\t\t\t\t\t<div class=\"elementor-container elementor-column-gap-default\">\n\t\t\t\t\t<div class=\"elementor-column elementor-col-50 elementor-top-column elementor-element elementor-element-56c4e23 left-banner-about\" data-id=\"56c4e23\" data-element_type=\"column\" data-e-type=\"column\" data-settings=\"{&quot;background_background&quot;:&quot;slideshow&quot;,&quot;background_slideshow_gallery&quot;:[{&quot;id&quot;:12544,&quot;url&quot;:&quot;https:\\\/\\\/bodegacanrubi.com\\\/wp-content\\\/uploads\\\/2023\\\/07\\\/Can-Rubi-137.jpg&quot;},{&quot;id&quot;:12548,&quot;url&quot;:&quot;https:\\\/\\\/bodegacanrubi.com\\\/wp-content\\\/uploads\\\/2023\\\/07\\\/Can-Rubi-139.jpg&quot;},{&quot;id&quot;:12552,&quot;url&quot;:&quot;https:\\\/\\\/bodegacanrubi.com\\\/wp-content\\\/uploads\\\/2023\\\/07\\\/Can-Rubi-141.jpg&quot;},{&quot;id&quot;:12556,&quot;url&quot;:&quot;https:\\\/\\\/bodegacanrubi.com\\\/wp-content\\\/uploads\\\/2023\\\/07\\\/Can-Rubi-159.jpg&quot;}],&quot;background_slideshow_loop&quot;:&quot;yes&quot;,&quot;background_slideshow_slide_duration&quot;:5000,&quot;background_slideshow_slide_transition&quot;:&quot;fade&quot;,&quot;background_slideshow_transition_duration&quot;:500}\">\n\t\t\t<div class=\"elementor-widget-wrap elementor-element-populated\">\n\t\t\t\t\t\t<div class=\"elementor-element elementor-element-bb09bf6 elementor-widget elementor-widget-spacer\" data-id=\"bb09bf6\" data-element_type=\"widget\" data-e-type=\"widget\" data-widget_type=\"spacer.default\">\n\t\t\t\t<div class=\"elementor-widget-container\">\n\t\t\t\t\t\t\t<div class=\"elementor-spacer\">\n\t\t\t<div class=\"elementor-spacer-inner\"><\/div>\n\t\t<\/div>\n\t\t\t\t\t\t<\/div>\n\t\t\t\t<\/div>\n\t\t\t\t\t<\/div>\n\t\t<\/div>\n\t\t\t\t<div class=\"elementor-column elementor-col-50 elementor-top-column elementor-element elementor-element-f7ab563 banner-about-us2\" data-id=\"f7ab563\" data-element_type=\"column\" data-e-type=\"column\">\n\t\t\t<div class=\"elementor-widget-wrap elementor-element-populated\">\n\t\t\t\t\t\t<div class=\"elementor-element elementor-element-f568117 text-block-wapper-1 elementor-widget elementor-widget-text-editor\" data-id=\"f568117\" data-element_type=\"widget\" data-e-type=\"widget\" data-widget_type=\"text-editor.default\">\n\t\t\t\t<div class=\"elementor-widget-container\">\n\t\t\t\t\t\t\t\t\t<div class=\"box-title\">\n<div class=\"subtitle\"><\/div>\n<h2>Sabores de Can Rub\u00ed: Tu Destino Vin\u00edcola<\/h2>\n<div class=\"desc\">\n<p style=\"text-align: justify;\">Bienvenido a la tienda de la Bodega Can Rub\u00ed, un lugar donde el vino y los sabores se fusionan en una experiencia inolvidable.<\/p>\n<p style=\"text-align: justify;\">Sum\u00e9rgete en un ambiente \u00fanico, rodeado de barricas donde podr\u00e1s degustar y comprar nuestros vinos a granel. Adem\u00e1s, nuestra amplia selecci\u00f3n de vinos embotellados te sorprender\u00e1 con su calidad y variedad.<\/p>\n<p style=\"text-align: justify;\">Pero eso no es todo. En nuestra tienda tambi\u00e9n encontrar\u00e1s hierbas mallorquinas, vermuts, licores y productos aut\u00e9nticos de la regi\u00f3n. Suma sabor a tus momentos con nuestros deliciosos quesos y embutidos de las Islas.<\/p>\n<p style=\"text-align: justify;\">Y para completar la experiencia, rel\u00e1jate en nuestras mesas con servicio de bar. Disfruta de una copa de vino mientras saboreas nuestras tapas con embutidos y quesos locales, en un ambiente tranquilo y acogedor.<\/p>\n<p style=\"text-align: justify;\">Can Rub\u00ed es el lugar donde los vinos excepcionales se fusionan con los sabores aut\u00e9nticos de Mallorca. \u00a1Te esperamos!<\/p>\n\n<\/div>\n<\/div>\t\t\t\t\t\t\t\t<\/div>\n\t\t\t\t<\/div>\n\t\t\t\t<div class=\"elementor-element elementor-element-990ae13 elementor-widget elementor-widget-html\" data-id=\"990ae13\" data-element_type=\"widget\" data-e-type=\"widget\" data-widget_type=\"html.default\">\n\t\t\t\t<div class=\"elementor-widget-container\">\n\t\t\t\t\t<style>\n    .bwp-main .page-title {\n    background-image: url(https:\/\/bodegacanrubi.com\/wp-content\/uploads\/2023\/07\/Encabezado-Nuestra-tienda1.jpg)!important;\n    background-position: center 40%;\n}\n<\/style>\t\t\t\t<\/div>\n\t\t\t\t<\/div>\n\t\t\t\t<div class=\"elementor-element elementor-element-1ca8b04 elementor-widget elementor-widget-heading\" data-id=\"1ca8b04\" data-element_type=\"widget\" data-e-type=\"widget\" data-widget_type=\"heading.default\">\n\t\t\t\t<div class=\"elementor-widget-container\">\n\t\t\t\t\t<h3 class=\"elementor-heading-title elementor-size-default\">Nuestra bodega<\/h3>\t\t\t\t<\/div>\n\t\t\t\t<\/div>\n\t\t\t\t\t<\/div>\n\t\t<\/div>\n\t\t\t\t\t<\/div>\n\t\t<\/section>\n\t\t\t\t<section class=\"elementor-section elementor-top-section elementor-element elementor-element-68a7ec4 elementor-section-content-middle elementor-section-stretched elementor-section-boxed elementor-section-height-default elementor-section-height-default\" data-id=\"68a7ec4\" data-element_type=\"section\" data-e-type=\"section\" data-settings=\"{&quot;stretch_section&quot;:&quot;section-stretched&quot;,&quot;background_background&quot;:&quot;classic&quot;}\">\n\t\t\t\t\t\t<div class=\"elementor-container elementor-column-gap-default\">\n\t\t\t\t\t<div class=\"elementor-column elementor-col-50 elementor-top-column elementor-element elementor-element-5e20536\" data-id=\"5e20536\" data-element_type=\"column\" data-e-type=\"column\">\n\t\t\t<div class=\"elementor-widget-wrap elementor-element-populated\">\n\t\t\t\t\t\t<div class=\"elementor-element elementor-element-c6dacee text-block-wapper-1 elementor-widget elementor-widget-text-editor\" data-id=\"c6dacee\" data-element_type=\"widget\" data-e-type=\"widget\" data-widget_type=\"text-editor.default\">\n\t\t\t\t<div class=\"elementor-widget-container\">\n\t\t\t\t\t\t\t\t\t<h2 style=\"text-align: center;\">Contacto<\/h2>\t\t\t\t\t\t\t\t<\/div>\n\t\t\t\t<\/div>\n\t\t\t\t\t<\/div>\n\t\t<\/div>\n\t\t\t\t<div class=\"elementor-column elementor-col-50 elementor-top-column elementor-element elementor-element-0985530 banner-about-us2\" data-id=\"0985530\" data-element_type=\"column\" data-e-type=\"column\">\n\t\t\t<div class=\"elementor-widget-wrap elementor-element-populated\">\n\t\t\t\t\t\t<div class=\"elementor-element elementor-element-b868f10 text-block-wapper-1 elementor-widget elementor-widget-text-editor\" data-id=\"b868f10\" data-element_type=\"widget\" data-e-type=\"widget\" data-widget_type=\"text-editor.default\">\n\t\t\t\t<div class=\"elementor-widget-container\">\n\t\t\t\t\t\t\t\t\t<p><strong style=\"color: #4f4f4f; font-size: 16px;\">Direcci\u00f3n<\/strong><span style=\"color: #4f4f4f; font-size: 16px;\">:<\/span><\/p><p><span style=\"text-decoration: underline;\"><span style=\"color: #4f4f4f;\"><a style=\"color: #4f4f4f; text-decoration: underline;\" href=\"https:\/\/maps.google.com\/maps?ll=39.651518,2.783987&amp;z=10&amp;t=m&amp;hl=en-US&amp;gl=US&amp;mapclient=embed&amp;q=Bodega%20Can%20Rub%C3%AD%2C%20SL\" target=\"_blank\" rel=\"noopener\">Pla\u00e7a Nova, 26 &#8211; 07320 Santa Maria del Cam\u00ed<br \/>Illes Balears Espa\u00f1a<\/a><\/span><\/span><\/p><p><span style=\"color: #4f4f4f;\"><strong>Horario de apertura<\/strong>:<\/span><\/p><p><span style=\"color: #4f4f4f;\">Dimarts, Dimecres, Dijous i Divendres 10:00 &#8211; 19:00<\/span><br \/><span style=\"color: #4f4f4f;\">Dissabte, Diumenge i Dilluns 9:00- 14:00<\/span><\/p>\t\t\t\t\t\t\t\t<\/div>\n\t\t\t\t<\/div>\n\t\t\t\t\t<\/div>\n\t\t<\/div>\n\t\t\t\t\t<\/div>\n\t\t<\/section>\n\t\t\t\t<\/div>\n\t\t","protected":false},"excerpt":{"rendered":"<p>Sabores de Can Rub\u00ed: Tu Destino Vin\u00edcola Bienvenido a la tienda de la Bodega Can Rub\u00ed, un lugar donde el vino y los sabores se fusionan en una experiencia inolvidable. Sum\u00e9rgete en un ambiente \u00fanico, rodeado de barricas donde podr\u00e1s degustar y comprar nuestros vinos a granel. Adem\u00e1s, nuestra amplia selecci\u00f3n de vinos embotellados te [&hellip;]<\/p>\n","protected":false},"author":1,"featured_media":0,"parent":0,"menu_order":0,"comment_status":"closed","ping_status":"closed","template":"","meta":{"om_disable_all_campaigns":false,"_monsterinsights_skip_tracking":false,"_monsterinsights_sitenote_active":false,"_monsterinsights_sitenote_note":"","_monsterinsights_sitenote_category":0,"footnotes":""},"class_list":["post-15241","page","type-page","status-publish","hentry"],"aioseo_notices":[],"_links":{"self":[{"href":"https:\/\/bodegacanrubi.com\/ca\/wp-json\/wp\/v2\/pages\/15241","targetHints":{"allow":["GET"]}}],"collection":[{"href":"https:\/\/bodegacanrubi.com\/ca\/wp-json\/wp\/v2\/pages"}],"about":[{"href":"https:\/\/bodegacanrubi.com\/ca\/wp-json\/wp\/v2\/types\/page"}],"author":[{"embeddable":true,"href":"https:\/\/bodegacanrubi.com\/ca\/wp-json\/wp\/v2\/users\/1"}],"replies":[{"embeddable":true,"href":"https:\/\/bodegacanrubi.com\/ca\/wp-json\/wp\/v2\/comments?post=15241"}],"version-history":[{"count":7,"href":"https:\/\/bodegacanrubi.com\/ca\/wp-json\/wp\/v2\/pages\/15241\/revisions"}],"predecessor-version":[{"id":20340,"href":"https:\/\/bodegacanrubi.com\/ca\/wp-json\/wp\/v2\/pages\/15241\/revisions\/20340"}],"wp:attachment":[{"href":"https:\/\/bodegacanrubi.com\/ca\/wp-json\/wp\/v2\/media?parent=15241"}],"curies":[{"name":"wp","href":"https:\/\/api.w.org\/{rel}","templated":true}]}}