{"id":15235,"date":"2023-06-14T22:50:50","date_gmt":"2023-06-14T20:50:50","guid":{"rendered":"https:\/\/bodegacanrubi.com\/?page_id=15235"},"modified":"2024-08-31T00:02:55","modified_gmt":"2024-08-30T22:02:55","slug":"15235-2","status":"publish","type":"page","link":"https:\/\/bodegacanrubi.com\/ca\/15235-2\/","title":{"rendered":"av\u00eds legal"},"content":{"rendered":"<pre id=\"tw-target-text\" class=\"tw-data-text tw-text-large tw-ta\" dir=\"ltr\" data-placeholder=\"Traducci\u00f3n\" aria-label=\"Texto traducido\" data-ved=\"2ahUKEwjx0LTj2Z2IAxWhpZUCHY6xDZAQ3ewLegQIBxAU\"><span class=\"Y2IQFc\" lang=\"ca\"><strong>LSSI-CE INFORMATION<\/strong>\r\n\r\nIncompliance with la duty of information contemplated in article 10 of the current Law 34\/202, of July 11, on Services of the Information Society and Electronic Commerce, we informat you that the person in charge of the web, from where you can having different applications is:\r\n\r\nOwner: CELLER CAN RUBI SL. from now on THE COMPANY\r\n\r\nAddress: Pol\u00edgon Industrial Son Lla\u00fct, Carrer Ses Teixidors, 23\r\n\r\n07320, Santa Maria del Cam\u00ed \u2013 Balearic Islands (Majorca)\r\nE-mail:\u00a0des de1912@bodegacanrubi.com\r\n\r\nTelephone: 971 62 09 40\r\nVAT number B57913972\r\n\r\nWeb https:\/\/bodegacanrubi.com\r\n\r\n<strong>USER CONCEPT<\/strong>\r\n\r\nUtilitzi les webs atributes de la condici\u00f3 d'usuaris, i impliquen la full i unreserved acceptance per a qualsevol i totes les provesions incloses en aquest Legal Notice in la versi\u00f3 publicada per la companyia amb el temps de temps que els usuaris accessen la web. Conseq\u00fcentment, els usuaris mostren una mica reads aquest Legal Notice en els ocasions que he intentat utilitzar aquesta web, sense que sigui modificacions.\r\n\r\n<strong>INFORMATION ABOUT THE LINKS<\/strong>\r\n\r\nThe Company no es pot respondre a llocs web que no s\u00f3n els altres, els quals es poden accedir mitjan\u00e7ant enlla\u00e7os o per any contents disponibles per a parts.\r\n\r\nAny per accedir a la p\u00e0gina web, no \u00e9s cap amunt, est\u00e0 carregat de sol risk i s'utilitza el client i la companyia no recomanen o guareixi l'any d'informaci\u00f3 obtinguda mitjan\u00e7ant un link-part 3. El Company no \u00e9s responsible per als anys, claim o damage derivats de la seva utilitat o la missa de l'enlla\u00e7, o de la informaci\u00f3 obtained through it. Incloure altres enlla\u00e7os o llocs web, interrupci\u00f3 en servei o acc\u00e9s, o permetre el missatge a l'enlla\u00e7, com ara contactar amb la companyia web, i quan accessin informaci\u00f3 de les altres p\u00e0gines web. Company.\r\n\r\n<\/span><\/pre>\n<pre id=\"tw-target-text\" class=\"tw-data-text tw-text-large tw-ta\" dir=\"ltr\" data-placeholder=\"Traducci\u00f3n\" aria-label=\"Texto traducido\" data-ved=\"2ahUKEwjx0LTj2Z2IAxWhpZUCHY6xDZAQ3ewLegQIBxAU\"><span class=\"Y2IQFc\" lang=\"ca\"><strong>DISCLAIMER AND LIMITATION OF LIABILITY<\/strong>\r\n\r\nInformaci\u00f3 i serveis incloses o availables mitjan\u00e7ant les p\u00e0gines web m\u00e9s incloses inaccuracions o typographical errors.\r\n\r\nChanges will be incorporats periodically to the information contained.\r\n\r\nThe Company mai introdueix improvements and\/or changes in the services or contents at any time.\r\n\r\nLa companyia ha obtingut informaci\u00f3 i materials inclosos en el lloc web de les p\u00e0gines considerades reliable, per\u00f2 amb les correspo- nents measures s'ha de tenir en compte que la informaci\u00f3 comptar\u00e0 amb el correcte, que no \u00e9s guaranteja que s'accurar\u00e0 o up-to-date.\r\n\r\n\u00c9s tamb\u00e9 notat que el contingut d'aquest lloc web \u00e9s per informacions purposes en termes de qualitat, localitzaci\u00f3, accommodation, serveis i rates de la companyia.\r\n\r\n<strong>\r\nINFORMACI\u00d3 ABOUT THE EXEMPCI\u00d3 OF ALL LIABILITY ARISING FROM A TECHNICAL AND\/OR CONTENT FAILURE<\/strong>\r\n\r\nLa companyia declines any responsibility en el moment d'interrupcions o malfunction de la service o content offered on Internet, whatever its cause. Likewise, The Company no es pot respondre per a network outages, business losses com a resultat d'aquestes outages, temporary power outages, or any tipus de indirect damage que mai causen les persones per reasons mitjan\u00e7ant The Company's control.\r\n\r\nThe Company no declara o guareix que els serveis o contents s\u00f3n un interrupts o que s\u00f3n free errors, que els defectes s\u00f3n correctes, o que el servei o el servidor que ha de ser available s\u00f3n els virus com un dels altres per a que les empreses comporten els seus millors esfor\u00e7os per a aquest tipus d'incidents.\r\n\r\nPer exemple, els usuaris tenen certes decisions o performes actions basades en la informaci\u00f3 que inclouen l'any de les p\u00e0gines web, \u00e9s recomanable per a la revisi\u00f3 de les dades que s'obtinguin per a altres sources.<\/span><\/pre>\n<p><strong>INDUSTRIAL AND INTELLECTUAL PROPERTY<\/strong><\/p>\n<p>Els contents prove\u00efts per la companyia, com a contents publicats a la xarxa mitjan\u00e7ant les seves p\u00e0gines web, constitueixen el treball d&#8217;acord amb la legislaci\u00f3 en intel\u00b7lectual properties, que \u00e9s protegida per les relacions i internacionals convencions applicable en el matter.<\/p>\n<p>Any forma reproduction, distribucio, public communication, transformation, making available and, en general, any other act public exploitation referring a la p\u00e0gina web i les contencions i informacions, sense express i prior writen consent of the company.<\/p>\n<p>Conseq\u00fcentment, tots els contents displayen en diferents llocs web i dissenys especials, texts, gr\u00e0fics, logos, icons, buttons, programes, trade names, trademarks, industrial drawings, any other sign susceptible a industrial i comercial utilitzat, s\u00f3n subjectes a intel\u00b7lectual i industrial Properties rights of The Company or third party owners thereof whe have duly authorized their inclusion on the different websites.<\/p>\n<p>Els contents, les imatges, les formes, les opinions, els indexs i les altres expressions formals que s\u00f3n part de les p\u00e0gines web, com que \u00e9s necessari programa per a les seves operacions i visualitzacions, likiswise constitueix el treball d&#8217;acord amb el Copyright i el remain, protegit per international conventions and national legislation on Intel\u00b7lectual Property that are applicable.<\/p>\n<p>Aforementioned breach implies la commissi\u00f3 de seri\u00f3s ilegal acts i la pertinent sanci\u00f3 per civil i criminal legislaci\u00f3.<\/p>\n<p>Any act by virtue of which the users of these services or contents can commercially exploit or use, directly or indirectly, in whole or in part, any of the contents, images, forms, indexs and other formal expressions that are part of the content is prohibit. web pages without prior written permission from The Company.<\/p>\n<p>Specifically i sense exhaustius, acts of reproduction, distribution, exhibition, transmission, retransmission, broadcast in any form, storing en physical or logistical media (per example, diskettes or computer hard drive), digitizing or making available from databas totes les autoritzades per la companyia, com s\u00f3n les translacions, l&#8217;adaptaci\u00f3, o per altres transformacions de les opinions, imatges, formes, indexs, i altres formals expressions que s\u00f3n disponibles per a usuaris mitjan\u00e7ant els serveis o contents, en any case, are subjecta a l&#8217;applicable legislation on intel\u00b7lectual property, industrial or image protection.<\/p>\n<p>La companyia \u00e9s gratu\u00efta per accedir a les p\u00e0gines web, i als productes i serveis que ofereixen, com a conseq\u00fc\u00e8ncia de la publicaci\u00f3 de les opinions, observacions, imatges o comentaris que els usuaris es dirigeixen via e-mail.<\/p>\n<p>En aquest sense, la companyia \u00e9s establerta, sense considerar-ho pertinent, sense prejudicar el sol i exclusiva responsibility dels usuaris, necessaris filters en ordenar a prevenir contents o opinions de les publicades a la xarxa mitjan\u00e7ant les webs, considerades racist, xenophobic, discriminatory, pornographic, defamatory or that, in any way, encourage violence or la disseminaci\u00f3 de clearly il\u00b7legal or harmful content.<\/p>\n<p>Tots els usuaris que tinguin suggeriments, observacions, opinions o comentaris del lloc web de les empreses, de tots els departaments mitjan\u00e7ant l&#8217;e-mail service, a m\u00e9s de expressar el contrari en certain i unmistakable manner, en els casos en qu\u00e8, per a la naturalesa de la servei or Cont\u00e9 aquest \u00e9s possible, \u00e9s understood que vost\u00e8 autoritza la companyia per a la reproducci\u00f3, distribuci\u00f3, exhibici\u00f3, transmissi\u00f3, retransmissi\u00f3, broadcast in any way, stored in physical or logistical media (for example floppy disks and computer hard drive) , digit available from databases per a la companyia, translaci\u00f3, adaptaci\u00f3, o any o altres transformacions d&#8217;observacions, opinions, o comentaris, per a tot el temps de protecci\u00f3 de seguretat que \u00e9s legalment provided. Likewise, \u00e9s un inter\u00e8s en aquesta authorizaci\u00f3, la qual cosa d\u00f3na lliure de carregament, i que la mera factura de les seves observacions, opinions o comentaris per correu electr\u00f2nic, usuaris decline any remuneraci\u00f3 claim de The Company.<\/p>\n","protected":false},"excerpt":{"rendered":"<p>LSSI-CE INFORMATION Incompliance with la duty of information contemplated in article 10 of the current Law 34\/202, of July 11, on Services of the Information Society and Electronic Commerce, we informat you that the person in charge of the web, from where you can having different applications is: Owner: CELLER CAN RUBI SL. from now [&hellip;]<\/p>\n","protected":false},"author":1,"featured_media":0,"parent":0,"menu_order":0,"comment_status":"closed","ping_status":"closed","template":"","meta":{"om_disable_all_campaigns":false,"_monsterinsights_skip_tracking":false,"_monsterinsights_sitenote_active":false,"_monsterinsights_sitenote_note":"","_monsterinsights_sitenote_category":0,"footnotes":""},"class_list":["post-15235","page","type-page","status-publish","hentry"],"aioseo_notices":[],"_links":{"self":[{"href":"https:\/\/bodegacanrubi.com\/ca\/wp-json\/wp\/v2\/pages\/15235","targetHints":{"allow":["GET"]}}],"collection":[{"href":"https:\/\/bodegacanrubi.com\/ca\/wp-json\/wp\/v2\/pages"}],"about":[{"href":"https:\/\/bodegacanrubi.com\/ca\/wp-json\/wp\/v2\/types\/page"}],"author":[{"embeddable":true,"href":"https:\/\/bodegacanrubi.com\/ca\/wp-json\/wp\/v2\/users\/1"}],"replies":[{"embeddable":true,"href":"https:\/\/bodegacanrubi.com\/ca\/wp-json\/wp\/v2\/comments?post=15235"}],"version-history":[{"count":2,"href":"https:\/\/bodegacanrubi.com\/ca\/wp-json\/wp\/v2\/pages\/15235\/revisions"}],"predecessor-version":[{"id":15237,"href":"https:\/\/bodegacanrubi.com\/ca\/wp-json\/wp\/v2\/pages\/15235\/revisions\/15237"}],"wp:attachment":[{"href":"https:\/\/bodegacanrubi.com\/ca\/wp-json\/wp\/v2\/media?parent=15235"}],"curies":[{"name":"wp","href":"https:\/\/api.w.org\/{rel}","templated":true}]}}