{"id":15231,"date":"2023-06-14T22:34:32","date_gmt":"2023-06-14T20:34:32","guid":{"rendered":"https:\/\/bodegacanrubi.com\/?page_id=15231"},"modified":"2024-08-30T23:54:06","modified_gmt":"2024-08-30T21:54:06","slug":"declaracion","status":"publish","type":"page","link":"https:\/\/bodegacanrubi.com\/ca\/declaracion\/","title":{"rendered":"DECLARACION"},"content":{"rendered":"<p>Serveis d&#8217;Internet Javajan SL, s&#8217;ha comprom\u00e8s a fer accessibles els seus llocs web, d&#8217;acord amb el Reial Decret 1112\/2018, de 7 de setembre, d&#8217;accessibilitat de llocs web i aplicacions per a dispositius m\u00f2bils, pel qual es trasllada a l&#8217;ordenament jur\u00eddic espanyol Directiva. (UE) 2016\/2102 del Parlament Europeo i del Consell.<\/p>\n<p>Aquesta declaraci\u00f3 d&#8217;accessibilitat s&#8217;aplica al lloc web https:\/\/www.atravesdelpassatge.com<\/p>\n<p><strong>ESTAT DE CUMPLIMENT<\/strong><\/p>\n<p>Aquest lloc web s&#8217;ajusta parcialment al RD 1112\/2018 per les excepcions i la falta de conformitat dels aspectes que s&#8217;indiquen a continuaci\u00f3.<\/p>\n<p><strong>CONTINGUT NO ACCESSIBLE<\/strong><\/p>\n<p>El contingut que s&#8217;indica a continuaci\u00f3 no \u00e9s accessible pels motius seg\u00fcents:<\/p>\n<p>Incompliment del RD 1112\/2018<br \/>\nA causa de l&#8217;automatitzaci\u00f3 d&#8217;algunes de les publicacions, podria haver-hi p\u00e0gines amb nidificaci\u00f3 incorrecta d&#8217;etiquetes HTML.<br \/>\nHi ha documents en format PDF que no compleixen la normativa.<br \/>\nPot haver-hi errors d&#8217;edici\u00f3 ocasionals en alguna p\u00e0gina web.<br \/>\nC\u00e0rrega desproporcionada<br \/>\nNo s&#8217;aplica.<br \/>\nContingut que no entra dins l&#8217;\u00e0mbit de la legislaci\u00f3 aplicable<br \/>\nFitxers d&#8217;Office en PDF o altres formats, aix\u00ed com aplicacions publicades abans del 20 de setembre de 2018 que no compleixen totalment tots els requisits d&#8217;accessibilitat.<br \/>\nContingut multim\u00e8dia en directe.<br \/>\nContinguts multim\u00e8dia pregravats publicats abans de l&#8217;entrada en vigor del Reial Decret.<br \/>\nServeis de mapes en l\u00ednia.<br \/>\n<strong>ELABORACI\u00d3 D&#8217;AQUESTA DECLARACI\u00d3 D&#8217;ACCESSIBILITAT<\/strong><\/p>\n<p>Aquesta declaraci\u00f3 es va elaborar el 23 de febrer de 2023 i es basa en els Informes d&#8217;Accessibilitat Web de l&#8217;Observatori de l&#8217;Accessibilitat.<\/p>\n<p>La data de l&#8217;\u00faltima revisi\u00f3 va ser el 24 de maig de 2023.<\/p>\n<p><strong>OBSERVACIONS I DADES DE CONTACTE<\/strong><\/p>\n<p>Podeu realitzar comunicacions sobre requisits d&#8217;accessibilitat (article 10.2 del RD 1112\/2018) com ara:<\/p>\n<p>informar de qualsevol possible incompliment d&#8217;aquest lloc web<br \/>\ntransmetre altres dificultats d&#8217;acc\u00e9s al contingut<br \/>\nrealitzar qualsevol altra consulta o suggeriment de millora relacionada amb l&#8217;accessibilitat del lloc web<\/p>\n<p>via correu electr\u00f2nic info@javajan.com indicant el nom de la p\u00e0gina a l&#8217;assumpte.<\/p>\n<p><strong>CONTINGUT OPCIONAL<\/strong><\/p>\n<p>Aquest lloc web:<\/p>\n<p>S&#8217;ha dissenyat adaptant-se a les normes i normatives vigents en mat\u00e8ria d&#8217;accessibilitat, complint amb els punts de verificaci\u00f3 de prioritat 2 (AA) definits a l&#8217;especificaci\u00f3 de les Directrius d&#8217;accessibilitat de contingut web (WCAG 2.1).<br \/>\nCompleix amb els requisits de la Norma UNE-EN 301549 v1.1.2:2015, considerant les excepcions del Reial Decret 1112\/2018.<br \/>\nEst\u00e0 dissenyat per a una visualitzaci\u00f3 correcta en ordinadors, tauletes i dispositius m\u00f2bils amb una resoluci\u00f3 m\u00ednima de 1280&#215;1024.<br \/>\nS&#8217;ha fet utilitzant HTML5 com a llenguatge de marques i fulls d&#8217;estil CSS 3 per al seu disseny.<\/p>\n","protected":false},"excerpt":{"rendered":"<p>Serveis d&#8217;Internet Javajan SL, s&#8217;ha comprom\u00e8s a fer accessibles els seus llocs web, d&#8217;acord amb el Reial Decret 1112\/2018, de 7 de setembre, d&#8217;accessibilitat de llocs web i aplicacions per a dispositius m\u00f2bils, pel qual es trasllada a l&#8217;ordenament jur\u00eddic espanyol Directiva. (UE) 2016\/2102 del Parlament Europeo i del Consell. Aquesta declaraci\u00f3 d&#8217;accessibilitat s&#8217;aplica al [&hellip;]<\/p>\n","protected":false},"author":1,"featured_media":0,"parent":0,"menu_order":0,"comment_status":"closed","ping_status":"closed","template":"","meta":{"om_disable_all_campaigns":false,"_monsterinsights_skip_tracking":false,"_monsterinsights_sitenote_active":false,"_monsterinsights_sitenote_note":"","_monsterinsights_sitenote_category":0,"footnotes":""},"class_list":["post-15231","page","type-page","status-publish","hentry"],"aioseo_notices":[],"_links":{"self":[{"href":"https:\/\/bodegacanrubi.com\/ca\/wp-json\/wp\/v2\/pages\/15231","targetHints":{"allow":["GET"]}}],"collection":[{"href":"https:\/\/bodegacanrubi.com\/ca\/wp-json\/wp\/v2\/pages"}],"about":[{"href":"https:\/\/bodegacanrubi.com\/ca\/wp-json\/wp\/v2\/types\/page"}],"author":[{"embeddable":true,"href":"https:\/\/bodegacanrubi.com\/ca\/wp-json\/wp\/v2\/users\/1"}],"replies":[{"embeddable":true,"href":"https:\/\/bodegacanrubi.com\/ca\/wp-json\/wp\/v2\/comments?post=15231"}],"version-history":[{"count":1,"href":"https:\/\/bodegacanrubi.com\/ca\/wp-json\/wp\/v2\/pages\/15231\/revisions"}],"predecessor-version":[{"id":15232,"href":"https:\/\/bodegacanrubi.com\/ca\/wp-json\/wp\/v2\/pages\/15231\/revisions\/15232"}],"wp:attachment":[{"href":"https:\/\/bodegacanrubi.com\/ca\/wp-json\/wp\/v2\/media?parent=15231"}],"curies":[{"name":"wp","href":"https:\/\/api.w.org\/{rel}","templated":true}]}}