{"id":15216,"date":"2023-06-14T22:49:38","date_gmt":"2023-06-14T20:49:38","guid":{"rendered":"https:\/\/bodegacanrubi.com\/?page_id=15216"},"modified":"2024-08-30T23:39:46","modified_gmt":"2024-08-30T21:39:46","slug":"condicions-de-compra","status":"publish","type":"page","link":"https:\/\/bodegacanrubi.com\/ca\/condicions-de-compra\/","title":{"rendered":"Condicions de compra"},"content":{"rendered":"\t\t<div data-elementor-type=\"wp-page\" data-elementor-id=\"15216\" class=\"elementor elementor-15216 elementor-10740\" data-elementor-post-type=\"page\">\n\t\t\t\t\t\t<section class=\"elementor-section elementor-top-section elementor-element elementor-element-d09bd36 elementor-section-boxed elementor-section-height-default elementor-section-height-default\" data-id=\"d09bd36\" data-element_type=\"section\" data-e-type=\"section\">\n\t\t\t\t\t\t<div class=\"elementor-container elementor-column-gap-default\">\n\t\t\t\t\t<div class=\"elementor-column elementor-col-100 elementor-top-column elementor-element elementor-element-5abb85f\" data-id=\"5abb85f\" data-element_type=\"column\" data-e-type=\"column\">\n\t\t\t<div class=\"elementor-widget-wrap elementor-element-populated\">\n\t\t\t\t\t\t<div class=\"elementor-element elementor-element-66b096c elementor-widget elementor-widget-text-editor\" data-id=\"66b096c\" data-element_type=\"widget\" data-e-type=\"widget\" data-widget_type=\"text-editor.default\">\n\t\t\t\t<div class=\"elementor-widget-container\">\n\t\t\t\t\t\t\t\t\t<h2 id=\"tw-target-text\" class=\"tw-data-text tw-text-large tw-ta\" dir=\"ltr\" data-placeholder=\"Traducci\u00f3n\" aria-label=\"Texto traducido\" data-ved=\"2ahUKEwjVsrHj0J2IAxV_qJUCHaawAPAQ3ewLegQIBxAU\"><strong><span class=\"Y2IQFc\" lang=\"ca\">CONDICIONS DE COMPRA TITULAR I CONDICIONS GENERALS DE CONTRACTACI\u00d3<\/span><\/strong><\/h2><p id=\"tw-target-text\" class=\"tw-data-text tw-text-large tw-ta\" dir=\"ltr\" data-placeholder=\"Traducci\u00f3n\" aria-label=\"Texto traducido\" data-ved=\"2ahUKEwjVsrHj0J2IAxV_qJUCHaawAPAQ3ewLegQIBxAU\"><span class=\"Y2IQFc\" lang=\"ca\">Les presents Condicions Generals de Contractaci\u00f3 -d&#8217;ara endavant CGC-, regulen les condicions de compra dels diferents productes oferts a la nostra web: www.bodegacanrubi.com, de propietat de CELLER CAN RUB\u00cd, S.L. (ara endavant L&#8217;EMPRESA), societat espanyola, amb NIF B57913972, i ubicat al Carrer Ses Teixidors, 23 Pol. Ind. Son Lla\u00fct, 07320, Santa Maria del Cam\u00ed, Mallorca \u2013 Espanya. Els usuaris que facin compres a www.bodegacanrubi.com accepten plenament les presents CGC i quedaran vinculats per aquestes, tal com si fossin escrites en el moment de contractaci\u00f3\/compra. <\/span><\/p><p class=\"tw-data-text tw-text-large tw-ta\" dir=\"ltr\" data-placeholder=\"Traducci\u00f3n\" aria-label=\"Texto traducido\" data-ved=\"2ahUKEwjVsrHj0J2IAxV_qJUCHaawAPAQ3ewLegQIBxAU\"><span class=\"Y2IQFc\" lang=\"ca\">Ser\u00e0 requisit indispensable la lectura i l&#8217;acceptaci\u00f3 de les CGC, amb car\u00e0cter previ a la compra de qualsevol producte a trav\u00e9s de www.bodegacanrubi.com L&#8217;EMPRESA es reserva el dret de modificar les CGC en qualsevol moment i sense av\u00eds previ. Les CGC estaran sempre accessibles a partir del lloc web perqu\u00e8 l&#8217;usuari pugui consultar-les o imprimir-les en qualsevol moment.<\/span><\/p><p class=\"tw-data-text tw-text-large tw-ta\" dir=\"ltr\" data-placeholder=\"Traducci\u00f3n\" aria-label=\"Texto traducido\" data-ved=\"2ahUKEwjVsrHj0J2IAxV_qJUCHaawAPAQ3ewLegQIBxAU\"><span class=\"Y2IQFc\" lang=\"ca\">Els preus i les condicions de venda tenen un car\u00e0cter merament informatiu i poden ser modificats en atenci\u00f3 a les fluctuacions del mercat. Aix\u00f2 no obstant, la realitzaci\u00f3 de la comanda mitjan\u00e7ant l&#8217;emplenament del formulari de compra implica la conformitat amb el preu ofert i amb les condicions generals de venda vigents en aquest moment concret. Una vegada formalitzada la comanda, s&#8217;entendr\u00e0 perfeccionada la compra de ple dret, amb totes les garanties legals que emparen el consumidor adquirent i, des d&#8217;aquest instant, els preus i les condicions tindran car\u00e0cter contractual i no podran ser modificats sense l&#8217;acord expr\u00e9s dels dos contractants. .<\/span><\/p><p class=\"tw-data-text tw-text-large tw-ta\" dir=\"ltr\" data-placeholder=\"Traducci\u00f3n\" aria-label=\"Texto traducido\" data-ved=\"2ahUKEwjVsrHj0J2IAxV_qJUCHaawAPAQ3ewLegQIBxAU\"><span class=\"Y2IQFc\" lang=\"ca\">L&#8217;EMPRESA es reserva el dret de denegar i\/o suspendre l&#8217;acc\u00e9s als serveis prestats a www.bodegacanrubi.com per raons de vulneraci\u00f3 de la bona fe contractual, incompliment de la legislaci\u00f3 aplicable, de les presents Condicions Generals de Compra i\/ o en sup\u00f2sits de frau detectats per aquesta empresa i\/o qualsevol dels seus prove\u00efdors.<\/span><\/p><p>\u00a0<\/p><h2><strong>FORMES DE PAGAMENT<\/strong><br \/><strong>TARGETA<\/strong><\/h2><p>Aquesta forma de pagament \u00e9s immediata, c\u00f2moda i segura. En acabar la teva comanda, podr\u00e0s fer el pagament a la p\u00e0gina del banc. Celler Can Rub\u00ed no rebr\u00e0 aquestes dades ni hi tindr\u00e0 acc\u00e9s. Pots associar al teu compte de client tantes targetes com vulguis per fer comandes m\u00e9s r\u00e0pides. Una comanda per targeta es pot pagar a l&#8217;hora seg\u00fcent a la confirmaci\u00f3. Passat aquest temps, si no arriba el pagament, la comanda ser\u00e0 anul\u00b7lada autom\u00e0ticament.<\/p><p>Per seguretat, el teu banc t&#8217;enviar\u00e0 un codi al m\u00f2bil per finalitzar el pagament.\u00a0Per a compres posteriors, el nostre sistema recordar\u00e0 les dades de targeta. Si vols desactivar aquesta funcionalitat nom\u00e9s has d&#8217;accedir a la secci\u00f3 &#8220;Targetes vinculades&#8221; del teu compte d&#8217;usuari i eliminar la targeta que correspongui.<\/p><p>\u00a0<\/p><h2><br \/><strong>TRANSFER\u00c8NCIA<\/strong><\/h2><p>Pots ordenar el pagament a aquest compte:<\/p><p>LA CAIXA: ES2821000108670200226065- SWIFT\/BIC: CAIXESBBXXX<\/p><p>Indica com a Concepte el n\u00famero de la comanda. No cal que ens envi\u00efs el\u00a0justificant de la transfer\u00e8ncia.\u00a0Enviarem la comanda despr\u00e9s de la confirmaci\u00f3 del pagament.<\/p><p>Les transfer\u00e8ncies des d&#8217;entitats diferents poden trigar fins a dos dies h\u00e0bils a arribar-nos (sense comptar caps de setmana ni festius), segons la normativa banc\u00e0ria. Mantenim actives les comandes per transfer\u00e8ncia durant quatre dies naturals. Passat aquest temps, si no s&#8217;ha confirmat el pagament, la comanda ser\u00e0 anul\u00b7lada.<\/p><p>\u00a0<\/p><h2 id=\"tw-target-text\" class=\"tw-data-text tw-text-large tw-ta\" dir=\"ltr\" data-placeholder=\"Traducci\u00f3n\" aria-label=\"Texto traducido\" data-ved=\"2ahUKEwjVsrHj0J2IAxV_qJUCHaawAPAQ3ewLegQIBxAU\"><strong><span class=\"Y2IQFc\" lang=\"ca\">DESPESES D&#8217;ENVIAMENT<\/span><\/strong><\/h2><ul><li class=\"tw-data-text tw-text-large tw-ta\" dir=\"ltr\" data-placeholder=\"Traducci\u00f3n\" aria-label=\"Texto traducido\" data-ved=\"2ahUKEwjVsrHj0J2IAxV_qJUCHaawAPAQ3ewLegQIBxAU\"><span class=\"Y2IQFc\" lang=\"ca\">Tots els nostres enviaments van embolicats en caixes especials per al transport, de manera que assegurem que la seva comanda arribar\u00e0 en perfectes condicions.<\/span><\/li><li class=\"tw-data-text tw-text-large tw-ta\" dir=\"ltr\" data-placeholder=\"Traducci\u00f3n\" aria-label=\"Texto traducido\" data-ved=\"2ahUKEwjVsrHj0J2IAxV_qJUCHaawAPAQ3ewLegQIBxAU\"><span class=\"Y2IQFc\" lang=\"ca\">Tots els nostres enviaments a Espanya Peninsular, Portugal i Balears triguen 3\/4 dies h\u00e0bils a arribar a la destinaci\u00f3 des de la confirmaci\u00f3 del pagament.<\/span><\/li><li class=\"tw-data-text tw-text-large tw-ta\" dir=\"ltr\" data-placeholder=\"Traducci\u00f3n\" aria-label=\"Texto traducido\" data-ved=\"2ahUKEwjVsrHj0J2IAxV_qJUCHaawAPAQ3ewLegQIBxAU\"><span class=\"Y2IQFc\" lang=\"ca\">El cost de la tramesa ser\u00e0 determinat en cada cas particular depenent de la destinaci\u00f3. Aquest valor es calcular\u00e0 en el proc\u00e9s de la compra i ser\u00e0 informat al moment de la liquidaci\u00f3 de l&#8217;ordre, abans que realitzi el pagament. Les despeses de transport s\u00f3n gratu\u00eftes per a enviaments a Mallorca.<\/span><\/li><li class=\"tw-data-text tw-text-large tw-ta\" dir=\"ltr\" data-placeholder=\"Traducci\u00f3n\" aria-label=\"Texto traducido\" data-ved=\"2ahUKEwjVsrHj0J2IAxV_qJUCHaawAPAQ3ewLegQIBxAU\"><span class=\"Y2IQFc\" lang=\"ca\">Les despeses de transport s\u00f3n gratu\u00eftes en compres superiors a 79\u20ac per enviaments a Espanya Peninsular.<\/span><\/li><li class=\"tw-data-text tw-text-large tw-ta\" dir=\"ltr\" data-placeholder=\"Traducci\u00f3n\" aria-label=\"Texto traducido\" data-ved=\"2ahUKEwjVsrHj0J2IAxV_qJUCHaawAPAQ3ewLegQIBxAU\"><span class=\"Y2IQFc\" lang=\"ca\">Per a enviaments a altres pa\u00efsos europeus i Can\u00e0ries consulteu preu enviant un correu a tienda@bodegacanrubi.com amb l&#8217;adre\u00e7a d&#8217;enviament i el nombre d&#8217;ampolles.<\/span><\/li><li class=\"tw-data-text tw-text-large tw-ta\" dir=\"ltr\" data-placeholder=\"Traducci\u00f3n\" aria-label=\"Texto traducido\" data-ved=\"2ahUKEwjVsrHj0J2IAxV_qJUCHaawAPAQ3ewLegQIBxAU\"><span class=\"Y2IQFc\" lang=\"ca\"> Us enviarem el preu de la compra i com fer-la com m\u00e9s aviat millor.<\/span><\/li><li class=\"tw-data-text tw-text-large tw-ta\" dir=\"ltr\" data-placeholder=\"Traducci\u00f3n\" aria-label=\"Texto traducido\" data-ved=\"2ahUKEwjVsrHj0J2IAxV_qJUCHaawAPAQ3ewLegQIBxAU\"><span class=\"Y2IQFc\" lang=\"ca\">Comandes m\u00ednimes de 6 ampolles.<\/span><\/li><\/ul><h2 id=\"tw-target-text\" class=\"tw-data-text tw-text-large tw-ta\" dir=\"ltr\" data-placeholder=\"Traducci\u00f3n\" aria-label=\"Texto traducido\" data-ved=\"2ahUKEwjVsrHj0J2IAxV_qJUCHaawAPAQ3ewLegQIBxAU\"><strong><span class=\"Y2IQFc\" lang=\"ca\">DEVOLUCIONS<\/span><\/strong><\/h2><p id=\"tw-target-text\" class=\"tw-data-text tw-text-large tw-ta\" dir=\"ltr\" data-placeholder=\"Traducci\u00f3n\" aria-label=\"Texto traducido\" data-ved=\"2ahUKEwjVsrHj0J2IAxV_qJUCHaawAPAQ3ewLegQIBxAU\"><span class=\"Y2IQFc\" lang=\"ca\">Condicions Generals per a devolucions <\/span><\/p><p class=\"tw-data-text tw-text-large tw-ta\" dir=\"ltr\" data-placeholder=\"Traducci\u00f3n\" aria-label=\"Texto traducido\" data-ved=\"2ahUKEwjVsrHj0J2IAxV_qJUCHaawAPAQ3ewLegQIBxAU\"><span class=\"Y2IQFc\" lang=\"ca\">Les comandes es poden cancel\u00b7lar sense cap cost fins al moment en qu\u00e8 l&#8217;enviament es fa efectiu (quan us remetem un email amb les dades del mateix). Si rebem av\u00eds de cancel\u00b7laci\u00f3 un cop el paquet ja estigui enviat, es considerar\u00e0 una devoluci\u00f3.<\/span><\/p><p class=\"tw-data-text tw-text-large tw-ta\" dir=\"ltr\" data-placeholder=\"Traducci\u00f3n\" aria-label=\"Texto traducido\" data-ved=\"2ahUKEwjVsrHj0J2IAxV_qJUCHaawAPAQ3ewLegQIBxAU\"><span class=\"Y2IQFc\" lang=\"ca\">Les devolucions es poden fer fins a 7 dies naturals a partir de la recepci\u00f3 de la comanda (en el cas de rebre la seva comanda en diversos enviaments, el termini comen\u00e7ar\u00e0 a comptar a partir de la recepci\u00f3 de l&#8217;\u00faltima) segons les especificacions que segueixen:<\/span><\/p><ol><li dir=\"ltr\" data-placeholder=\"Traducci\u00f3n\" aria-label=\"Texto traducido\" data-ved=\"2ahUKEwjVsrHj0J2IAxV_qJUCHaawAPAQ3ewLegQIBxAU\">No es podr\u00e0 exercir el dret de devoluci\u00f3 quan hi hagi indicis que els productes han estat oberts, manipulats o exposats a condicions inadequades.<\/li><li dir=\"ltr\" data-placeholder=\"Traducci\u00f3n\" aria-label=\"Texto traducido\" data-ved=\"2ahUKEwjVsrHj0J2IAxV_qJUCHaawAPAQ3ewLegQIBxAU\">\u00c9s obligatori tornar els productes protegits correctament, en el seu embalatge original, en perfecte estat per a la venda posterior.<\/li><li dir=\"ltr\" data-placeholder=\"Traducci\u00f3n\" aria-label=\"Texto traducido\" data-ved=\"2ahUKEwjVsrHj0J2IAxV_qJUCHaawAPAQ3ewLegQIBxAU\">No es pot acceptar cap paquet que no tingui algun dels elements d&#8217;identificaci\u00f3 del remitent (nom, cognoms, adre\u00e7a, n\u00famero de comanda). No acceptarem cap canvi o devoluci\u00f3 si pr\u00e8viament no hem rebut cap notificaci\u00f3.<\/li><li dir=\"ltr\" data-placeholder=\"Traducci\u00f3n\" aria-label=\"Texto traducido\" data-ved=\"2ahUKEwjVsrHj0J2IAxV_qJUCHaawAPAQ3ewLegQIBxAU\">La devoluci\u00f3 dels productes sol\u00b7licitats donar\u00e0 lloc al reemborsament de la totalitat de les quantitats abonades per l&#8217;usuari menys les despeses d&#8217;enviament d&#8217;anada i tornada (1). Un cop rebuda la mercaderia als nostres magatzems, i pr\u00e8via comprovaci\u00f3 de l&#8217;estat de la mateixa, es procedir\u00e0 al reintegrament del seu import (pel mateix m\u00e8tode amb qu\u00e8 es va realitzar el pagament).<\/li><li dir=\"ltr\" data-placeholder=\"Traducci\u00f3n\" aria-label=\"Texto traducido\" data-ved=\"2ahUKEwjVsrHj0J2IAxV_qJUCHaawAPAQ3ewLegQIBxAU\">Les despeses d&#8217;enviament s\u00f3n a c\u00e0rrec del client, aix\u00ed com les de devoluci\u00f3.<\/li><\/ol><p id=\"tw-target-text\" class=\"tw-data-text tw-text-large tw-ta\" dir=\"ltr\" data-placeholder=\"Traducci\u00f3n\" aria-label=\"Texto traducido\" data-ved=\"2ahUKEwjVsrHj0J2IAxV_qJUCHaawAPAQ3ewLegQIBxAU\"><span class=\"Y2IQFc\" lang=\"ca\">(1) Queden excloses d&#8217;aquest cas les devolucions que derivin d&#8217;un error nostre o d&#8217;algun defecte del producte. En aquest cas, Bodega Can Rub\u00ed es compromet a canviar el producte defectu\u00f3s per un altre d&#8217;igual o es reintegrar\u00e0 l&#8217;import. <\/span><\/p><p class=\"tw-data-text tw-text-large tw-ta\" dir=\"ltr\" data-placeholder=\"Traducci\u00f3n\" aria-label=\"Texto traducido\" data-ved=\"2ahUKEwjVsrHj0J2IAxV_qJUCHaawAPAQ3ewLegQIBxAU\"><span class=\"Y2IQFc\" lang=\"ca\">Tamb\u00e9 es far\u00e0 c\u00e0rrec de les despeses de devoluci\u00f3 i posterior tramesa. Per fer efectiva una devoluci\u00f3 heu d&#8217;indicar el motiu de la devoluci\u00f3 i el n\u00famero de comanda que voleu tornar enviant un correu a info@bodegacanrubi.com<\/span><\/p>\t\t\t\t\t\t\t\t<\/div>\n\t\t\t\t<\/div>\n\t\t\t\t\t<\/div>\n\t\t<\/div>\n\t\t\t\t\t<\/div>\n\t\t<\/section>\n\t\t\t\t<\/div>\n\t\t","protected":false},"excerpt":{"rendered":"<p>CONDICIONS DE COMPRA TITULAR I CONDICIONS GENERALS DE CONTRACTACI\u00d3 Les presents Condicions Generals de Contractaci\u00f3 -d&#8217;ara endavant CGC-, regulen les condicions de compra dels diferents productes oferts a la nostra web: www.bodegacanrubi.com, de propietat de CELLER CAN RUB\u00cd, S.L. (ara endavant L&#8217;EMPRESA), societat espanyola, amb NIF B57913972, i ubicat al Carrer Ses Teixidors, 23 Pol. [&hellip;]<\/p>\n","protected":false},"author":1,"featured_media":0,"parent":0,"menu_order":0,"comment_status":"closed","ping_status":"closed","template":"","meta":{"om_disable_all_campaigns":false,"_monsterinsights_skip_tracking":false,"_monsterinsights_sitenote_active":false,"_monsterinsights_sitenote_note":"","_monsterinsights_sitenote_category":0,"footnotes":""},"class_list":["post-15216","page","type-page","status-publish","hentry"],"aioseo_notices":[],"_links":{"self":[{"href":"https:\/\/bodegacanrubi.com\/ca\/wp-json\/wp\/v2\/pages\/15216","targetHints":{"allow":["GET"]}}],"collection":[{"href":"https:\/\/bodegacanrubi.com\/ca\/wp-json\/wp\/v2\/pages"}],"about":[{"href":"https:\/\/bodegacanrubi.com\/ca\/wp-json\/wp\/v2\/types\/page"}],"author":[{"embeddable":true,"href":"https:\/\/bodegacanrubi.com\/ca\/wp-json\/wp\/v2\/users\/1"}],"replies":[{"embeddable":true,"href":"https:\/\/bodegacanrubi.com\/ca\/wp-json\/wp\/v2\/comments?post=15216"}],"version-history":[{"count":4,"href":"https:\/\/bodegacanrubi.com\/ca\/wp-json\/wp\/v2\/pages\/15216\/revisions"}],"predecessor-version":[{"id":15223,"href":"https:\/\/bodegacanrubi.com\/ca\/wp-json\/wp\/v2\/pages\/15216\/revisions\/15223"}],"wp:attachment":[{"href":"https:\/\/bodegacanrubi.com\/ca\/wp-json\/wp\/v2\/media?parent=15216"}],"curies":[{"name":"wp","href":"https:\/\/api.w.org\/{rel}","templated":true}]}}