{"id":15211,"date":"2023-06-15T21:19:30","date_gmt":"2023-06-15T19:19:30","guid":{"rendered":"https:\/\/bodegacanrubi.com\/?page_id=15211"},"modified":"2024-09-20T21:38:06","modified_gmt":"2024-09-20T19:38:06","slug":"filosofia-i-valors","status":"publish","type":"page","link":"https:\/\/bodegacanrubi.com\/ca\/filosofia-i-valors\/","title":{"rendered":"Filosofia i valors"},"content":{"rendered":"\t\t<div data-elementor-type=\"wp-page\" data-elementor-id=\"15211\" class=\"elementor elementor-15211 elementor-10802\" data-elementor-post-type=\"page\">\n\t\t\t\t\t\t<section class=\"elementor-section elementor-top-section elementor-element elementor-element-d1b8f96 elementor-section-stretched elementor-section-boxed elementor-section-height-default elementor-section-height-default\" data-id=\"d1b8f96\" data-element_type=\"section\" data-e-type=\"section\" data-settings=\"{&quot;stretch_section&quot;:&quot;section-stretched&quot;}\">\n\t\t\t\t\t\t<div class=\"elementor-container elementor-column-gap-default\">\n\t\t\t\t\t<div class=\"elementor-column elementor-col-50 elementor-top-column elementor-element elementor-element-cbac6c2 left-banner-about\" data-id=\"cbac6c2\" data-element_type=\"column\" data-e-type=\"column\" data-settings=\"{&quot;background_background&quot;:&quot;classic&quot;}\">\n\t\t\t<div class=\"elementor-widget-wrap elementor-element-populated\">\n\t\t\t\t\t\t<section class=\"elementor-section elementor-inner-section elementor-element elementor-element-50f714b elementor-section-height-min-height elementor-section-boxed elementor-section-height-default\" data-id=\"50f714b\" data-element_type=\"section\" data-e-type=\"section\">\n\t\t\t\t\t\t<div class=\"elementor-container elementor-column-gap-default\">\n\t\t\t\t\t<div class=\"elementor-column elementor-col-100 elementor-inner-column elementor-element elementor-element-81ebdfb left-banner-about\" data-id=\"81ebdfb\" data-element_type=\"column\" data-e-type=\"column\" data-settings=\"{&quot;background_background&quot;:&quot;classic&quot;}\">\n\t\t\t<div class=\"elementor-widget-wrap\">\n\t\t\t\t\t\t\t<\/div>\n\t\t<\/div>\n\t\t\t\t\t<\/div>\n\t\t<\/section>\n\t\t\t\t\t<\/div>\n\t\t<\/div>\n\t\t\t\t<div class=\"elementor-column elementor-col-50 elementor-top-column elementor-element elementor-element-52b42b7 banner-about-us2\" data-id=\"52b42b7\" data-element_type=\"column\" data-e-type=\"column\">\n\t\t\t<div class=\"elementor-widget-wrap elementor-element-populated\">\n\t\t\t\t\t\t<div class=\"elementor-element elementor-element-e9e96d3 text-block-wapper-1 elementor-widget elementor-widget-text-editor\" data-id=\"e9e96d3\" data-element_type=\"widget\" data-e-type=\"widget\" data-widget_type=\"text-editor.default\">\n\t\t\t\t<div class=\"elementor-widget-container\">\n\t\t\t\t\t\t\t\t\t<div class=\"box-title\"><div class=\"subtitle\">\u00a0<\/div><h2>Valors que ens defineixen<\/h2><\/div>\t\t\t\t\t\t\t\t<\/div>\n\t\t\t\t<\/div>\n\t\t\t\t<div class=\"elementor-element elementor-element-70bf3cc text-block-wapper-1 elementor-widget elementor-widget-text-editor\" data-id=\"70bf3cc\" data-element_type=\"widget\" data-e-type=\"widget\" data-widget_type=\"text-editor.default\">\n\t\t\t\t<div class=\"elementor-widget-container\">\n\t\t\t\t\t\t\t\t\t<div class=\"desc\"><p id=\"tw-target-text\" class=\"tw-data-text tw-text-large tw-ta\" dir=\"ltr\" data-placeholder=\"Traducci\u00f3n\" aria-label=\"Texto traducido\" data-ved=\"2ahUKEwjVsrHj0J2IAxV_qJUCHaawAPAQ3ewLegQIBxAU\"><strong><span class=\"Y2IQFc\" lang=\"ca\">Tradici\u00f3<\/span><\/strong><\/p><p id=\"tw-target-text\" class=\"tw-data-text tw-text-large tw-ta\" dir=\"ltr\" data-placeholder=\"Traducci\u00f3n\" aria-label=\"Texto traducido\" data-ved=\"2ahUKEwjVsrHj0J2IAxV_qJUCHaawAPAQ3ewLegQIBxAU\"><span class=\"Y2IQFc\" lang=\"ca\">El nostre llegat familiar s&#8217;ha transm\u00e8s de generaci\u00f3 en generaci\u00f3, tot preservant la passi\u00f3 i el coneixement acumulat al llarg dels anys.<\/span><\/p><p><strong>Qualitat<\/strong><\/p><p id=\"tw-target-text\" class=\"tw-data-text tw-text-large tw-ta\" dir=\"ltr\" data-placeholder=\"Traducci\u00f3n\" aria-label=\"Texto traducido\" data-ved=\"2ahUKEwjVsrHj0J2IAxV_qJUCHaawAPAQ3ewLegQIBxAU\"><span class=\"Y2IQFc\" lang=\"ca\">Ens esforcem per produir vins d&#8217;alta qualitat, tenint cura de cada detall, des del cultiu del ra\u00efm fins a la vinificaci\u00f3 i l&#8217;embotellat.<\/span><\/p><p id=\"tw-target-text\" class=\"tw-data-text tw-text-large tw-ta\" dir=\"ltr\" data-placeholder=\"Traducci\u00f3n\" aria-label=\"Texto traducido\" data-ved=\"2ahUKEwjVsrHj0J2IAxV_qJUCHaawAPAQ3ewLegQIBxAU\"><strong><span class=\"Y2IQFc\" lang=\"ca\">Respecte per la terra<\/span><\/strong><\/p><p id=\"tw-target-text\" class=\"tw-data-text tw-text-large tw-ta\" dir=\"ltr\" data-placeholder=\"Traducci\u00f3n\" aria-label=\"Texto traducido\" data-ved=\"2ahUKEwjVsrHj0J2IAxV_qJUCHaawAPAQ3ewLegQIBxAU\"><span class=\"Y2IQFc\" lang=\"ca\">Valorem i protegim el nostre entorn natural, aplicant pr\u00e0ctiques sostenibles a les nostres vinyes i celler.<\/span><\/p><p id=\"tw-target-text\" class=\"tw-data-text tw-text-large tw-ta\" dir=\"ltr\" data-placeholder=\"Traducci\u00f3n\" aria-label=\"Texto traducido\" data-ved=\"2ahUKEwjVsrHj0J2IAxV_qJUCHaawAPAQ3ewLegQIBxAU\"><strong><span class=\"Y2IQFc\" lang=\"ca\">Excel\u00b7l\u00e8ncia<\/span><\/strong><\/p><p style=\"text-align: justify;\">Busquem constantment l&#8217;excel\u00b7l\u00e8ncia en tot all\u00f2 que fem, des de la selecci\u00f3 dels millors ra\u00efms fins a la innovaci\u00f3 en t\u00e8cniques i processos.<\/p><p id=\"tw-target-text\" class=\"tw-data-text tw-text-large tw-ta\" dir=\"ltr\" data-placeholder=\"Traducci\u00f3n\" aria-label=\"Texto traducido\" data-ved=\"2ahUKEwjVsrHj0J2IAxV_qJUCHaawAPAQ3ewLegQIBxAU\"><strong><span class=\"Y2IQFc\" lang=\"ca\">Passi\u00f3<\/span><\/strong><\/p><p id=\"tw-target-text\" class=\"tw-data-text tw-text-large tw-ta\" dir=\"ltr\" data-placeholder=\"Traducci\u00f3n\" aria-label=\"Texto traducido\" data-ved=\"2ahUKEwjVsrHj0J2IAxV_qJUCHaawAPAQ3ewLegQIBxAU\"><span class=\"Y2IQFc\" lang=\"ca\">La nostra dedicaci\u00f3 i amor per la vitivinicultura es reflecteixen a cada vi que produ\u00efm, creant experi\u00e8ncies \u00faniques per als amants del bon vi.<\/span><\/p><p id=\"tw-target-text\" class=\"tw-data-text tw-text-large tw-ta\" dir=\"ltr\" data-placeholder=\"Traducci\u00f3n\" aria-label=\"Texto traducido\" data-ved=\"2ahUKEwjVsrHj0J2IAxV_qJUCHaawAPAQ3ewLegQIBxAU\"><span class=\"Y2IQFc\" lang=\"ca\">Aquests valors fonamentals ens guien al nostre comprom\u00eds d&#8217;oferir vins de qualitat que reflecteixin la hist\u00f2ria i l&#8217;esperit de la fam\u00edlia Rub\u00ed.<\/span><\/p><\/div>\t\t\t\t\t\t\t\t<\/div>\n\t\t\t\t<\/div>\n\t\t\t\t<div class=\"elementor-element elementor-element-4b490fe elementor-widget elementor-widget-html\" data-id=\"4b490fe\" data-element_type=\"widget\" data-e-type=\"widget\" data-widget_type=\"html.default\">\n\t\t\t\t<div class=\"elementor-widget-container\">\n\t\t\t\t\t<style>\n    .bwp-main .page-title {\n    background-image: url(https:\/\/bodegacanrubi.com\/wp-content\/uploads\/2023\/07\/filosofia-header.jpg)!important;\n    background-position: center 50%;\n}\n<\/style>\t\t\t\t<\/div>\n\t\t\t\t<\/div>\n\t\t\t\t\t<\/div>\n\t\t<\/div>\n\t\t\t\t\t<\/div>\n\t\t<\/section>\n\t\t\t\t<\/div>\n\t\t","protected":false},"excerpt":{"rendered":"<p>\u00a0 Valors que ens defineixen Tradici\u00f3 El nostre llegat familiar s&#8217;ha transm\u00e8s de generaci\u00f3 en generaci\u00f3, tot preservant la passi\u00f3 i el coneixement acumulat al llarg dels anys. Qualitat Ens esforcem per produir vins d&#8217;alta qualitat, tenint cura de cada detall, des del cultiu del ra\u00efm fins a la vinificaci\u00f3 i l&#8217;embotellat. Respecte per la [&hellip;]<\/p>\n","protected":false},"author":1,"featured_media":0,"parent":0,"menu_order":0,"comment_status":"closed","ping_status":"closed","template":"","meta":{"om_disable_all_campaigns":false,"_monsterinsights_skip_tracking":false,"_monsterinsights_sitenote_active":false,"_monsterinsights_sitenote_note":"","_monsterinsights_sitenote_category":0,"footnotes":""},"class_list":["post-15211","page","type-page","status-publish","hentry"],"aioseo_notices":[],"_links":{"self":[{"href":"https:\/\/bodegacanrubi.com\/ca\/wp-json\/wp\/v2\/pages\/15211","targetHints":{"allow":["GET"]}}],"collection":[{"href":"https:\/\/bodegacanrubi.com\/ca\/wp-json\/wp\/v2\/pages"}],"about":[{"href":"https:\/\/bodegacanrubi.com\/ca\/wp-json\/wp\/v2\/types\/page"}],"author":[{"embeddable":true,"href":"https:\/\/bodegacanrubi.com\/ca\/wp-json\/wp\/v2\/users\/1"}],"replies":[{"embeddable":true,"href":"https:\/\/bodegacanrubi.com\/ca\/wp-json\/wp\/v2\/comments?post=15211"}],"version-history":[{"count":12,"href":"https:\/\/bodegacanrubi.com\/ca\/wp-json\/wp\/v2\/pages\/15211\/revisions"}],"predecessor-version":[{"id":16596,"href":"https:\/\/bodegacanrubi.com\/ca\/wp-json\/wp\/v2\/pages\/15211\/revisions\/16596"}],"wp:attachment":[{"href":"https:\/\/bodegacanrubi.com\/ca\/wp-json\/wp\/v2\/media?parent=15211"}],"curies":[{"name":"wp","href":"https:\/\/api.w.org\/{rel}","templated":true}]}}