{"id":15188,"date":"2020-02-26T09:20:10","date_gmt":"2020-02-26T08:20:10","guid":{"rendered":"https:\/\/bodegacanrubi.com\/bodega\/"},"modified":"2024-09-20T21:29:33","modified_gmt":"2024-09-20T19:29:33","slug":"bodega","status":"publish","type":"page","link":"https:\/\/bodegacanrubi.com\/ca\/bodega\/","title":{"rendered":"Celler"},"content":{"rendered":"\t\t<div data-elementor-type=\"wp-page\" data-elementor-id=\"15188\" class=\"elementor elementor-15188\" data-elementor-post-type=\"page\">\n\t\t\t\t\t\t<section class=\"elementor-section elementor-top-section elementor-element elementor-element-6f0ad6e elementor-section-stretched ourteam-content elementor-section-boxed elementor-section-height-default elementor-section-height-default\" data-id=\"6f0ad6e\" data-element_type=\"section\" data-e-type=\"section\" data-settings=\"{&quot;stretch_section&quot;:&quot;section-stretched&quot;,&quot;background_background&quot;:&quot;classic&quot;}\">\n\t\t\t\t\t\t<div class=\"elementor-container elementor-column-gap-default\">\n\t\t\t\t\t<div class=\"elementor-column elementor-col-50 elementor-top-column elementor-element elementor-element-c9e6bce\" data-id=\"c9e6bce\" data-element_type=\"column\" data-e-type=\"column\" data-settings=\"{&quot;background_background&quot;:&quot;slideshow&quot;,&quot;background_slideshow_gallery&quot;:[],&quot;background_slideshow_loop&quot;:&quot;yes&quot;,&quot;background_slideshow_slide_duration&quot;:5000,&quot;background_slideshow_slide_transition&quot;:&quot;fade&quot;,&quot;background_slideshow_transition_duration&quot;:500}\">\n\t\t\t<div class=\"elementor-widget-wrap elementor-element-populated\">\n\t\t\t\t\t\t<section class=\"elementor-section elementor-inner-section elementor-element elementor-element-4fecb46 elementor-section-height-min-height elementor-section-boxed elementor-section-height-default\" data-id=\"4fecb46\" data-element_type=\"section\" data-e-type=\"section\">\n\t\t\t\t\t\t<div class=\"elementor-container elementor-column-gap-default\">\n\t\t\t\t\t<div class=\"elementor-column elementor-col-100 elementor-inner-column elementor-element elementor-element-b2a702a\" data-id=\"b2a702a\" data-element_type=\"column\" data-e-type=\"column\" data-settings=\"{&quot;background_background&quot;:&quot;slideshow&quot;,&quot;background_slideshow_gallery&quot;:[{&quot;id&quot;:10784,&quot;url&quot;:&quot;https:\\\/\\\/bodegacanrubi.com\\\/wp-content\\\/uploads\\\/2023\\\/06\\\/OSP08198.jpg&quot;},{&quot;id&quot;:12796,&quot;url&quot;:&quot;https:\\\/\\\/bodegacanrubi.com\\\/wp-content\\\/uploads\\\/2023\\\/08\\\/OSP08189.jpg&quot;},{&quot;id&quot;:12804,&quot;url&quot;:&quot;https:\\\/\\\/bodegacanrubi.com\\\/wp-content\\\/uploads\\\/2023\\\/08\\\/OSP08212-1.jpg&quot;}],&quot;background_slideshow_loop&quot;:&quot;yes&quot;,&quot;background_slideshow_slide_duration&quot;:5000,&quot;background_slideshow_slide_transition&quot;:&quot;fade&quot;,&quot;background_slideshow_transition_duration&quot;:500}\">\n\t\t\t<div class=\"elementor-widget-wrap\">\n\t\t\t\t\t\t\t<\/div>\n\t\t<\/div>\n\t\t\t\t\t<\/div>\n\t\t<\/section>\n\t\t\t\t\t<\/div>\n\t\t<\/div>\n\t\t\t\t<div class=\"elementor-column elementor-col-50 elementor-top-column elementor-element elementor-element-e0103a9\" data-id=\"e0103a9\" data-element_type=\"column\" data-e-type=\"column\">\n\t\t\t<div class=\"elementor-widget-wrap elementor-element-populated\">\n\t\t\t\t\t\t<div class=\"elementor-element elementor-element-248ab3d text-block-wapper-1 elementor-widget elementor-widget-text-editor\" data-id=\"248ab3d\" data-element_type=\"widget\" data-e-type=\"widget\" data-widget_type=\"text-editor.default\">\n\t\t\t\t<div class=\"elementor-widget-container\">\n\t\t\t\t\t\t\t\t\t<h2 style=\"text-align: left;\">Tradici\u00f3 i Tecnologia<\/h2>\t\t\t\t\t\t\t\t<\/div>\n\t\t\t\t<\/div>\n\t\t\t\t<div class=\"elementor-element elementor-element-5908219 text-block-wapper-1 elementor-widget elementor-widget-text-editor\" data-id=\"5908219\" data-element_type=\"widget\" data-e-type=\"widget\" data-widget_type=\"text-editor.default\">\n\t\t\t\t<div class=\"elementor-widget-container\">\n\t\t\t\t\t\t\t\t\t<div class=\"desc\">El nostre celler combina tradici\u00f3 i tecnologia. Comptem amb un antic celler familiar, equipat amb dip\u00f2sits de ciment subterranis, que es conserva com un tresor del nostre llegat. El 1988, vam inaugurar un nou celler amb aven\u00e7os tecnol\u00f2gics.<\/div><div class=\"desc\"><br \/>El 2018, vam traslladar tot el celler a Son Ll\u00fct i afegim m\u00e9s dip\u00f2sits i maquin\u00e0ries modernes. Per a la verema, comptem amb una desrapatadora, una premsa pneum\u00e0tica i dip\u00f2sits d&#8217;acer inoxidables connectats a una m\u00e0quina de fred per controlar la temperatura de fermentaci\u00f3 de forma autom\u00e0tica. A m\u00e9s, disposem de sistemes de filtraci\u00f3 per garantir la qualitat dels nostres vins.<\/div><div class=\"desc\"><br \/>En el proc\u00e9s d&#8217;embotellament, comptem amb un tren d&#8217;embotellat modern que inclou una rentadora d&#8217;ampolles, un despaletitzador, una bancada de microfiltraci\u00f3, una embotelladora taponadora i etiquetadora. A la nostra sala de crian\u00e7a i rep\u00f2s, hi ha b\u00f3tes de roure americ\u00e0 i hongar\u00e8s, amb un control automatitzat de temperatura i humitat.<\/div><div class=\"desc\"><br \/>A Bodega Can Rub\u00ed, fusionem el millor del passat i la innovaci\u00f3 tecnol\u00f2gica per crear vins excepcionals. Cada pas del proc\u00e9s, des de la verema fins a l&#8217;embotellament i la crian\u00e7a, es fa amb passi\u00f3 i dedicaci\u00f3.<\/div>\t\t\t\t\t\t\t\t<\/div>\n\t\t\t\t<\/div>\n\t\t\t\t<div class=\"elementor-element elementor-element-ab30c41 elementor-widget elementor-widget-html\" data-id=\"ab30c41\" data-element_type=\"widget\" data-e-type=\"widget\" data-widget_type=\"html.default\">\n\t\t\t\t<div class=\"elementor-widget-container\">\n\t\t\t\t\t<style>\n    .bwp-main .page-title {\n    background-image: url(https:\/\/bodegacanrubi.com\/wp-content\/uploads\/2023\/08\/Encabezado-bodega-.jpg)!important;\n    background-position: center 50%;\n}\n<\/style>\t\t\t\t<\/div>\n\t\t\t\t<\/div>\n\t\t\t\t\t<\/div>\n\t\t<\/div>\n\t\t\t\t\t<\/div>\n\t\t<\/section>\n\t\t\t\t<\/div>\n\t\t","protected":false},"excerpt":{"rendered":"<p>Tradici\u00f3 i Tecnologia El nostre celler combina tradici\u00f3 i tecnologia. Comptem amb un antic celler familiar, equipat amb dip\u00f2sits de ciment subterranis, que es conserva com un tresor del nostre llegat. El 1988, vam inaugurar un nou celler amb aven\u00e7os tecnol\u00f2gics.El 2018, vam traslladar tot el celler a Son Ll\u00fct i afegim m\u00e9s dip\u00f2sits i [&hellip;]<\/p>\n","protected":false},"author":2,"featured_media":0,"parent":0,"menu_order":0,"comment_status":"closed","ping_status":"closed","template":"","meta":{"om_disable_all_campaigns":false,"_monsterinsights_skip_tracking":false,"_monsterinsights_sitenote_active":false,"_monsterinsights_sitenote_note":"","_monsterinsights_sitenote_category":0,"footnotes":""},"class_list":["post-15188","page","type-page","status-publish","hentry"],"aioseo_notices":[],"_links":{"self":[{"href":"https:\/\/bodegacanrubi.com\/ca\/wp-json\/wp\/v2\/pages\/15188","targetHints":{"allow":["GET"]}}],"collection":[{"href":"https:\/\/bodegacanrubi.com\/ca\/wp-json\/wp\/v2\/pages"}],"about":[{"href":"https:\/\/bodegacanrubi.com\/ca\/wp-json\/wp\/v2\/types\/page"}],"author":[{"embeddable":true,"href":"https:\/\/bodegacanrubi.com\/ca\/wp-json\/wp\/v2\/users\/2"}],"replies":[{"embeddable":true,"href":"https:\/\/bodegacanrubi.com\/ca\/wp-json\/wp\/v2\/comments?post=15188"}],"version-history":[{"count":11,"href":"https:\/\/bodegacanrubi.com\/ca\/wp-json\/wp\/v2\/pages\/15188\/revisions"}],"predecessor-version":[{"id":16575,"href":"https:\/\/bodegacanrubi.com\/ca\/wp-json\/wp\/v2\/pages\/15188\/revisions\/16575"}],"wp:attachment":[{"href":"https:\/\/bodegacanrubi.com\/ca\/wp-json\/wp\/v2\/media?parent=15188"}],"curies":[{"name":"wp","href":"https:\/\/api.w.org\/{rel}","templated":true}]}}